{"id":7501,"date":"2017-04-24T17:42:34","date_gmt":"2017-04-24T17:42:34","guid":{"rendered":"http:\/\/www.hoodtheme.com\/?page_id=7501"},"modified":"2024-07-15T15:19:28","modified_gmt":"2024-07-15T15:19:28","slug":"contactenos","status":"publish","type":"page","link":"https:\/\/www.innovaseguros.cr\/?page_id=7501","title":{"rendered":"Cont\u00e1ctenos"},"content":{"rendered":"<p>[vc_row full_width=&#8221;stretch_row_content_no_spaces&#8221;][vc_column width=&#8221;1\/6&#8243;][\/vc_column][vc_column width=&#8221;2\/3&#8243;][vc_empty_space][vc_custom_heading text=&#8221;Cont\u00e1ctenos&#8221; font_container=&#8221;tag:h1|font_size:36|text_align:center&#8221; google_fonts=&#8221;font_family:Lato%3A100%2C100italic%2C300%2C300italic%2Cregular%2Citalic%2C700%2C700italic%2C900%2C900italic|font_style:700%20bold%20regular%3A700%3Anormal&#8221;][vc_empty_space height=&#8221;20px&#8221;]\n<div class=\"wpcf7 no-js\" id=\"wpcf7-f31370-o1\" lang=\"es-ES\" dir=\"ltr\" data-wpcf7-id=\"31370\">\n<div class=\"screen-reader-response\"><p role=\"status\" aria-live=\"polite\" aria-atomic=\"true\"><\/p> <ul><\/ul><\/div>\n<form action=\"\/index.php?rest_route=%2Fwp%2Fv2%2Fpages%2F7501#wpcf7-f31370-o1\" method=\"post\" class=\"wpcf7-form init\" aria-label=\"Formulario de contacto\" novalidate=\"novalidate\" data-status=\"init\">\n<fieldset class=\"hidden-fields-container\"><input type=\"hidden\" name=\"_wpcf7\" value=\"31370\" \/><input type=\"hidden\" name=\"_wpcf7_version\" value=\"6.1.5\" \/><input type=\"hidden\" name=\"_wpcf7_locale\" value=\"es_ES\" \/><input type=\"hidden\" name=\"_wpcf7_unit_tag\" value=\"wpcf7-f31370-o1\" \/><input type=\"hidden\" name=\"_wpcf7_container_post\" value=\"0\" \/><input type=\"hidden\" name=\"_wpcf7_posted_data_hash\" value=\"\" \/>\n<\/fieldset>\n<p><label><span class=\"wpcf7-form-control-wrap\" data-name=\"nombre\"><input size=\"40\" maxlength=\"400\" class=\"wpcf7-form-control wpcf7-text wpcf7-validates-as-required\" aria-required=\"true\" aria-invalid=\"false\" placeholder=\"Nombre\" value=\"\" type=\"text\" name=\"nombre\" \/><\/span> <\/label>\n<\/p>\n<p><label><span class=\"wpcf7-form-control-wrap\" data-name=\"email\"><input size=\"40\" maxlength=\"400\" class=\"wpcf7-form-control wpcf7-email wpcf7-validates-as-required wpcf7-text wpcf7-validates-as-email\" aria-required=\"true\" aria-invalid=\"false\" placeholder=\"Correo electr\u00f3nico\" value=\"\" type=\"email\" name=\"email\" \/><\/span> <\/label>\n<\/p>\n<p><label><span class=\"wpcf7-form-control-wrap\" data-name=\"telefono\"><input size=\"40\" maxlength=\"400\" class=\"wpcf7-form-control wpcf7-text\" aria-invalid=\"false\" placeholder=\"Tel\u00e9fono\" value=\"\" type=\"text\" name=\"telefono\" \/><\/span> <\/label>\n<\/p>\n<p>Seguro de inter\u00e9s:<br \/>\n<label><span class=\"wpcf7-form-control-wrap\" data-name=\"seguro\"><select class=\"wpcf7-form-control wpcf7-select\" aria-invalid=\"false\" name=\"seguro\"><option value=\"\">&#8212;Por favor, elige una opci\u00f3n&#8212;<\/option><option value=\"Seguro empresarial\">Seguro empresarial<\/option><option value=\"Seguro de vida\">Seguro de vida<\/option><option value=\"Seguro de salud\">Seguro de salud<\/option><option value=\"Seguro de autom\u00f3vil\">Seguro de autom\u00f3vil<\/option><option value=\"Seguro de hogar\">Seguro de hogar<\/option><option value=\"Seguro bicicleta\">Seguro bicicleta<\/option><\/select><\/span><\/label>\n<\/p>\n<p><span class=\"wpcf7-form-control-wrap\" data-name=\"Comentario\"><textarea cols=\"40\" rows=\"10\" maxlength=\"2000\" class=\"wpcf7-form-control wpcf7-textarea\" aria-invalid=\"false\" name=\"Comentario\"><\/textarea><\/span>\n<\/p>\n<p><input class=\"wpcf7-form-control wpcf7-submit has-spinner\" type=\"submit\" value=\"Enviar\" \/>\n<\/p><p style=\"display: none !important;\" class=\"akismet-fields-container\" data-prefix=\"_wpcf7_ak_\"><label>&#916;<textarea name=\"_wpcf7_ak_hp_textarea\" cols=\"45\" rows=\"8\" maxlength=\"100\"><\/textarea><\/label><input type=\"hidden\" id=\"ak_js_1\" name=\"_wpcf7_ak_js\" value=\"36\"\/><script>document.getElementById( \"ak_js_1\" ).setAttribute( \"value\", ( new Date() ).getTime() );<\/script><\/p><div class=\"wpcf7-response-output\" aria-hidden=\"true\"><\/div>\n<\/form>\n<\/div>\n[\/vc_column][vc_column width=&#8221;1\/6&#8243;][vc_empty_space]<div data-id=\"mpc_image-769e053cae302c\" onclick=\"\" class=\"mpc-image mpc-init \" ><a href=\"https:\/\/www.innovaseguros.cr\/?page_id=32358\" title=\"\"  class=\"mpc-item mpc-transition\"><img loading=\"lazy\" decoding=\"async\" width=\"640\" height=\"263\" src=\"https:\/\/www.innovaseguros.cr\/wp-content\/uploads\/2021\/12\/btn-directorio2-1024x420.png\" class=\"mpc-transition attachment-large\" alt=\"\" srcset=\"https:\/\/www.innovaseguros.cr\/wp-content\/uploads\/2021\/12\/btn-directorio2-1024x420.png 1024w, https:\/\/www.innovaseguros.cr\/wp-content\/uploads\/2021\/12\/btn-directorio2-300x123.png 300w, https:\/\/www.innovaseguros.cr\/wp-content\/uploads\/2021\/12\/btn-directorio2-768x315.png 768w, https:\/\/www.innovaseguros.cr\/wp-content\/uploads\/2021\/12\/btn-directorio2-1536x630.png 1536w, https:\/\/www.innovaseguros.cr\/wp-content\/uploads\/2021\/12\/btn-directorio2-500x205.png 500w, https:\/\/www.innovaseguros.cr\/wp-content\/uploads\/2021\/12\/btn-directorio2.png 1801w\" sizes=\"auto, (max-width: 640px) 100vw, 640px\" \/><\/a><\/div>[\/vc_column][\/vc_row][vc_row css=&#8221;.vc_custom_1472564633924{margin-top: -30px !important;}&#8221;][vc_column css=&#8221;.vc_custom_1480350449598{padding-top: 40px !important;padding-left: 30px !important;}&#8221;][vc_custom_heading text=&#8221;Oficinas Centrales&#8221; font_container=&#8221;tag:h1|font_size:36|text_align:center&#8221; google_fonts=&#8221;font_family:Lato%3A100%2C100italic%2C300%2C300italic%2Cregular%2Citalic%2C700%2C700italic%2C900%2C900italic|font_style:700%20bold%20regular%3A700%3Anormal&#8221;][vc_raw_html]JTNDaWZyYW1lJTIwc3JjJTNEJTIyaHR0cHMlM0ElMkYlMkZ3d3cuZ29vZ2xlLmNvbSUyRm1hcHMlMkZlbWJlZCUzRnBiJTNEJTIxMW0xOCUyMTFtMTIlMjExbTMlMjExZDM5MjkuOTcxNjA0MDI2NzY2MyUyMTJkLTg0LjA5ODcyMzg4NTI1ODM3JTIxM2Q5LjkzNjMyMDU5Mjg5NDgyNyUyMTJtMyUyMTFmMCUyMTJmMCUyMTNmMCUyMTNtMiUyMTFpMTAyNCUyMTJpNzY4JTIxNGYxMy4xJTIxM20zJTIxMW0yJTIxMXMweDhmYTBlMzU0MzM5NjE2YTclMjUzQTB4MzE1M2U3MjlhYTJmMjZhYiUyMTJzQ2VudHJvJTI1MjBDb2wlMjVDMyUyNUIzbiUyMTVlMCUyMTNtMiUyMTFzZXMtNDE5JTIxMnNjciUyMTR2MTYxNzY4NjI0MTYwMyUyMTVtMiUyMTFzZXMtNDE5JTIxMnNjciUyMiUyMHdpZHRoJTNEJTIyMTIwMCUyMiUyMGhlaWdodCUzRCUyMjQwMCUyMiUyMHN0eWxlJTNEJTIyYm9yZGVyJTNBMCUzQiUyMiUyMGFsbG93ZnVsbHNjcmVlbiUzRCUyMiUyMiUyMGxvYWRpbmclM0QlMjJsYXp5JTIyJTNFJTNDJTJGaWZyYW1lJTNF[\/vc_raw_html][\/vc_column][\/vc_row]<\/p>\n","protected":false},"excerpt":{"rendered":"<p>[vc_row full_width=&#8221;stretch_row_content_no_spaces&#8221;][vc_column width=&#8221;1\/6&#8243;][\/vc_column][vc_column width=&#8221;2\/3&#8243;][vc_empty_space][vc_custom_heading text=&#8221;Cont\u00e1ctenos&#8221; font_container=&#8221;tag:h1|font_size:36|text_align:center&#8221; google_fonts=&#8221;font_family:Lato%3A100%2C100italic%2C300%2C300italic%2Cregular%2Citalic%2C700%2C700italic%2C900%2C900italic|font_style:700%20bold%20regular%3A700%3Anormal&#8221;][vc_empty_space height=&#8221;20px&#8221;][\/vc_column][vc_column width=&#8221;1\/6&#8243;][vc_empty_space][\/vc_column][\/vc_row][vc_row css=&#8221;.vc_custom_1472564633924{margin-top: -30px !important;}&#8221;][vc_column css=&#8221;.vc_custom_1480350449598{padding-top: 40px !important;padding-left: 30px !important;}&#8221;][vc_custom_heading text=&#8221;Oficinas Centrales&#8221; font_container=&#8221;tag:h1|font_size:36|text_align:center&#8221; google_fonts=&#8221;font_family:Lato%3A100%2C100italic%2C300%2C300italic%2Cregular%2Citalic%2C700%2C700italic%2C900%2C900italic|font_style:700%20bold%20regular%3A700%3Anormal&#8221;][vc_raw_html]JTNDaWZyYW1lJTIwc3JjJTNEJTIyaHR0cHMlM0ElMkYlMkZ3d3cuZ29vZ2xlLmNvbSUyRm1hcHMlMkZlbWJlZCUzRnBiJTNEJTIxMW0xOCUyMTFtMTIlMjExbTMlMjExZDM5MjkuOTcxNjA0MDI2NzY2MyUyMTJkLTg0LjA5ODcyMzg4NTI1ODM3JTIxM2Q5LjkzNjMyMDU5Mjg5NDgyNyUyMTJtMyUyMTFmMCUyMTJmMCUyMTNmMCUyMTNtMiUyMTFpMTAyNCUyMTJpNzY4JTIxNGYxMy4xJTIxM20zJTIxMW0yJTIxMXMweDhmYTBlMzU0MzM5NjE2YTclMjUzQTB4MzE1M2U3MjlhYTJmMjZhYiUyMTJzQ2VudHJvJTI1MjBDb2wlMjVDMyUyNUIzbiUyMTVlMCUyMTNtMiUyMTFzZXMtNDE5JTIxMnNjciUyMTR2MTYxNzY4NjI0MTYwMyUyMTVtMiUyMTFzZXMtNDE5JTIxMnNjciUyMiUyMHdpZHRoJTNEJTIyMTIwMCUyMiUyMGhlaWdodCUzRCUyMjQwMCUyMiUyMHN0eWxlJTNEJTIyYm9yZGVyJTNBMCUzQiUyMiUyMGFsbG93ZnVsbHNjcmVlbiUzRCUyMiUyMiUyMGxvYWRpbmclM0QlMjJsYXp5JTIyJTNFJTNDJTJGaWZyYW1lJTNF[\/vc_raw_html][\/vc_column][\/vc_row]<\/p>\n","protected":false},"author":1,"featured_media":0,"parent":0,"menu_order":0,"comment_status":"closed","ping_status":"closed","template":"","meta":{"footnotes":""},"class_list":["post-7501","page","type-page","status-publish","hentry"],"featured_image_urls_v2":{"full":"","thumbnail":"","medium":"","medium_large":"","large":"","1536x1536":"","2048x2048":"","the_grid_size1":"","the_grid_size2":"","the_grid_size3":"","the_grid_size4":"","the_grid_size5":"","mf-theme-category-hrz":"","mf-theme-blog-full":"","mf_image_shop_carousel":"","post-thumbnail":"","woocommerce_thumbnail":"","woocommerce_single":"","woocommerce_gallery_thumbnail":""},"post_excerpt_stackable_v2":"<p>[vc_row full_width=&#8221;stretch_row_content_no_spaces&#8221;][vc_column width=&#8221;1\/6&#8243;][\/vc_column][vc_column width=&#8221;2\/3&#8243;][vc_empty_space][vc_custom_heading text=&#8221;Cont\u00e1ctenos&#8221; font_container=&#8221;tag:h1|font_size:36|text_align:center&#8221; google_fonts=&#8221;font_family:Lato%3A100%2C100italic%2C300%2C300italic%2Cregular%2Citalic%2C700%2C700italic%2C900%2C900italic|font_style:700%20bold%20regular%3A700%3Anormal&#8221;][vc_empty_space height=&#8221;20px&#8221;] Seguro de inter\u00e9s: &#8212;Por favor, elige una opci\u00f3n&#8212;Seguro empresarialSeguro de vidaSeguro de saludSeguro de autom\u00f3vilSeguro de hogarSeguro bicicleta &#916; [\/vc_column][vc_column width=&#8221;1\/6&#8243;][vc_empty_space][\/vc_column][\/vc_row][vc_row css=&#8221;.vc_custom_1472564633924{margin-top: -30px !important;}&#8221;][vc_column css=&#8221;.vc_custom_1480350449598{padding-top: 40px !important;padding-left: 30px !important;}&#8221;][vc_custom_heading text=&#8221;Oficinas Centrales&#8221; font_container=&#8221;tag:h1|font_size:36|text_align:center&#8221; google_fonts=&#8221;font_family:Lato%3A100%2C100italic%2C300%2C300italic%2Cregular%2Citalic%2C700%2C700italic%2C900%2C900italic|font_style:700%20bold%20regular%3A700%3Anormal&#8221;][vc_raw_html]JTNDaWZyYW1lJTIwc3JjJTNEJTIyaHR0cHMlM0ElMkYlMkZ3d3cuZ29vZ2xlLmNvbSUyRm1hcHMlMkZlbWJlZCUzRnBiJTNEJTIxMW0xOCUyMTFtMTIlMjExbTMlMjExZDM5MjkuOTcxNjA0MDI2NzY2MyUyMTJkLTg0LjA5ODcyMzg4NTI1ODM3JTIxM2Q5LjkzNjMyMDU5Mjg5NDgyNyUyMTJtMyUyMTFmMCUyMTJmMCUyMTNmMCUyMTNtMiUyMTFpMTAyNCUyMTJpNzY4JTIxNGYxMy4xJTIxM20zJTIxMW0yJTIxMXMweDhmYTBlMzU0MzM5NjE2YTclMjUzQTB4MzE1M2U3MjlhYTJmMjZhYiUyMTJzQ2VudHJvJTI1MjBDb2wlMjVDMyUyNUIzbiUyMTVlMCUyMTNtMiUyMTFzZXMtNDE5JTIxMnNjciUyMTR2MTYxNzY4NjI0MTYwMyUyMTVtMiUyMTFzZXMtNDE5JTIxMnNjciUyMiUyMHdpZHRoJTNEJTIyMTIwMCUyMiUyMGhlaWdodCUzRCUyMjQwMCUyMiUyMHN0eWxlJTNEJTIyYm9yZGVyJTNBMCUzQiUyMiUyMGFsbG93ZnVsbHNjcmVlbiUzRCUyMiUyMiUyMGxvYWRpbmclM0QlMjJsYXp5JTIyJTNFJTNDJTJGaWZyYW1lJTNF[\/vc_raw_html][\/vc_column][\/vc_row]<\/p>\n","category_list_v2":"","author_info_v2":{"name":"admin","url":"https:\/\/www.innovaseguros.cr\/?author=1"},"comments_num_v2":"0 comentarios","_links":{"self":[{"href":"https:\/\/www.innovaseguros.cr\/index.php?rest_route=\/wp\/v2\/pages\/7501","targetHints":{"allow":["GET"]}}],"collection":[{"href":"https:\/\/www.innovaseguros.cr\/index.php?rest_route=\/wp\/v2\/pages"}],"about":[{"href":"https:\/\/www.innovaseguros.cr\/index.php?rest_route=\/wp\/v2\/types\/page"}],"author":[{"embeddable":true,"href":"https:\/\/www.innovaseguros.cr\/index.php?rest_route=\/wp\/v2\/users\/1"}],"replies":[{"embeddable":true,"href":"https:\/\/www.innovaseguros.cr\/index.php?rest_route=%2Fwp%2Fv2%2Fcomments&post=7501"}],"version-history":[{"count":32,"href":"https:\/\/www.innovaseguros.cr\/index.php?rest_route=\/wp\/v2\/pages\/7501\/revisions"}],"predecessor-version":[{"id":32859,"href":"https:\/\/www.innovaseguros.cr\/index.php?rest_route=\/wp\/v2\/pages\/7501\/revisions\/32859"}],"wp:attachment":[{"href":"https:\/\/www.innovaseguros.cr\/index.php?rest_route=%2Fwp%2Fv2%2Fmedia&parent=7501"}],"curies":[{"name":"wp","href":"https:\/\/api.w.org\/{rel}","templated":true}]}}