{"id":32502,"date":"2023-03-24T20:14:28","date_gmt":"2023-03-24T20:14:28","guid":{"rendered":"https:\/\/www.innovaseguros.cr\/?page_id=32502"},"modified":"2026-02-25T21:00:41","modified_gmt":"2026-02-25T21:00:41","slug":"oficina-sabana","status":"publish","type":"page","link":"https:\/\/www.innovaseguros.cr\/?page_id=32502","title":{"rendered":"Sede Sabana Sur"},"content":{"rendered":"<p>[vc_row][vc_column][vc_custom_heading text=&#8221;Sede Sabana Sur&#8221; font_container=&#8221;tag:h1|font_size:36|text_align:center&#8221; google_fonts=&#8221;font_family:Lato%3A100%2C100italic%2C300%2C300italic%2Cregular%2Citalic%2C700%2C700italic%2C900%2C900italic|font_style:700%20bold%20regular%3A700%3Anormal&#8221;][vc_empty_space][vc_column_text]<\/p>\n<h1 style=\"text-align: center;\"><strong>\u00a1Adquiera su seguro ya!<\/strong><\/h1>\n<p>[\/vc_column_text]<div id=\"mpc_grid_anything-469e079ad3e85e\" class=\"mpc-grid-anything mpc-init \"  data-grid-cols=\"2\"><a href=\"https:\/\/cotiza.ins-cr.com\/frmDatosIncluir.aspx?glck=s70%2bAaLc4rw8ckE4M6akuIVKAxwdVVUTL%2f9GqyBTbNw7tRftLLjnCvm3C0ibueMo\" target=\"_blank\" title=\"Viajero con Asistencia - Manuel Lamugue\"  data-id=\"mpc_button-4969e079ad3e9ea\" class=\"mpc-button mpc-init mpc-transition mpc-typography--mpc_preset_62 \" ><div class=\"mpc-button__content mpc-effect-type--stay mpc-effect-side--right\"><span class=\"mpc-button__title mpc-transition\">Viajero con Asistencia<\/span><i class=\"mpc-button__icon mpc-transition  fa fa-angle-right\"><\/i><\/div><div class=\"mpc-button__background mpc-transition mpc-effect-type--fade mpc-effect-side--in\"><\/div><\/a><a href=\"https:\/\/cotiza.ins-cr.com\/frmDatosIncluir.aspx?glck=Hkn0iNd9XmDJ0QXMpBl9xwMcq3qU30RqIdz70q%2bOdhb3rmcLKnwTSWvhWh9NBFUC\" target=\"_blank\" title=\"Seguro Estudiantil - Manuel Lamugue\"  data-id=\"mpc_button-1969e079ad3eaeb\" class=\"mpc-button mpc-init mpc-transition mpc-typography--mpc_preset_62 \" ><div class=\"mpc-button__content mpc-effect-type--stay mpc-effect-side--right\"><span class=\"mpc-button__title mpc-transition\">Seguro Estudiantil<\/span><i class=\"mpc-button__icon mpc-transition  fa fa-angle-right\"><\/i><\/div><div class=\"mpc-button__background mpc-transition mpc-effect-type--fade mpc-effect-side--in\"><\/div><\/a><a href=\"https:\/\/cotiza.ins-cr.com\/frmDatosIncluir.aspx?glck=s70%2bAaLc4rw8ckE4M6akuKZC2%2b549mIIRPmmus6bzjaXj9ookYYSINWlU%2fjYtGf0\" target=\"_blank\" title=\"Permiso de Conducir - Manuel Lamugue\"  data-id=\"mpc_button-6269e079ad3eb69\" class=\"mpc-button mpc-init mpc-transition mpc-typography--mpc_preset_62 \" ><div class=\"mpc-button__content mpc-effect-type--stay mpc-effect-side--right\"><span class=\"mpc-button__title mpc-transition\">Permiso de Conducir<\/span><i class=\"mpc-button__icon mpc-transition  fa fa-angle-right\"><\/i><\/div><div class=\"mpc-button__background mpc-transition mpc-effect-type--fade mpc-effect-side--in\"><\/div><\/a><a href=\"https:\/\/cotiza.ins-cr.com\/frmDatosIncluir.aspx?glck=s70%2bAaLc4rw8ckE4M6akuH4tgQg9TA6VK7dy4tegH0idwGfqsQEYEyyPyiyYfFne\" target=\"_blank\" title=\"Vida Plus Colones - Manuel Lamugue\"  data-id=\"mpc_button-1969e079ad3ebdb\" class=\"mpc-button mpc-init mpc-transition mpc-typography--mpc_preset_62 \" ><div class=\"mpc-button__content mpc-effect-type--stay mpc-effect-side--right\"><span class=\"mpc-button__title mpc-transition\">Vida Plus Colones<\/span><i class=\"mpc-button__icon mpc-transition  fa fa-angle-right\"><\/i><\/div><div class=\"mpc-button__background mpc-transition mpc-effect-type--fade mpc-effect-side--in\"><\/div><\/a><a href=\"https:\/\/cotiza.ins-cr.com\/frmDatosIncluir.aspx?glck=s70%2bAaLc4rw8ckE4M6akuDVBAF6DUPYDd1bKo98fuBTon4B1AB08RaJ9aZ8Fn6nH\" target=\"_blank\" title=\"Vida Plus D\u00f3lares - Manuel Lamugue\"  data-id=\"mpc_button-5569e079ad3ec41\" class=\"mpc-button mpc-init mpc-transition mpc-typography--mpc_preset_62 \" ><div class=\"mpc-button__content mpc-effect-type--stay mpc-effect-side--right\"><span class=\"mpc-button__title mpc-transition\">Vida Plus D\u00f3lares<\/span><i class=\"mpc-button__icon mpc-transition  fa fa-angle-right\"><\/i><\/div><div class=\"mpc-button__background mpc-transition mpc-effect-type--fade mpc-effect-side--in\"><\/div><\/a><\/div>[vc_empty_space][vc_row_inner][vc_column_inner width=&#8221;1\/2&#8243;][vc_single_image image=&#8221;32812&#8243; img_size=&#8221;large&#8221;][\/vc_column_inner][vc_column_inner width=&#8221;1\/2&#8243;][vc_cta h2=&#8221;Corredor Manuel Lamugue Chinchilla&#8221;]Tel\u00e9fono: 2291-7000 Ext. 106<\/p>\n<p>Direcci\u00f3n: Sabana Sur, Avenida 16, Costado norte de la Iglesia Nuestra Se\u00f1ora del Perpetuo socorro, edificio esquinero color gris de dos pisos.[\/vc_cta][vc_gmaps link=&#8221;#E-8_JTNDaWZyYW1lJTIwc3JjJTNEJTIyaHR0cHMlM0ElMkYlMkZ3d3cuZ29vZ2xlLmNvbSUyRm1hcHMlMkZlbWJlZCUzRnBiJTNEJTIxMW0xNyUyMTFtMTIlMjExbTMlMjExZDI0NS42MjgyNzcyNjM4MzIxNiUyMTJkLTg0LjEwMzQ3MTI1OTgwNDI1JTIxM2Q5LjkyOTU5MTIwNDExODI5OCUyMTJtMyUyMTFmMCUyMTJmMCUyMTNmMCUyMTNtMiUyMTFpMTAyNCUyMTJpNzY4JTIxNGYxMy4xJTIxM20yJTIxMW0xJTIxMnpPY0t3TlRVbk5EWXVNQ0pPSURnMHdyQXdOaWN4TWk0NUlsYyUyMTVlMCUyMTNtMiUyMTFzZXMlMjEyc2NyJTIxNHYxNjc5NjkyNjk4NjU5JTIxNW0yJTIxMXNlcyUyMTJzY3IlMjIlMjB3aWR0aCUzRCUyMjYwMCUyMiUyMGhlaWdodCUzRCUyMjQ1MCUyMiUyMHN0eWxlJTNEJTIyYm9yZGVyJTNBMCUzQiUyMiUyMGFsbG93ZnVsbHNjcmVlbiUzRCUyMiUyMiUyMGxvYWRpbmclM0QlMjJsYXp5JTIyJTIwcmVmZXJyZXJwb2xpY3klM0QlMjJuby1yZWZlcnJlci13aGVuLWRvd25ncmFkZSUyMiUzRSUzQyUyRmlmcmFtZSUzRQ==&#8221;][\/vc_column_inner][\/vc_row_inner][vc_empty_space][\/vc_column][\/vc_row][vc_row][vc_column][vc_single_image image=&#8221;33235&#8243; img_size=&#8221;large&#8221; alignment=&#8221;center&#8221;][\/vc_column][\/vc_row][vc_row][vc_column][\/vc_column][\/vc_row][vc_row][vc_column][\/vc_column][\/vc_row]<\/p>\n","protected":false},"excerpt":{"rendered":"<p>[vc_row][vc_column][vc_custom_heading text=&#8221;Sede Sabana Sur&#8221; font_container=&#8221;tag:h1|font_size:36|text_align:center&#8221; google_fonts=&#8221;font_family:Lato%3A100%2C100italic%2C300%2C300italic%2Cregular%2Citalic%2C700%2C700italic%2C900%2C900italic|font_style:700%20bold%20regular%3A700%3Anormal&#8221;][vc_empty_space][vc_column_text] \u00a1Adquiera su seguro ya! [\/vc_column_text][vc_empty_space][vc_row_inner][vc_column_inner width=&#8221;1\/2&#8243;][vc_single_image image=&#8221;32812&#8243; img_size=&#8221;large&#8221;][\/vc_column_inner][vc_column_inner width=&#8221;1\/2&#8243;][vc_cta h2=&#8221;Corredor Manuel Lamugue Chinchilla&#8221;]Tel\u00e9fono: 2291-7000 Ext. 106 Direcci\u00f3n: Sabana Sur, Avenida 16, Costado norte de la Iglesia Nuestra Se\u00f1ora del Perpetuo socorro, edificio esquinero color gris de dos pisos.[\/vc_cta][vc_gmaps link=&#8221;#E-8_JTNDaWZyYW1lJTIwc3JjJTNEJTIyaHR0cHMlM0ElMkYlMkZ3d3cuZ29vZ2xlLmNvbSUyRm1hcHMlMkZlbWJlZCUzRnBiJTNEJTIxMW0xNyUyMTFtMTIlMjExbTMlMjExZDI0NS42MjgyNzcyNjM4MzIxNiUyMTJkLTg0LjEwMzQ3MTI1OTgwNDI1JTIxM2Q5LjkyOTU5MTIwNDExODI5OCUyMTJtMyUyMTFmMCUyMTJmMCUyMTNmMCUyMTNtMiUyMTFpMTAyNCUyMTJpNzY4JTIxNGYxMy4xJTIxM20yJTIxMW0xJTIxMnpPY0t3TlRVbk5EWXVNQ0pPSURnMHdyQXdOaWN4TWk0NUlsYyUyMTVlMCUyMTNtMiUyMTFzZXMlMjEyc2NyJTIxNHYxNjc5NjkyNjk4NjU5JTIxNW0yJTIxMXNlcyUyMTJzY3IlMjIlMjB3aWR0aCUzRCUyMjYwMCUyMiUyMGhlaWdodCUzRCUyMjQ1MCUyMiUyMHN0eWxlJTNEJTIyYm9yZGVyJTNBMCUzQiUyMiUyMGFsbG93ZnVsbHNjcmVlbiUzRCUyMiUyMiUyMGxvYWRpbmclM0QlMjJsYXp5JTIyJTIwcmVmZXJyZXJwb2xpY3klM0QlMjJuby1yZWZlcnJlci13aGVuLWRvd25ncmFkZSUyMiUzRSUzQyUyRmlmcmFtZSUzRQ==&#8221;][\/vc_column_inner][\/vc_row_inner][vc_empty_space][\/vc_column][\/vc_row][vc_row][vc_column][vc_single_image image=&#8221;33235&#8243; img_size=&#8221;large&#8221; alignment=&#8221;center&#8221;][\/vc_column][\/vc_row][vc_row][vc_column][\/vc_column][\/vc_row][vc_row][vc_column][\/vc_column][\/vc_row]<\/p>\n","protected":false},"author":1,"featured_media":0,"parent":0,"menu_order":0,"comment_status":"closed","ping_status":"closed","template":"","meta":{"footnotes":""},"class_list":["post-32502","page","type-page","status-publish","hentry"],"featured_image_urls_v2":{"full":"","thumbnail":"","medium":"","medium_large":"","large":"","1536x1536":"","2048x2048":"","the_grid_size1":"","the_grid_size2":"","the_grid_size3":"","the_grid_size4":"","the_grid_size5":"","mf-theme-category-hrz":"","mf-theme-blog-full":"","mf_image_shop_carousel":"","post-thumbnail":"","woocommerce_thumbnail":"","woocommerce_single":"","woocommerce_gallery_thumbnail":""},"post_excerpt_stackable_v2":"<p>[vc_row][vc_column][vc_custom_heading text=&#8221;Sede Sabana Sur&#8221; font_container=&#8221;tag:h1|font_size:36|text_align:center&#8221; google_fonts=&#8221;font_family:Lato%3A100%2C100italic%2C300%2C300italic%2Cregular%2Citalic%2C700%2C700italic%2C900%2C900italic|font_style:700%20bold%20regular%3A700%3Anormal&#8221;][vc_empty_space][vc_column_text] \u00a1Adquiera su seguro ya! [\/vc_column_text]Viajero con AsistenciaSeguro EstudiantilPermiso de ConducirVida Plus ColonesVida Plus D\u00f3lares[vc_empty_space][vc_row_inner][vc_column_inner width=&#8221;1\/2&#8243;][vc_single_image image=&#8221;32812&#8243; img_size=&#8221;large&#8221;][\/vc_column_inner][vc_column_inner width=&#8221;1\/2&#8243;][vc_cta h2=&#8221;Corredor Manuel Lamugue Chinchilla&#8221;]Tel\u00e9fono: 2291-7000 Ext. 106 Direcci\u00f3n: Sabana Sur, Avenida 16, Costado norte de la Iglesia Nuestra Se\u00f1ora del Perpetuo socorro, edificio esquinero color gris de dos pisos.[\/vc_cta][vc_gmaps link=&#8221;#E-8_JTNDaWZyYW1lJTIwc3JjJTNEJTIyaHR0cHMlM0ElMkYlMkZ3d3cuZ29vZ2xlLmNvbSUyRm1hcHMlMkZlbWJlZCUzRnBiJTNEJTIxMW0xNyUyMTFtMTIlMjExbTMlMjExZDI0NS42MjgyNzcyNjM4MzIxNiUyMTJkLTg0LjEwMzQ3MTI1OTgwNDI1JTIxM2Q5LjkyOTU5MTIwNDExODI5OCUyMTJtMyUyMTFmMCUyMTJmMCUyMTNmMCUyMTNtMiUyMTFpMTAyNCUyMTJpNzY4JTIxNGYxMy4xJTIxM20yJTIxMW0xJTIxMnpPY0t3TlRVbk5EWXVNQ0pPSURnMHdyQXdOaWN4TWk0NUlsYyUyMTVlMCUyMTNtMiUyMTFzZXMlMjEyc2NyJTIxNHYxNjc5NjkyNjk4NjU5JTIxNW0yJTIxMXNlcyUyMTJzY3IlMjIlMjB3aWR0aCUzRCUyMjYwMCUyMiUyMGhlaWdodCUzRCUyMjQ1MCUyMiUyMHN0eWxlJTNEJTIyYm9yZGVyJTNBMCUzQiUyMiUyMGFsbG93ZnVsbHNjcmVlbiUzRCUyMiUyMiUyMGxvYWRpbmclM0QlMjJsYXp5JTIyJTIwcmVmZXJyZXJwb2xpY3klM0QlMjJuby1yZWZlcnJlci13aGVuLWRvd25ncmFkZSUyMiUzRSUzQyUyRmlmcmFtZSUzRQ==&#8221;][\/vc_column_inner][\/vc_row_inner][vc_empty_space][\/vc_column][\/vc_row][vc_row][vc_column][vc_single_image image=&#8221;33235&#8243; img_size=&#8221;large&#8221; alignment=&#8221;center&#8221;][\/vc_column][\/vc_row][vc_row][vc_column][\/vc_column][\/vc_row][vc_row][vc_column][\/vc_column][\/vc_row]<\/p>\n","category_list_v2":"","author_info_v2":{"name":"admin","url":"https:\/\/www.innovaseguros.cr\/?author=1"},"comments_num_v2":"0 comentarios","_links":{"self":[{"href":"https:\/\/www.innovaseguros.cr\/index.php?rest_route=\/wp\/v2\/pages\/32502","targetHints":{"allow":["GET"]}}],"collection":[{"href":"https:\/\/www.innovaseguros.cr\/index.php?rest_route=\/wp\/v2\/pages"}],"about":[{"href":"https:\/\/www.innovaseguros.cr\/index.php?rest_route=\/wp\/v2\/types\/page"}],"author":[{"embeddable":true,"href":"https:\/\/www.innovaseguros.cr\/index.php?rest_route=\/wp\/v2\/users\/1"}],"replies":[{"embeddable":true,"href":"https:\/\/www.innovaseguros.cr\/index.php?rest_route=%2Fwp%2Fv2%2Fcomments&post=32502"}],"version-history":[{"count":19,"href":"https:\/\/www.innovaseguros.cr\/index.php?rest_route=\/wp\/v2\/pages\/32502\/revisions"}],"predecessor-version":[{"id":33236,"href":"https:\/\/www.innovaseguros.cr\/index.php?rest_route=\/wp\/v2\/pages\/32502\/revisions\/33236"}],"wp:attachment":[{"href":"https:\/\/www.innovaseguros.cr\/index.php?rest_route=%2Fwp%2Fv2%2Fmedia&parent=32502"}],"curies":[{"name":"wp","href":"https:\/\/api.w.org\/{rel}","templated":true}]}}