{"id":32258,"date":"2021-09-13T23:25:31","date_gmt":"2021-09-13T23:25:31","guid":{"rendered":"https:\/\/www.innovaseguros.cr\/?page_id=32258"},"modified":"2025-09-02T15:40:24","modified_gmt":"2025-09-02T15:40:24","slug":"oficinas-cartago","status":"publish","type":"page","link":"https:\/\/www.innovaseguros.cr\/?page_id=32258","title":{"rendered":"Sedes Cartago"},"content":{"rendered":"<p>[vc_row][vc_column][vc_custom_heading text=&#8221;Sede Cartago&#8221; font_container=&#8221;tag:h1|font_size:36|text_align:center&#8221; google_fonts=&#8221;font_family:Lato%3A100%2C100italic%2C300%2C300italic%2Cregular%2Citalic%2C700%2C700italic%2C900%2C900italic|font_style:700%20bold%20regular%3A700%3Anormal&#8221;][vc_empty_space][vc_empty_space][vc_column_text]<\/p>\n<h1 style=\"text-align: center;\"><strong>\u00a1Adquiera su seguro ya!<\/strong><\/h1>\n<p>[\/vc_column_text]<div id=\"mpc_grid_anything-869f546e4e5d56\" class=\"mpc-grid-anything mpc-init \"  data-grid-cols=\"3\">[vc_column_text]<\/p>\n<h2><strong>Freddy Fallas Jim\u00e9nez<\/strong><\/h2>\n<p>[\/vc_column_text][vc_column_text]<\/p>\n<h2><strong>Laura Fallas Calder\u00f3n<\/strong><\/h2>\n<p>[\/vc_column_text][vc_column_text]<\/p>\n<h2><strong>Sebasti\u00e1n Fallas Calder\u00f3n<\/strong><\/h2>\n<p>[\/vc_column_text]<a href=\"https:\/\/cotiza.ins-cr.com\/frmDatosIncluir.aspx?glck=xnlx416lXmRJ%2bAD8%2bOI81GV0F7c653tMEKXV8PyWQLf%2fP%2f8cIhzrVitY5HUo6z6E\" target=\"_blank\" title=\"Viajero con Asistencia - Freddy Fallas\"  data-id=\"mpc_button-4669f546e4e5eb0\" class=\"mpc-button mpc-init mpc-transition mpc-typography--mpc_preset_62 \" ><div class=\"mpc-button__content mpc-effect-type--stay mpc-effect-side--right\"><span class=\"mpc-button__title mpc-transition\">Viajero con Asistencia<\/span><i class=\"mpc-button__icon mpc-transition  fa fa-angle-right\"><\/i><\/div><div class=\"mpc-button__background mpc-transition mpc-effect-type--fade mpc-effect-side--in\"><\/div><\/a><a href=\"https:\/\/cotiza.ins-cr.com\/frmDatosIncluir.aspx?glck=xnlx416lXmRJ%2bAD8%2bOI81ACUmcygrCYmQ%2fOdh3C9vBNiBY1EWEeS5iycdBQaxiA%2b\" target=\"_blank\" title=\"Viajero con Asistencia - Laura Fallas\"  data-id=\"mpc_button-869f546e4e5f95\" class=\"mpc-button mpc-init mpc-transition mpc-typography--mpc_preset_62 \" ><div class=\"mpc-button__content mpc-effect-type--stay mpc-effect-side--right\"><span class=\"mpc-button__title mpc-transition\">Viajero con Asistencia<\/span><i class=\"mpc-button__icon mpc-transition  fa fa-angle-right\"><\/i><\/div><div class=\"mpc-button__background mpc-transition mpc-effect-type--fade mpc-effect-side--in\"><\/div><\/a><a href=\"https:\/\/cotiza.ins-cr.com\/frmDatosIncluir.aspx?glck=UyNRArfzfnwNe5EuagBmmdnCTofAZ02BL%2f5MZSWI9NcAwlyZu0eiOVbtoXoLKVB1\" target=\"_blank\" title=\"Viajero con Asistencia - Sebasti\u00e1n Fallas\"  data-id=\"mpc_button-369f546e4e6038\" class=\"mpc-button mpc-init mpc-transition mpc-typography--mpc_preset_62 \" ><div class=\"mpc-button__content mpc-effect-type--stay mpc-effect-side--right\"><span class=\"mpc-button__title mpc-transition\">Viajero con Asistencia<\/span><i class=\"mpc-button__icon mpc-transition  fa fa-angle-right\"><\/i><\/div><div class=\"mpc-button__background mpc-transition mpc-effect-type--fade mpc-effect-side--in\"><\/div><\/a><a href=\"https:\/\/cotiza.ins-cr.com\/frmDatosIncluir.aspx?glck=Hkn0iNd9XmDJ0QXMpBl9x%2ftJEBQyhKBzT6I%2bpM1YYfkbw%2bYfWgLHfwqOnqljX7LX\" target=\"_blank\" title=\"Seguro Estudiantil - Freddy Fallas\"  data-id=\"mpc_button-9269f546e4e60d0\" class=\"mpc-button mpc-init mpc-transition mpc-typography--mpc_preset_62 \" ><div class=\"mpc-button__content mpc-effect-type--stay mpc-effect-side--right\"><span class=\"mpc-button__title mpc-transition\">Seguro Estudiantil<\/span><i class=\"mpc-button__icon mpc-transition  fa fa-angle-right\"><\/i><\/div><div class=\"mpc-button__background mpc-transition mpc-effect-type--fade mpc-effect-side--in\"><\/div><\/a><a href=\"https:\/\/cotiza.ins-cr.com\/frmDatosIncluir.aspx?glck=Hkn0iNd9XmDJ0QXMpBl9x9twfKMJaSLfY3WZ2jvcald66dysQzPNKCTxy9fYWaZ9\" target=\"_blank\" title=\"Seguro Estudiantil - Laura Fallas\"  data-id=\"mpc_button-3969f546e4e6163\" class=\"mpc-button mpc-init mpc-transition mpc-typography--mpc_preset_62 \" ><div class=\"mpc-button__content mpc-effect-type--stay mpc-effect-side--right\"><span class=\"mpc-button__title mpc-transition\">Seguro Estudiantil<\/span><i class=\"mpc-button__icon mpc-transition  fa fa-angle-right\"><\/i><\/div><div class=\"mpc-button__background mpc-transition mpc-effect-type--fade mpc-effect-side--in\"><\/div><\/a><a href=\"https:\/\/cotiza.ins-cr.com\/frmDatosIncluir.aspx?glck=GCH1eAqJG0iYiFUNC%2bjT7D8PKDogbrfCScbhzFIJYb1HAx6RLYoG5CmmMJ17ROV1\" target=\"_blank\" title=\"Seguro Estudiantil - Sebasti\u00e1n Fallas\"  data-id=\"mpc_button-1969f546e4e6222\" class=\"mpc-button mpc-init mpc-transition mpc-typography--mpc_preset_62 \" ><div class=\"mpc-button__content mpc-effect-type--stay mpc-effect-side--right\"><span class=\"mpc-button__title mpc-transition\">Seguro Estudiantil<\/span><i class=\"mpc-button__icon mpc-transition  fa fa-angle-right\"><\/i><\/div><div class=\"mpc-button__background mpc-transition mpc-effect-type--fade mpc-effect-side--in\"><\/div><\/a><a href=\"https:\/\/cotiza.ins-cr.com\/frmDatosIncluir.aspx?glck=xnlx416lXmRJ%2bAD8%2bOI81CIiM6IA97TYt2ulbZxTyIYjlPO4vEuk3bpci9mknD%2fH\" target=\"_blank\" title=\"Permiso de Conducir - Freddy Fallas\"  data-id=\"mpc_button-8669f546e4e62ba\" class=\"mpc-button mpc-init mpc-transition mpc-typography--mpc_preset_62 \" ><div class=\"mpc-button__content mpc-effect-type--stay mpc-effect-side--right\"><span class=\"mpc-button__title mpc-transition\">Permiso de Conducir<\/span><i class=\"mpc-button__icon mpc-transition  fa fa-angle-right\"><\/i><\/div><div class=\"mpc-button__background mpc-transition mpc-effect-type--fade mpc-effect-side--in\"><\/div><\/a><a href=\"https:\/\/cotiza.ins-cr.com\/frmDatosIncluir.aspx?glck=xnlx416lXmRJ%2bAD8%2bOI81NsAMEVXFvjcAJBsVoUhtcVVbcMH2wrZikQSrN7C%2bCKl\" target=\"_blank\" title=\"Permiso de Conducir - Laura Fallas\"  data-id=\"mpc_button-6869f546e4e6346\" class=\"mpc-button mpc-init mpc-transition mpc-typography--mpc_preset_62 \" ><div class=\"mpc-button__content mpc-effect-type--stay mpc-effect-side--right\"><span class=\"mpc-button__title mpc-transition\">Permiso de Conducir<\/span><i class=\"mpc-button__icon mpc-transition  fa fa-angle-right\"><\/i><\/div><div class=\"mpc-button__background mpc-transition mpc-effect-type--fade mpc-effect-side--in\"><\/div><\/a><a href=\"https:\/\/cotiza.ins-cr.com\/frmDatosIncluir.aspx?glck=UyNRArfzfnwNe5EuagBmmbgOUYKKdTfXVGJ7suim92mBhnOVecYVmA%2bsd2c9PO5u\" target=\"_blank\" title=\"Permiso de Conducir - Sebasti\u00e1n Fallas\"  data-id=\"mpc_button-2969f546e4e63d9\" class=\"mpc-button mpc-init mpc-transition mpc-typography--mpc_preset_62 \" ><div class=\"mpc-button__content mpc-effect-type--stay mpc-effect-side--right\"><span class=\"mpc-button__title mpc-transition\">Permiso de Conducir<\/span><i class=\"mpc-button__icon mpc-transition  fa fa-angle-right\"><\/i><\/div><div class=\"mpc-button__background mpc-transition mpc-effect-type--fade mpc-effect-side--in\"><\/div><\/a><a href=\"https:\/\/cotiza.ins-cr.com\/frmDatosIncluir.aspx?glck=xnlx416lXmRJ%2bAD8%2bOI81J2xnd0CmIP4fyxeedm24HqZSdUo9R%2fafLhNhEptaFCY\" target=\"_blank\" title=\"Vida Plus Colones - Freddy Fallas\"  data-id=\"mpc_button-4769f546e4e644c\" class=\"mpc-button mpc-init mpc-transition mpc-typography--mpc_preset_62 \" ><div class=\"mpc-button__content mpc-effect-type--stay mpc-effect-side--right\"><span class=\"mpc-button__title mpc-transition\">Vida Plus Colones<\/span><i class=\"mpc-button__icon mpc-transition  fa fa-angle-right\"><\/i><\/div><div class=\"mpc-button__background mpc-transition mpc-effect-type--fade mpc-effect-side--in\"><\/div><\/a><a href=\"https:\/\/cotiza.ins-cr.com\/frmDatosIncluir.aspx?glck=xnlx416lXmRJ%2bAD8%2bOI81NCNz3O8BPBiIx4JsqSvSjx0RT%2bGZyBSARqyTnMuFFoA\" target=\"_blank\" title=\"Vida Plus Colones - Laura Fallas\"  data-id=\"mpc_button-7169f546e4e64a6\" class=\"mpc-button mpc-init mpc-transition mpc-typography--mpc_preset_62 \" ><div class=\"mpc-button__content mpc-effect-type--stay mpc-effect-side--right\"><span class=\"mpc-button__title mpc-transition\">Vida Plus Colones<\/span><i class=\"mpc-button__icon mpc-transition  fa fa-angle-right\"><\/i><\/div><div class=\"mpc-button__background mpc-transition mpc-effect-type--fade mpc-effect-side--in\"><\/div><\/a><a href=\"https:\/\/cotiza.ins-cr.com\/frmDatosIncluir.aspx?glck=UyNRArfzfnwNe5EuagBmmR1kDmk9V8VYofwD4A9TjtqxyM0qTYVXQvbDbdFsvZP4\" target=\"_blank\" title=\"Vida Plus Colones - Sebasti\u00e1n Fallas\"  data-id=\"mpc_button-769f546e4e64fb\" class=\"mpc-button mpc-init mpc-transition mpc-typography--mpc_preset_62 \" ><div class=\"mpc-button__content mpc-effect-type--stay mpc-effect-side--right\"><span class=\"mpc-button__title mpc-transition\">Vida Plus Colones<\/span><i class=\"mpc-button__icon mpc-transition  fa fa-angle-right\"><\/i><\/div><div class=\"mpc-button__background mpc-transition mpc-effect-type--fade mpc-effect-side--in\"><\/div><\/a><a href=\"https:\/\/cotiza.ins-cr.com\/frmDatosIncluir.aspx?glck=xnlx416lXmRJ%2bAD8%2bOI81GEIzhGuVL%2fulU5Z0TuJVCQD3aGzfec0B8Aac68ZSf8s\" target=\"_blank\" title=\"Vida Plus D\u00f3lares - Freddy Fallas\"  data-id=\"mpc_button-3269f546e4e6550\" class=\"mpc-button mpc-init mpc-transition mpc-typography--mpc_preset_62 \" ><div class=\"mpc-button__content mpc-effect-type--stay mpc-effect-side--right\"><span class=\"mpc-button__title mpc-transition\">Vida Plus D\u00f3lares<\/span><i class=\"mpc-button__icon mpc-transition  fa fa-angle-right\"><\/i><\/div><div class=\"mpc-button__background mpc-transition mpc-effect-type--fade mpc-effect-side--in\"><\/div><\/a><a href=\"https:\/\/cotiza.ins-cr.com\/frmDatosIncluir.aspx?glck=xnlx416lXmRJ%2bAD8%2bOI81CYag9GI6%2fnVscituSQfRw4i1b67%2fUFovSs3YJQosLDM\" target=\"_blank\" title=\"Vida Plus D\u00f3lares- Laura Fallas\"  data-id=\"mpc_button-2269f546e4e65a3\" class=\"mpc-button mpc-init mpc-transition mpc-typography--mpc_preset_62 \" ><div class=\"mpc-button__content mpc-effect-type--stay mpc-effect-side--right\"><span class=\"mpc-button__title mpc-transition\">Vida Plus D\u00f3lares<\/span><i class=\"mpc-button__icon mpc-transition  fa fa-angle-right\"><\/i><\/div><div class=\"mpc-button__background mpc-transition mpc-effect-type--fade mpc-effect-side--in\"><\/div><\/a><a href=\"https:\/\/cotiza.ins-cr.com\/frmDatosIncluir.aspx?glck=UyNRArfzfnwNe5EuagBmmQQW4TJX%2fZjuwGyL3kzpRoHwYKlPg3FGgE7d2wIotqvf\" target=\"_blank\" title=\"Vida Plus D\u00f3lares - Sebasti\u00e1n Fallas\"  data-id=\"mpc_button-1669f546e4e6643\" class=\"mpc-button mpc-init mpc-transition mpc-typography--mpc_preset_62 \" ><div class=\"mpc-button__content mpc-effect-type--stay mpc-effect-side--right\"><span class=\"mpc-button__title mpc-transition\">Vida Plus D\u00f3lares<\/span><i class=\"mpc-button__icon mpc-transition  fa fa-angle-right\"><\/i><\/div><div class=\"mpc-button__background mpc-transition mpc-effect-type--fade mpc-effect-side--in\"><\/div><\/a><\/div>[vc_empty_space][vc_row_inner][vc_column_inner width=&#8221;1\/2&#8243;]<div class=\"mpc-carousel__wrapper mpc-waypoint\"><div id=\"mpc_carousel_image-469f546e4e671d\" class=\"mpc-carousel-image mpc-init mpc-layout--classic mpc-effect--none \"  data-mpcslick='{\"infinite\":true,\"autoplay\":true,\"slidesToShow\":2,\"slidesToScroll\":2,\"centerMode\":false,\"initialSlide\":0,\"autoplaySpeed\":1800,\"speed\":900}' data-slick-cols=\"2\"><div target=\"\"class=\"mpc-carousel__item-wrapper\" data-height=\"467\"><div onclick=\"\" class=\"mpc-item mpc-transition\"><div class=\"mpc-border\"><\/div><img loading=\"lazy\" decoding=\"async\" width=\"2560\" height=\"1867\" src=\"https:\/\/www.innovaseguros.cr\/wp-content\/uploads\/2021\/08\/Plantilla-Foto-Corredores-06-1-scaled.jpg\" class=\"mpc-transition attachment-full\" alt=\"\" srcset=\"https:\/\/www.innovaseguros.cr\/wp-content\/uploads\/2021\/08\/Plantilla-Foto-Corredores-06-1-scaled.jpg 2560w, https:\/\/www.innovaseguros.cr\/wp-content\/uploads\/2021\/08\/Plantilla-Foto-Corredores-06-1-300x219.jpg 300w, https:\/\/www.innovaseguros.cr\/wp-content\/uploads\/2021\/08\/Plantilla-Foto-Corredores-06-1-1024x747.jpg 1024w, https:\/\/www.innovaseguros.cr\/wp-content\/uploads\/2021\/08\/Plantilla-Foto-Corredores-06-1-768x560.jpg 768w, https:\/\/www.innovaseguros.cr\/wp-content\/uploads\/2021\/08\/Plantilla-Foto-Corredores-06-1-1536x1120.jpg 1536w, https:\/\/www.innovaseguros.cr\/wp-content\/uploads\/2021\/08\/Plantilla-Foto-Corredores-06-1-2048x1494.jpg 2048w, https:\/\/www.innovaseguros.cr\/wp-content\/uploads\/2021\/08\/Plantilla-Foto-Corredores-06-1-500x365.jpg 500w\" sizes=\"auto, (max-width: 2560px) 100vw, 2560px\" \/><\/div><\/div><div target=\"\"class=\"mpc-carousel__item-wrapper\" data-height=\"466\"><div onclick=\"\" class=\"mpc-item mpc-transition\"><div class=\"mpc-border\"><\/div><img loading=\"lazy\" decoding=\"async\" width=\"2560\" height=\"1866\" src=\"https:\/\/www.innovaseguros.cr\/wp-content\/uploads\/2023\/03\/Plantilla-Foto-Laura-Fallas-Calderon-01-scaled.jpg\" class=\"mpc-transition attachment-full\" alt=\"\" srcset=\"https:\/\/www.innovaseguros.cr\/wp-content\/uploads\/2023\/03\/Plantilla-Foto-Laura-Fallas-Calderon-01-scaled.jpg 2560w, https:\/\/www.innovaseguros.cr\/wp-content\/uploads\/2023\/03\/Plantilla-Foto-Laura-Fallas-Calderon-01-300x219.jpg 300w, https:\/\/www.innovaseguros.cr\/wp-content\/uploads\/2023\/03\/Plantilla-Foto-Laura-Fallas-Calderon-01-1024x746.jpg 1024w, https:\/\/www.innovaseguros.cr\/wp-content\/uploads\/2023\/03\/Plantilla-Foto-Laura-Fallas-Calderon-01-768x560.jpg 768w, https:\/\/www.innovaseguros.cr\/wp-content\/uploads\/2023\/03\/Plantilla-Foto-Laura-Fallas-Calderon-01-1536x1120.jpg 1536w, https:\/\/www.innovaseguros.cr\/wp-content\/uploads\/2023\/03\/Plantilla-Foto-Laura-Fallas-Calderon-01-2048x1493.jpg 2048w, https:\/\/www.innovaseguros.cr\/wp-content\/uploads\/2023\/03\/Plantilla-Foto-Laura-Fallas-Calderon-01-500x364.jpg 500w\" sizes=\"auto, (max-width: 2560px) 100vw, 2560px\" \/><\/div><\/div><div target=\"\"class=\"mpc-carousel__item-wrapper\" data-height=\"466\"><div onclick=\"\" class=\"mpc-item mpc-transition\"><div class=\"mpc-border\"><\/div><img loading=\"lazy\" decoding=\"async\" width=\"2560\" height=\"1866\" src=\"https:\/\/www.innovaseguros.cr\/wp-content\/uploads\/2023\/03\/Plantilla-Foto-Sebastian-Fallas-Calderon-01-scaled.jpg\" class=\"mpc-transition attachment-full\" alt=\"\" srcset=\"https:\/\/www.innovaseguros.cr\/wp-content\/uploads\/2023\/03\/Plantilla-Foto-Sebastian-Fallas-Calderon-01-scaled.jpg 2560w, https:\/\/www.innovaseguros.cr\/wp-content\/uploads\/2023\/03\/Plantilla-Foto-Sebastian-Fallas-Calderon-01-300x219.jpg 300w, https:\/\/www.innovaseguros.cr\/wp-content\/uploads\/2023\/03\/Plantilla-Foto-Sebastian-Fallas-Calderon-01-1024x746.jpg 1024w, https:\/\/www.innovaseguros.cr\/wp-content\/uploads\/2023\/03\/Plantilla-Foto-Sebastian-Fallas-Calderon-01-768x560.jpg 768w, https:\/\/www.innovaseguros.cr\/wp-content\/uploads\/2023\/03\/Plantilla-Foto-Sebastian-Fallas-Calderon-01-1536x1120.jpg 1536w, https:\/\/www.innovaseguros.cr\/wp-content\/uploads\/2023\/03\/Plantilla-Foto-Sebastian-Fallas-Calderon-01-2048x1493.jpg 2048w, https:\/\/www.innovaseguros.cr\/wp-content\/uploads\/2023\/03\/Plantilla-Foto-Sebastian-Fallas-Calderon-01-500x364.jpg 500w\" sizes=\"auto, (max-width: 2560px) 100vw, 2560px\" \/><\/div><\/div><\/div><div class=\"mpc-navigation mpc-init mpc-align--left mpc-navigation--style_1  mpc-nav-preset--\" data-mpcslider=\"mpc_carousel_image-469f546e4e671d\"><div class=\"mpc-nav__arrow mpcslick-prev\"><div class=\"mpc-nav__icon mpc-transition\"><i class=\"\"><div class=\"mpc-nav__background mpc-transition mpc-effect-type--fade mpc-effect-side--in\"><\/div><\/i><\/div><\/div><div class=\"mpc-nav__arrow mpcslick-next\"><div class=\"mpc-nav__icon mpc-transition\"><i class=\"\"><div class=\"mpc-nav__background mpc-transition mpc-effect-type--fade mpc-effect-side--in\"><\/div><\/i><\/div><\/div><\/div><\/div>[\/vc_column_inner][vc_column_inner width=&#8221;1\/2&#8243;][vc_cta h2=&#8221;Corredor Freddy Fallas Jim\u00e9nez&#8221;]Tel\u00e9fono: 2551-0350<\/p>\n<p>Direcci\u00f3n: De la esquina sureste de los Tribunales de Justicia, 100mts sur y 175 al oeste. Edificio 2 plantas color gris.[\/vc_cta][vc_gmaps link=&#8221;#E-8_JTNDaWZyYW1lJTIwc3JjJTNEJTIyaHR0cHMlM0ElMkYlMkZ3d3cuZ29vZ2xlLmNvbSUyRm1hcHMlMkZlbWJlZCUzRnBiJTNEJTIxMW0xOCUyMTFtMTIlMjExbTMlMjExZDM5MzAuODY1MDU0MzA4MTM3NiUyMTJkLTgzLjkxOTk3MDA4NTIwNjkzJTIxM2Q5Ljg2MTY4NzA5Mjk0NjA5MiUyMTJtMyUyMTFmMCUyMTJmMCUyMTNmMCUyMTNtMiUyMTFpMTAyNCUyMTJpNzY4JTIxNGYxMy4xJTIxM20zJTIxMW0yJTIxMXMweDAlMjUzQTB4NDc1MDlhMDM2NjMyZGY1JTIxMnNDb3JyZWRvciUyNTIwTHVpcyUyNTIwR3VpbGxlcm1vJTI1MjBNYXJ0JTI1QzMlMjVBRG5leiUyNTIwR3V0aSUyNUMzJTI1QTlycmV6JTIxNWUwJTIxM20yJTIxMXNlcyUyMTJzY3IlMjE0djE2MzA2OTAzODI5MTUlMjE1bTIlMjExc2VzJTIxMnNjciUyMiUyMHdpZHRoJTNEJTIyNjAwJTIyJTIwaGVpZ2h0JTNEJTIyNDUwJTIyJTIwc3R5bGUlM0QlMjJib3JkZXIlM0EwJTNCJTIyJTIwYWxsb3dmdWxsc2NyZWVuJTNEJTIyJTIyJTIwbG9hZGluZyUzRCUyMmxhenklMjIlM0UlM0MlMkZpZnJhbWUlM0U=&#8221;][\/vc_column_inner][\/vc_row_inner][vc_empty_space][vc_row_inner][vc_column_inner][vc_single_image image=&#8221;32765&#8243; img_size=&#8221;large&#8221; alignment=&#8221;center&#8221;][\/vc_column_inner][\/vc_row_inner][\/vc_column][\/vc_row][vc_section][\/vc_section]<\/p>\n","protected":false},"excerpt":{"rendered":"<p>[vc_row][vc_column][vc_custom_heading text=&#8221;Sede Cartago&#8221; font_container=&#8221;tag:h1|font_size:36|text_align:center&#8221; google_fonts=&#8221;font_family:Lato%3A100%2C100italic%2C300%2C300italic%2Cregular%2Citalic%2C700%2C700italic%2C900%2C900italic|font_style:700%20bold%20regular%3A700%3Anormal&#8221;][vc_empty_space][vc_empty_space][vc_column_text] \u00a1Adquiera su seguro ya! [\/vc_column_text][vc_empty_space][vc_row_inner][vc_column_inner width=&#8221;1\/2&#8243;][\/vc_column_inner][vc_column_inner width=&#8221;1\/2&#8243;][vc_cta h2=&#8221;Corredor Freddy Fallas Jim\u00e9nez&#8221;]Tel\u00e9fono: 2551-0350 Direcci\u00f3n: De la esquina sureste de los Tribunales de Justicia, 100mts sur y 175 al oeste. Edificio 2 plantas color gris.[\/vc_cta][vc_gmaps link=&#8221;#E-8_JTNDaWZyYW1lJTIwc3JjJTNEJTIyaHR0cHMlM0ElMkYlMkZ3d3cuZ29vZ2xlLmNvbSUyRm1hcHMlMkZlbWJlZCUzRnBiJTNEJTIxMW0xOCUyMTFtMTIlMjExbTMlMjExZDM5MzAuODY1MDU0MzA4MTM3NiUyMTJkLTgzLjkxOTk3MDA4NTIwNjkzJTIxM2Q5Ljg2MTY4NzA5Mjk0NjA5MiUyMTJtMyUyMTFmMCUyMTJmMCUyMTNmMCUyMTNtMiUyMTFpMTAyNCUyMTJpNzY4JTIxNGYxMy4xJTIxM20zJTIxMW0yJTIxMXMweDAlMjUzQTB4NDc1MDlhMDM2NjMyZGY1JTIxMnNDb3JyZWRvciUyNTIwTHVpcyUyNTIwR3VpbGxlcm1vJTI1MjBNYXJ0JTI1QzMlMjVBRG5leiUyNTIwR3V0aSUyNUMzJTI1QTlycmV6JTIxNWUwJTIxM20yJTIxMXNlcyUyMTJzY3IlMjE0djE2MzA2OTAzODI5MTUlMjE1bTIlMjExc2VzJTIxMnNjciUyMiUyMHdpZHRoJTNEJTIyNjAwJTIyJTIwaGVpZ2h0JTNEJTIyNDUwJTIyJTIwc3R5bGUlM0QlMjJib3JkZXIlM0EwJTNCJTIyJTIwYWxsb3dmdWxsc2NyZWVuJTNEJTIyJTIyJTIwbG9hZGluZyUzRCUyMmxhenklMjIlM0UlM0MlMkZpZnJhbWUlM0U=&#8221;][\/vc_column_inner][\/vc_row_inner][vc_empty_space][vc_row_inner][vc_column_inner][vc_single_image image=&#8221;32765&#8243; img_size=&#8221;large&#8221; alignment=&#8221;center&#8221;][\/vc_column_inner][\/vc_row_inner][\/vc_column][\/vc_row][vc_section][\/vc_section]<\/p>\n","protected":false},"author":1,"featured_media":0,"parent":0,"menu_order":0,"comment_status":"closed","ping_status":"closed","template":"","meta":{"footnotes":""},"class_list":["post-32258","page","type-page","status-publish","hentry"],"featured_image_urls_v2":{"full":"","thumbnail":"","medium":"","medium_large":"","large":"","1536x1536":"","2048x2048":"","the_grid_size1":"","the_grid_size2":"","the_grid_size3":"","the_grid_size4":"","the_grid_size5":"","mf-theme-category-hrz":"","mf-theme-blog-full":"","mf_image_shop_carousel":"","post-thumbnail":"","woocommerce_thumbnail":"","woocommerce_single":"","woocommerce_gallery_thumbnail":""},"post_excerpt_stackable_v2":"<p>[vc_row][vc_column][vc_custom_heading text=&#8221;Sede Cartago&#8221; font_container=&#8221;tag:h1|font_size:36|text_align:center&#8221; google_fonts=&#8221;font_family:Lato%3A100%2C100italic%2C300%2C300italic%2Cregular%2Citalic%2C700%2C700italic%2C900%2C900italic|font_style:700%20bold%20regular%3A700%3Anormal&#8221;][vc_empty_space][vc_empty_space][vc_column_text] \u00a1Adquiera su seguro ya! [\/vc_column_text][vc_column_text] Freddy Fallas Jim\u00e9nez [\/vc_column_text][vc_column_text] Laura Fallas Calder\u00f3n [\/vc_column_text][vc_column_text] Sebasti\u00e1n Fallas Calder\u00f3n [\/vc_column_text]Viajero con AsistenciaViajero con AsistenciaViajero con AsistenciaSeguro EstudiantilSeguro EstudiantilSeguro EstudiantilPermiso de ConducirPermiso de ConducirPermiso de ConducirVida Plus ColonesVida Plus ColonesVida Plus ColonesVida Plus D\u00f3laresVida Plus D\u00f3laresVida Plus D\u00f3lares[vc_empty_space][vc_row_inner][vc_column_inner width=&#8221;1\/2&#8243;][\/vc_column_inner][vc_column_inner width=&#8221;1\/2&#8243;][vc_cta h2=&#8221;Corredor Freddy Fallas Jim\u00e9nez&#8221;]Tel\u00e9fono: 2551-0350 Direcci\u00f3n: De la esquina sureste de los Tribunales de Justicia, 100mts sur y 175 al oeste. Edificio 2 plantas color gris.[\/vc_cta][vc_gmaps link=&#8221;#E-8_JTNDaWZyYW1lJTIwc3JjJTNEJTIyaHR0cHMlM0ElMkYlMkZ3d3cuZ29vZ2xlLmNvbSUyRm1hcHMlMkZlbWJlZCUzRnBiJTNEJTIxMW0xOCUyMTFtMTIlMjExbTMlMjExZDM5MzAuODY1MDU0MzA4MTM3NiUyMTJkLTgzLjkxOTk3MDA4NTIwNjkzJTIxM2Q5Ljg2MTY4NzA5Mjk0NjA5MiUyMTJtMyUyMTFmMCUyMTJmMCUyMTNmMCUyMTNtMiUyMTFpMTAyNCUyMTJpNzY4JTIxNGYxMy4xJTIxM20zJTIxMW0yJTIxMXMweDAlMjUzQTB4NDc1MDlhMDM2NjMyZGY1JTIxMnNDb3JyZWRvciUyNTIwTHVpcyUyNTIwR3VpbGxlcm1vJTI1MjBNYXJ0JTI1QzMlMjVBRG5leiUyNTIwR3V0aSUyNUMzJTI1QTlycmV6JTIxNWUwJTIxM20yJTIxMXNlcyUyMTJzY3IlMjE0djE2MzA2OTAzODI5MTUlMjE1bTIlMjExc2VzJTIxMnNjciUyMiUyMHdpZHRoJTNEJTIyNjAwJTIyJTIwaGVpZ2h0JTNEJTIyNDUwJTIyJTIwc3R5bGUlM0QlMjJib3JkZXIlM0EwJTNCJTIyJTIwYWxsb3dmdWxsc2NyZWVuJTNEJTIyJTIyJTIwbG9hZGluZyUzRCUyMmxhenklMjIlM0UlM0MlMkZpZnJhbWUlM0U=&#8221;][\/vc_column_inner][\/vc_row_inner][vc_empty_space][vc_row_inner][vc_column_inner][vc_single_image image=&#8221;32765&#8243; img_size=&#8221;large&#8221; alignment=&#8221;center&#8221;][\/vc_column_inner][\/vc_row_inner][\/vc_column][\/vc_row][vc_section][\/vc_section]<\/p>\n","category_list_v2":"","author_info_v2":{"name":"admin","url":"https:\/\/www.innovaseguros.cr\/?author=1"},"comments_num_v2":"0 comentarios","_links":{"self":[{"href":"https:\/\/www.innovaseguros.cr\/index.php?rest_route=\/wp\/v2\/pages\/32258","targetHints":{"allow":["GET"]}}],"collection":[{"href":"https:\/\/www.innovaseguros.cr\/index.php?rest_route=\/wp\/v2\/pages"}],"about":[{"href":"https:\/\/www.innovaseguros.cr\/index.php?rest_route=\/wp\/v2\/types\/page"}],"author":[{"embeddable":true,"href":"https:\/\/www.innovaseguros.cr\/index.php?rest_route=\/wp\/v2\/users\/1"}],"replies":[{"embeddable":true,"href":"https:\/\/www.innovaseguros.cr\/index.php?rest_route=%2Fwp%2Fv2%2Fcomments&post=32258"}],"version-history":[{"count":23,"href":"https:\/\/www.innovaseguros.cr\/index.php?rest_route=\/wp\/v2\/pages\/32258\/revisions"}],"predecessor-version":[{"id":33172,"href":"https:\/\/www.innovaseguros.cr\/index.php?rest_route=\/wp\/v2\/pages\/32258\/revisions\/33172"}],"wp:attachment":[{"href":"https:\/\/www.innovaseguros.cr\/index.php?rest_route=%2Fwp%2Fv2%2Fmedia&parent=32258"}],"curies":[{"name":"wp","href":"https:\/\/api.w.org\/{rel}","templated":true}]}}