{"id":32220,"date":"2021-09-10T00:48:05","date_gmt":"2021-09-10T00:48:05","guid":{"rendered":"https:\/\/www.innovaseguros.cr\/?page_id=32220"},"modified":"2026-02-25T21:10:14","modified_gmt":"2026-02-25T21:10:14","slug":"oficina-santa-ana","status":"publish","type":"page","link":"https:\/\/www.innovaseguros.cr\/?page_id=32220","title":{"rendered":"Sede Santa Ana"},"content":{"rendered":"<p>[vc_row][vc_column][vc_empty_space][vc_custom_heading text=&#8221;Sede Santa Ana&#8221; font_container=&#8221;tag:h1|font_size:36|text_align:center&#8221; google_fonts=&#8221;font_family:Lato%3A100%2C100italic%2C300%2C300italic%2Cregular%2Citalic%2C700%2C700italic%2C900%2C900italic|font_style:700%20bold%20regular%3A700%3Anormal&#8221;][vc_empty_space][vc_column_text]<\/p>\n<h1 style=\"text-align: center;\"><strong>\u00a1Adquiera su seguro ya!<\/strong><\/h1>\n<p>[\/vc_column_text]<div id=\"mpc_grid_anything-6469e066a27efd3\" class=\"mpc-grid-anything mpc-init \"  data-grid-cols=\"2\">[vc_column_text]<\/p>\n<h2><strong>Maria Jos\u00e9 Roldan Garc\u00eda<\/strong><\/h2>\n<p>[\/vc_column_text][vc_column_text]<\/p>\n<h2><strong>Ricardo Zamora Morales<\/strong><\/h2>\n<p>[\/vc_column_text]<a href=\"https:\/\/cotiza.ins-cr.com\/frmDatosIncluir.aspx?glck=s70%2bAaLc4rw8ckE4M6akuFalKnLVLuIzmxzObsJvOuUCajLJ4f2CWRbYKUEU8FLO\" target=\"_blank\" title=\"Viajero con Asistencia - Maria Jose\"  data-id=\"mpc_button-4569e066a27f0e9\" class=\"mpc-button mpc-init mpc-transition mpc-typography--mpc_preset_62 \" ><div class=\"mpc-button__content mpc-effect-type--stay mpc-effect-side--right\"><span class=\"mpc-button__title mpc-transition\">Viajero con Asistencia<\/span><i class=\"mpc-button__icon mpc-transition  fa fa-angle-right\"><\/i><\/div><div class=\"mpc-button__background mpc-transition mpc-effect-type--fade mpc-effect-side--in\"><\/div><\/a><a href=\"https:\/\/cotiza.ins-cr.com\/frmDatosIncluir.aspx?glck=YB3KPtMqOOvTiWgEQAcEn4hB1aUCFNiizxRHr%2bINSTRsF8RV2MzROj8TYWzF8NsH\" target=\"_blank\" title=\"Viajero con Asistencia - Ricardo\"  data-id=\"mpc_button-3269e066a27f1a5\" class=\"mpc-button mpc-init mpc-transition mpc-typography--mpc_preset_62 \" ><div class=\"mpc-button__content mpc-effect-type--stay mpc-effect-side--right\"><span class=\"mpc-button__title mpc-transition\">Viajero con Asistencia<\/span><i class=\"mpc-button__icon mpc-transition  fa fa-angle-right\"><\/i><\/div><div class=\"mpc-button__background mpc-transition mpc-effect-type--fade mpc-effect-side--in\"><\/div><\/a><a href=\"https:\/\/cotiza.ins-cr.com\/frmDatosIncluir.aspx?glck=6miCejfSF0KL%2fvQVqE83ThUsr7tvdLdrSX6sGNEN%2bnI63UqliUjeSJRPQJ1FkrIr\" target=\"_blank\" title=\"Seguro Estudiantil - Maria Jose\"  data-id=\"mpc_button-4269e066a27f221\" class=\"mpc-button mpc-init mpc-transition mpc-typography--mpc_preset_62 \" ><div class=\"mpc-button__content mpc-effect-type--stay mpc-effect-side--right\"><span class=\"mpc-button__title mpc-transition\">Seguro Estudiantil<\/span><i class=\"mpc-button__icon mpc-transition  fa fa-angle-right\"><\/i><\/div><div class=\"mpc-button__background mpc-transition mpc-effect-type--fade mpc-effect-side--in\"><\/div><\/a><a href=\"https:\/\/cotiza.ins-cr.com\/frmDatosIncluir.aspx?glck=GCH1eAqJG0iYiFUNC%2bjT7KKppQJLXQOI%2f0Jqditq65j8g1pFlM0a5O%2bpY9Y0CRGT\" target=\"_blank\" title=\"Seguro Estudiantil - Ricardo\"  data-id=\"mpc_button-8269e066a27f281\" class=\"mpc-button mpc-init mpc-transition mpc-typography--mpc_preset_62 \" ><div class=\"mpc-button__content mpc-effect-type--stay mpc-effect-side--right\"><span class=\"mpc-button__title mpc-transition\">Seguro Estudiantil<\/span><i class=\"mpc-button__icon mpc-transition  fa fa-angle-right\"><\/i><\/div><div class=\"mpc-button__background mpc-transition mpc-effect-type--fade mpc-effect-side--in\"><\/div><\/a><a href=\"https:\/\/cotiza.ins-cr.com\/frmDatosIncluir.aspx?glck=s70%2bAaLc4rw8ckE4M6akuMentUTUHXbcKUbIHCrmmyy64ZMgszNpCgfpbn4b%2fw%2bQ\" target=\"_blank\" title=\"Permiso de Conducir - Maria Jose\"  data-id=\"mpc_button-8269e066a27f2e6\" class=\"mpc-button mpc-init mpc-transition mpc-typography--mpc_preset_62 \" ><div class=\"mpc-button__content mpc-effect-type--stay mpc-effect-side--right\"><span class=\"mpc-button__title mpc-transition\">Permiso de Conducir<\/span><i class=\"mpc-button__icon mpc-transition  fa fa-angle-right\"><\/i><\/div><div class=\"mpc-button__background mpc-transition mpc-effect-type--fade mpc-effect-side--in\"><\/div><\/a><a href=\"https:\/\/cotiza.ins-cr.com\/frmDatosIncluir.aspx?glck=s70%2bAaLc4rw8ckE4M6akuI3mOp3J51Ap6mRSb5uwVRAsJLPOYdYcLwplHGMHUUOW\" target=\"_blank\" title=\"Permiso de Conducir - Ricardo\"  data-id=\"mpc_button-4069e066a27f33f\" class=\"mpc-button mpc-init mpc-transition mpc-typography--mpc_preset_62 \" ><div class=\"mpc-button__content mpc-effect-type--stay mpc-effect-side--right\"><span class=\"mpc-button__title mpc-transition\">Permiso de Conducir<\/span><i class=\"mpc-button__icon mpc-transition  fa fa-angle-right\"><\/i><\/div><div class=\"mpc-button__background mpc-transition mpc-effect-type--fade mpc-effect-side--in\"><\/div><\/a><a href=\"https:\/\/cotiza.ins-cr.com\/frmDatosIncluir.aspx?glck=s70%2bAaLc4rw8ckE4M6akuAk8GjnB8TDM8axGkHGyqYyUMXUHXqXF%2bQiUxcWI1m%2b8\" target=\"_blank\" title=\"Vida Plus Colones - Maria Jose\"  data-id=\"mpc_button-2669e066a27f3ae\" class=\"mpc-button mpc-init mpc-transition mpc-typography--mpc_preset_62 \" ><div class=\"mpc-button__content mpc-effect-type--stay mpc-effect-side--right\"><span class=\"mpc-button__title mpc-transition\">Vida Plus Colones<\/span><i class=\"mpc-button__icon mpc-transition  fa fa-angle-right\"><\/i><\/div><div class=\"mpc-button__background mpc-transition mpc-effect-type--fade mpc-effect-side--in\"><\/div><\/a><a href=\"https:\/\/cotiza.ins-cr.com\/frmDatosIncluir.aspx?glck=s70%2bAaLc4rw8ckE4M6akuP%2fwW3Nb8IsFv88%2fTzp8vmRmJRQQzYApExKeMh4CSRF2\" target=\"_blank\" title=\"Vida Plus Colones - Ricardo\"  data-id=\"mpc_button-6169e066a27f40a\" class=\"mpc-button mpc-init mpc-transition mpc-typography--mpc_preset_62 \" ><div class=\"mpc-button__content mpc-effect-type--stay mpc-effect-side--right\"><span class=\"mpc-button__title mpc-transition\">Vida Plus Colones<\/span><i class=\"mpc-button__icon mpc-transition  fa fa-angle-right\"><\/i><\/div><div class=\"mpc-button__background mpc-transition mpc-effect-type--fade mpc-effect-side--in\"><\/div><\/a><a href=\"https:\/\/cotiza.ins-cr.com\/frmDatosIncluir.aspx?glck=s70%2bAaLc4rw8ckE4M6akuJRCGcxuLOVdkNlhKDBfKGeP4uj8%2bHE1hB5rttMlxzUN\" target=\"_blank\" title=\"Vida Plus D\u00f3lares - Maria Jose\"  data-id=\"mpc_button-169e066a27f465\" class=\"mpc-button mpc-init mpc-transition mpc-typography--mpc_preset_62 \" ><div class=\"mpc-button__content mpc-effect-type--stay mpc-effect-side--right\"><span class=\"mpc-button__title mpc-transition\">Vida Plus D\u00f3lares<\/span><i class=\"mpc-button__icon mpc-transition  fa fa-angle-right\"><\/i><\/div><div class=\"mpc-button__background mpc-transition mpc-effect-type--fade mpc-effect-side--in\"><\/div><\/a><a href=\"https:\/\/cotiza.ins-cr.com\/frmDatosIncluir.aspx?glck=s70%2bAaLc4rw8ckE4M6akuDeM6hU7r0PdVAZJI52TFNmm1bG9BGVtjubyxgAEixuH\" target=\"_blank\" title=\"Vida Plus D\u00f3lares - Ricardo\"  data-id=\"mpc_button-6969e066a27f4bc\" class=\"mpc-button mpc-init mpc-transition mpc-typography--mpc_preset_62 \" ><div class=\"mpc-button__content mpc-effect-type--stay mpc-effect-side--right\"><span class=\"mpc-button__title mpc-transition\">Vida Plus D\u00f3lares<\/span><i class=\"mpc-button__icon mpc-transition  fa fa-angle-right\"><\/i><\/div><div class=\"mpc-button__background mpc-transition mpc-effect-type--fade mpc-effect-side--in\"><\/div><\/a><\/div>[vc_empty_space][vc_row_inner][vc_column_inner width=&#8221;1\/2&#8243;]<div class=\"mpc-carousel__wrapper mpc-waypoint\"><div id=\"mpc_carousel_image-3269e066a27f577\" class=\"mpc-carousel-image mpc-init mpc-layout--classic mpc-effect--none \"  data-mpcslick='{\"infinite\":true,\"autoplay\":true,\"slidesToShow\":2,\"slidesToScroll\":2,\"centerMode\":false,\"initialSlide\":0,\"autoplaySpeed\":1800,\"speed\":900}' data-slick-cols=\"2\"><div target=\"\"class=\"mpc-carousel__item-wrapper\" data-height=\"466\"><div onclick=\"\" class=\"mpc-item mpc-transition\"><div class=\"mpc-border\"><\/div><img loading=\"lazy\" decoding=\"async\" width=\"2560\" height=\"1866\" src=\"https:\/\/www.innovaseguros.cr\/wp-content\/uploads\/2023\/03\/Plantilla-Foto-Maria-Jose-Roldan-01-scaled.jpg\" class=\"mpc-transition attachment-full\" alt=\"\" srcset=\"https:\/\/www.innovaseguros.cr\/wp-content\/uploads\/2023\/03\/Plantilla-Foto-Maria-Jose-Roldan-01-scaled.jpg 2560w, https:\/\/www.innovaseguros.cr\/wp-content\/uploads\/2023\/03\/Plantilla-Foto-Maria-Jose-Roldan-01-300x219.jpg 300w, https:\/\/www.innovaseguros.cr\/wp-content\/uploads\/2023\/03\/Plantilla-Foto-Maria-Jose-Roldan-01-1024x746.jpg 1024w, https:\/\/www.innovaseguros.cr\/wp-content\/uploads\/2023\/03\/Plantilla-Foto-Maria-Jose-Roldan-01-768x560.jpg 768w, https:\/\/www.innovaseguros.cr\/wp-content\/uploads\/2023\/03\/Plantilla-Foto-Maria-Jose-Roldan-01-1536x1120.jpg 1536w, https:\/\/www.innovaseguros.cr\/wp-content\/uploads\/2023\/03\/Plantilla-Foto-Maria-Jose-Roldan-01-2048x1493.jpg 2048w, https:\/\/www.innovaseguros.cr\/wp-content\/uploads\/2023\/03\/Plantilla-Foto-Maria-Jose-Roldan-01-500x364.jpg 500w\" sizes=\"auto, (max-width: 2560px) 100vw, 2560px\" \/><\/div><\/div><div target=\"\"class=\"mpc-carousel__item-wrapper\" data-height=\"467\"><div onclick=\"\" class=\"mpc-item mpc-transition\"><div class=\"mpc-border\"><\/div><img loading=\"lazy\" decoding=\"async\" width=\"2560\" height=\"1868\" src=\"https:\/\/www.innovaseguros.cr\/wp-content\/uploads\/2021\/10\/Ricardo-Zamora-Morales-01-scaled.jpg\" class=\"mpc-transition attachment-full\" alt=\"\" srcset=\"https:\/\/www.innovaseguros.cr\/wp-content\/uploads\/2021\/10\/Ricardo-Zamora-Morales-01-scaled.jpg 2560w, https:\/\/www.innovaseguros.cr\/wp-content\/uploads\/2021\/10\/Ricardo-Zamora-Morales-01-300x219.jpg 300w, https:\/\/www.innovaseguros.cr\/wp-content\/uploads\/2021\/10\/Ricardo-Zamora-Morales-01-1024x747.jpg 1024w, https:\/\/www.innovaseguros.cr\/wp-content\/uploads\/2021\/10\/Ricardo-Zamora-Morales-01-768x560.jpg 768w, https:\/\/www.innovaseguros.cr\/wp-content\/uploads\/2021\/10\/Ricardo-Zamora-Morales-01-1536x1121.jpg 1536w, https:\/\/www.innovaseguros.cr\/wp-content\/uploads\/2021\/10\/Ricardo-Zamora-Morales-01-2048x1494.jpg 2048w, https:\/\/www.innovaseguros.cr\/wp-content\/uploads\/2021\/10\/Ricardo-Zamora-Morales-01-500x365.jpg 500w\" sizes=\"auto, (max-width: 2560px) 100vw, 2560px\" \/><\/div><\/div><\/div><div class=\"mpc-navigation mpc-init mpc-align--left mpc-navigation--style_1  mpc-nav-preset--\" data-mpcslider=\"mpc_carousel_image-3269e066a27f577\"><div class=\"mpc-nav__arrow mpcslick-prev\"><div class=\"mpc-nav__icon mpc-transition\"><i class=\"\"><div class=\"mpc-nav__background mpc-transition mpc-effect-type--fade mpc-effect-side--in\"><\/div><\/i><\/div><\/div><div class=\"mpc-nav__arrow mpcslick-next\"><div class=\"mpc-nav__icon mpc-transition\"><i class=\"\"><div class=\"mpc-nav__background mpc-transition mpc-effect-type--fade mpc-effect-side--in\"><\/div><\/i><\/div><\/div><\/div><\/div>[\/vc_column_inner][vc_column_inner width=&#8221;1\/2&#8243;][vc_cta h2=&#8221;Corredora Maria Jos\u00e9 Rold\u00e1n Garc\u00eda&#8221;]Tel\u00e9fono: 2289-4850<\/p>\n<p>Direcci\u00f3n: Santa Ana.[\/vc_cta][vc_gmaps link=&#8221;#E-8_JTNDaWZyYW1lJTIwc3JjJTNEJTIyaHR0cHMlM0ElMkYlMkZ3d3cuZ29vZ2xlLmNvbSUyRm1hcHMlMkZlbWJlZCUzRnBiJTNEJTIxMW0xOCUyMTFtMTIlMjExbTMlMjExZDM5MzAuMDYxMzU2NjEyOTQ3NyUyMTJkLTg0LjIyMDQ4ODA4NTIwNjQ0JTIxM2Q5LjkyODg0ODI5Mjg5OTkyNSUyMTJtMyUyMTFmMCUyMTJmMCUyMTNmMCUyMTNtMiUyMTFpMTAyNCUyMTJpNzY4JTIxNGYxMy4xJTIxM20zJTIxMW0yJTIxMXMweDhmYTBmZjJjNmFmOWM4YTclMjUzQTB4MjNkZTA3YmM4NTFkZTFmJTIxMnpRMjl5Y21Wa2IzSmhJRTFoY3NPdFlTQktiM1BEcVNCU2IyeGt3NkZ1JTIxNWUwJTIxM20yJTIxMXNlcyUyMTJzY3IlMjE0djE2MzE2NDE5NzQxMTMlMjE1bTIlMjExc2VzJTIxMnNjciUyMiUyMHdpZHRoJTNEJTIyNjAwJTIyJTIwaGVpZ2h0JTNEJTIyNDUwJTIyJTIwc3R5bGUlM0QlMjJib3JkZXIlM0EwJTNCJTIyJTIwYWxsb3dmdWxsc2NyZWVuJTNEJTIyJTIyJTIwbG9hZGluZyUzRCUyMmxhenklMjIlM0UlM0MlMkZpZnJhbWUlM0U=&#8221;][\/vc_column_inner][\/vc_row_inner][vc_empty_space][vc_single_image image=&#8221;33239&#8243; img_size=&#8221;large&#8221; alignment=&#8221;center&#8221;][\/vc_column][\/vc_row][vc_section][\/vc_section][vc_section][\/vc_section]<\/p>\n","protected":false},"excerpt":{"rendered":"<p>[vc_row][vc_column][vc_empty_space][vc_custom_heading text=&#8221;Sede Santa Ana&#8221; font_container=&#8221;tag:h1|font_size:36|text_align:center&#8221; google_fonts=&#8221;font_family:Lato%3A100%2C100italic%2C300%2C300italic%2Cregular%2Citalic%2C700%2C700italic%2C900%2C900italic|font_style:700%20bold%20regular%3A700%3Anormal&#8221;][vc_empty_space][vc_column_text] \u00a1Adquiera su seguro ya! [\/vc_column_text][vc_empty_space][vc_row_inner][vc_column_inner width=&#8221;1\/2&#8243;][\/vc_column_inner][vc_column_inner width=&#8221;1\/2&#8243;][vc_cta h2=&#8221;Corredora Maria Jos\u00e9 Rold\u00e1n Garc\u00eda&#8221;]Tel\u00e9fono: 2289-4850 Direcci\u00f3n: Santa Ana.[\/vc_cta][vc_gmaps link=&#8221;#E-8_JTNDaWZyYW1lJTIwc3JjJTNEJTIyaHR0cHMlM0ElMkYlMkZ3d3cuZ29vZ2xlLmNvbSUyRm1hcHMlMkZlbWJlZCUzRnBiJTNEJTIxMW0xOCUyMTFtMTIlMjExbTMlMjExZDM5MzAuMDYxMzU2NjEyOTQ3NyUyMTJkLTg0LjIyMDQ4ODA4NTIwNjQ0JTIxM2Q5LjkyODg0ODI5Mjg5OTkyNSUyMTJtMyUyMTFmMCUyMTJmMCUyMTNmMCUyMTNtMiUyMTFpMTAyNCUyMTJpNzY4JTIxNGYxMy4xJTIxM20zJTIxMW0yJTIxMXMweDhmYTBmZjJjNmFmOWM4YTclMjUzQTB4MjNkZTA3YmM4NTFkZTFmJTIxMnpRMjl5Y21Wa2IzSmhJRTFoY3NPdFlTQktiM1BEcVNCU2IyeGt3NkZ1JTIxNWUwJTIxM20yJTIxMXNlcyUyMTJzY3IlMjE0djE2MzE2NDE5NzQxMTMlMjE1bTIlMjExc2VzJTIxMnNjciUyMiUyMHdpZHRoJTNEJTIyNjAwJTIyJTIwaGVpZ2h0JTNEJTIyNDUwJTIyJTIwc3R5bGUlM0QlMjJib3JkZXIlM0EwJTNCJTIyJTIwYWxsb3dmdWxsc2NyZWVuJTNEJTIyJTIyJTIwbG9hZGluZyUzRCUyMmxhenklMjIlM0UlM0MlMkZpZnJhbWUlM0U=&#8221;][\/vc_column_inner][\/vc_row_inner][vc_empty_space][vc_single_image image=&#8221;33239&#8243; img_size=&#8221;large&#8221; alignment=&#8221;center&#8221;][\/vc_column][\/vc_row][vc_section][\/vc_section][vc_section][\/vc_section]<\/p>\n","protected":false},"author":1,"featured_media":0,"parent":0,"menu_order":0,"comment_status":"closed","ping_status":"closed","template":"","meta":{"footnotes":""},"class_list":["post-32220","page","type-page","status-publish","hentry"],"featured_image_urls_v2":{"full":"","thumbnail":"","medium":"","medium_large":"","large":"","1536x1536":"","2048x2048":"","the_grid_size1":"","the_grid_size2":"","the_grid_size3":"","the_grid_size4":"","the_grid_size5":"","mf-theme-category-hrz":"","mf-theme-blog-full":"","mf_image_shop_carousel":"","post-thumbnail":"","woocommerce_thumbnail":"","woocommerce_single":"","woocommerce_gallery_thumbnail":""},"post_excerpt_stackable_v2":"<p>[vc_row][vc_column][vc_empty_space][vc_custom_heading text=&#8221;Sede Santa Ana&#8221; font_container=&#8221;tag:h1|font_size:36|text_align:center&#8221; google_fonts=&#8221;font_family:Lato%3A100%2C100italic%2C300%2C300italic%2Cregular%2Citalic%2C700%2C700italic%2C900%2C900italic|font_style:700%20bold%20regular%3A700%3Anormal&#8221;][vc_empty_space][vc_column_text] \u00a1Adquiera su seguro ya! [\/vc_column_text][vc_column_text] Maria Jos\u00e9 Roldan Garc\u00eda [\/vc_column_text][vc_column_text] Ricardo Zamora Morales [\/vc_column_text]Viajero con AsistenciaViajero con AsistenciaSeguro EstudiantilSeguro EstudiantilPermiso de ConducirPermiso de ConducirVida Plus ColonesVida Plus ColonesVida Plus D\u00f3laresVida Plus D\u00f3lares[vc_empty_space][vc_row_inner][vc_column_inner width=&#8221;1\/2&#8243;][\/vc_column_inner][vc_column_inner width=&#8221;1\/2&#8243;][vc_cta h2=&#8221;Corredora Maria Jos\u00e9 Rold\u00e1n Garc\u00eda&#8221;]Tel\u00e9fono: 2289-4850 Direcci\u00f3n: Santa Ana.[\/vc_cta][vc_gmaps link=&#8221;#E-8_JTNDaWZyYW1lJTIwc3JjJTNEJTIyaHR0cHMlM0ElMkYlMkZ3d3cuZ29vZ2xlLmNvbSUyRm1hcHMlMkZlbWJlZCUzRnBiJTNEJTIxMW0xOCUyMTFtMTIlMjExbTMlMjExZDM5MzAuMDYxMzU2NjEyOTQ3NyUyMTJkLTg0LjIyMDQ4ODA4NTIwNjQ0JTIxM2Q5LjkyODg0ODI5Mjg5OTkyNSUyMTJtMyUyMTFmMCUyMTJmMCUyMTNmMCUyMTNtMiUyMTFpMTAyNCUyMTJpNzY4JTIxNGYxMy4xJTIxM20zJTIxMW0yJTIxMXMweDhmYTBmZjJjNmFmOWM4YTclMjUzQTB4MjNkZTA3YmM4NTFkZTFmJTIxMnpRMjl5Y21Wa2IzSmhJRTFoY3NPdFlTQktiM1BEcVNCU2IyeGt3NkZ1JTIxNWUwJTIxM20yJTIxMXNlcyUyMTJzY3IlMjE0djE2MzE2NDE5NzQxMTMlMjE1bTIlMjExc2VzJTIxMnNjciUyMiUyMHdpZHRoJTNEJTIyNjAwJTIyJTIwaGVpZ2h0JTNEJTIyNDUwJTIyJTIwc3R5bGUlM0QlMjJib3JkZXIlM0EwJTNCJTIyJTIwYWxsb3dmdWxsc2NyZWVuJTNEJTIyJTIyJTIwbG9hZGluZyUzRCUyMmxhenklMjIlM0UlM0MlMkZpZnJhbWUlM0U=&#8221;][\/vc_column_inner][\/vc_row_inner][vc_empty_space][vc_single_image image=&#8221;33239&#8243; img_size=&#8221;large&#8221; alignment=&#8221;center&#8221;][\/vc_column][\/vc_row][vc_section][\/vc_section][vc_section][\/vc_section]<\/p>\n","category_list_v2":"","author_info_v2":{"name":"admin","url":"https:\/\/www.innovaseguros.cr\/?author=1"},"comments_num_v2":"0 comentarios","_links":{"self":[{"href":"https:\/\/www.innovaseguros.cr\/index.php?rest_route=\/wp\/v2\/pages\/32220","targetHints":{"allow":["GET"]}}],"collection":[{"href":"https:\/\/www.innovaseguros.cr\/index.php?rest_route=\/wp\/v2\/pages"}],"about":[{"href":"https:\/\/www.innovaseguros.cr\/index.php?rest_route=\/wp\/v2\/types\/page"}],"author":[{"embeddable":true,"href":"https:\/\/www.innovaseguros.cr\/index.php?rest_route=\/wp\/v2\/users\/1"}],"replies":[{"embeddable":true,"href":"https:\/\/www.innovaseguros.cr\/index.php?rest_route=%2Fwp%2Fv2%2Fcomments&post=32220"}],"version-history":[{"count":21,"href":"https:\/\/www.innovaseguros.cr\/index.php?rest_route=\/wp\/v2\/pages\/32220\/revisions"}],"predecessor-version":[{"id":33240,"href":"https:\/\/www.innovaseguros.cr\/index.php?rest_route=\/wp\/v2\/pages\/32220\/revisions\/33240"}],"wp:attachment":[{"href":"https:\/\/www.innovaseguros.cr\/index.php?rest_route=%2Fwp%2Fv2%2Fmedia&parent=32220"}],"curies":[{"name":"wp","href":"https:\/\/api.w.org\/{rel}","templated":true}]}}