{"id":32199,"date":"2021-09-09T20:28:55","date_gmt":"2021-09-09T20:28:55","guid":{"rendered":"https:\/\/www.innovaseguros.cr\/?page_id=32199"},"modified":"2025-09-02T15:15:50","modified_gmt":"2025-09-02T15:15:50","slug":"oficina-san-ramon","status":"publish","type":"page","link":"https:\/\/www.innovaseguros.cr\/?page_id=32199","title":{"rendered":"Sede San Ram\u00f3n"},"content":{"rendered":"<p>[vc_row][vc_column][vc_custom_heading text=&#8221;Sede San Ram\u00f3n&#8221; font_container=&#8221;tag:h1|font_size:36|text_align:center&#8221; google_fonts=&#8221;font_family:Lato%3A100%2C100italic%2C300%2C300italic%2Cregular%2Citalic%2C700%2C700italic%2C900%2C900italic|font_style:700%20bold%20regular%3A700%3Anormal&#8221;][vc_empty_space][vc_column_text]<\/p>\n<h1 style=\"text-align: center;\"><strong>\u00a1Adquiera su seguro ya!<\/strong><\/h1>\n<p>[\/vc_column_text]<div id=\"mpc_grid_anything-669e07959ee1f0\" class=\"mpc-grid-anything mpc-init \"  data-grid-cols=\"2\"><a href=\"https:\/\/cotiza.ins-cr.com\/frmDatosIncluir.aspx?glck=s70%2bAaLc4rw8ckE4M6akuE9ZvYMelojxQE6ShwT24I%2b2NfcQJKTDbDxOPVkfMcAL\" target=\"_blank\" title=\"Viajero con Asistencia -Jose Francisco\"  data-id=\"mpc_button-4869e07959ee383\" class=\"mpc-button mpc-init mpc-transition mpc-typography--mpc_preset_62 \" ><div class=\"mpc-button__content mpc-effect-type--stay mpc-effect-side--right\"><span class=\"mpc-button__title mpc-transition\">Viajero con Asistencia<\/span><i class=\"mpc-button__icon mpc-transition  fa fa-angle-right\"><\/i><\/div><div class=\"mpc-button__background mpc-transition mpc-effect-type--fade mpc-effect-side--in\"><\/div><\/a><a href=\"https:\/\/cotiza.ins-cr.com\/frmDatosIncluir.aspx?glck=Hkn0iNd9XmDJ0QXMpBl9x2E4m7D3uE9b4cj4jfi509q5NgHNBUWLyIG3Mb4DN7kn\" target=\"_blank\" title=\"Seguro Estudiantil -Jose Francisco\"  data-id=\"mpc_button-869e07959ee478\" class=\"mpc-button mpc-init mpc-transition mpc-typography--mpc_preset_62 \" ><div class=\"mpc-button__content mpc-effect-type--stay mpc-effect-side--right\"><span class=\"mpc-button__title mpc-transition\">Seguro Estudiantil<\/span><i class=\"mpc-button__icon mpc-transition  fa fa-angle-right\"><\/i><\/div><div class=\"mpc-button__background mpc-transition mpc-effect-type--fade mpc-effect-side--in\"><\/div><\/a><a href=\"https:\/\/cotiza.ins-cr.com\/frmDatosIncluir.aspx?glck=s70%2bAaLc4rw8ckE4M6akuEXRFKlplXoFw3Onyi9G1V7NL%2fg9%2bfITqg1HpIyYX9RN\" target=\"_blank\" title=\"Permiso de Conducir -Jose Francisco\"  data-id=\"mpc_button-469e07959ee50a\" class=\"mpc-button mpc-init mpc-transition mpc-typography--mpc_preset_62 \" ><div class=\"mpc-button__content mpc-effect-type--stay mpc-effect-side--right\"><span class=\"mpc-button__title mpc-transition\">Permiso de Conducir<\/span><i class=\"mpc-button__icon mpc-transition  fa fa-angle-right\"><\/i><\/div><div class=\"mpc-button__background mpc-transition mpc-effect-type--fade mpc-effect-side--in\"><\/div><\/a><a href=\"https:\/\/cotiza.ins-cr.com\/frmDatosIncluir.aspx?glck=s70%2bAaLc4rw8ckE4M6akuEENtGYuCJUSGsB9pzulLeO3%2b4ch5IZcO7huNIAWCUd9\" target=\"_blank\" title=\"Vida Plus Colones -Jose Francisco\"  data-id=\"mpc_button-3069e07959ee599\" class=\"mpc-button mpc-init mpc-transition mpc-typography--mpc_preset_62 \" ><div class=\"mpc-button__content mpc-effect-type--stay mpc-effect-side--right\"><span class=\"mpc-button__title mpc-transition\">Vida Plus Colones<\/span><i class=\"mpc-button__icon mpc-transition  fa fa-angle-right\"><\/i><\/div><div class=\"mpc-button__background mpc-transition mpc-effect-type--fade mpc-effect-side--in\"><\/div><\/a><a href=\"https:\/\/cotiza.ins-cr.com\/frmDatosIncluir.aspx?glck=s70%2bAaLc4rw8ckE4M6akuMBcCIwU8RwP3EaHrYwTo3pHU2UDK1ydO0nr%2fwiPhyRU\" target=\"_blank\" title=\"Vida Plus D\u00f3lares -Jose Francisco\"  data-id=\"mpc_button-9469e07959ee626\" class=\"mpc-button mpc-init mpc-transition mpc-typography--mpc_preset_62 \" ><div class=\"mpc-button__content mpc-effect-type--stay mpc-effect-side--right\"><span class=\"mpc-button__title mpc-transition\">Vida Plus D\u00f3lares<\/span><i class=\"mpc-button__icon mpc-transition  fa fa-angle-right\"><\/i><\/div><div class=\"mpc-button__background mpc-transition mpc-effect-type--fade mpc-effect-side--in\"><\/div><\/a><\/div>[vc_empty_space][vc_row_inner][vc_column_inner width=&#8221;1\/2&#8243;][vc_single_image image=&#8221;31885&#8243; img_size=&#8221;large&#8221;][\/vc_column_inner][vc_column_inner width=&#8221;1\/2&#8243;][vc_cta h2=&#8221;Corredor Jos\u00e9 Francisco Elizondo Alvarado&#8221;]Tel\u00e9fono: 2445-3207<\/p>\n<p>Direcci\u00f3n: Frente al Edificio del Ins.[\/vc_cta][vc_gmaps link=&#8221;#E-8_JTNDaWZyYW1lJTIwc3JjJTNEJTIyaHR0cHMlM0ElMkYlMkZ3d3cuZ29vZ2xlLmNvbSUyRm1hcHMlMkZlbWJlZCUzRnBiJTNEJTIxMW0xOCUyMTFtMTIlMjExbTMlMjExZDM5MjUuMjI2NDYyOTU0MjI3JTIxMmQtODQuNDMyMTY5NTg1MjU1MDUlMjEzZDEwLjMyMzc1MzA5MjYyOTY0JTIxMm0zJTIxMWYwJTIxMmYwJTIxM2YwJTIxM20yJTIxMWkxMDI0JTIxMmk3NjglMjE0ZjEzLjElMjEzbTMlMjExbTIlMjExczB4OGZhMDY1MWNiYjQ1MGI2NyUyNTNBMHg1OGQ4OTRkMjY4M2I5YTdlJTIxMnNJbm5vdmElMjUyMENvcnJlZG9yYSUyNTIwZGUlMjUyMFNlZ3Vyb3MlMjUyME9maWNpbmElMjUyMEFsZnJlZG8lMjUyME1veWElMjE1ZTAlMjEzbTIlMjExc2VzJTIxMnNjciUyMTR2MTYzMTIxNzg5OTU5NiUyMTVtMiUyMTFzZXMlMjEyc2NyJTIyJTIwd2lkdGglM0QlMjI2MDAlMjIlMjBoZWlnaHQlM0QlMjI0NTAlMjIlMjBzdHlsZSUzRCUyMmJvcmRlciUzQTAlM0IlMjIlMjBhbGxvd2Z1bGxzY3JlZW4lM0QlMjIlMjIlMjBsb2FkaW5nJTNEJTIybGF6eSUyMiUzRSUzQyUyRmlmcmFtZSUzRQ==&#8221;][\/vc_column_inner][\/vc_row_inner][vc_empty_space][\/vc_column][\/vc_row][vc_row][vc_column][vc_single_image image=&#8221;33124&#8243; img_size=&#8221;large&#8221; alignment=&#8221;center&#8221;][\/vc_column][\/vc_row][vc_section][\/vc_section][vc_section][\/vc_section]<\/p>\n","protected":false},"excerpt":{"rendered":"<p>[vc_row][vc_column][vc_custom_heading text=&#8221;Sede San Ram\u00f3n&#8221; font_container=&#8221;tag:h1|font_size:36|text_align:center&#8221; google_fonts=&#8221;font_family:Lato%3A100%2C100italic%2C300%2C300italic%2Cregular%2Citalic%2C700%2C700italic%2C900%2C900italic|font_style:700%20bold%20regular%3A700%3Anormal&#8221;][vc_empty_space][vc_column_text] \u00a1Adquiera su seguro ya! [\/vc_column_text][vc_empty_space][vc_row_inner][vc_column_inner width=&#8221;1\/2&#8243;][vc_single_image image=&#8221;31885&#8243; img_size=&#8221;large&#8221;][\/vc_column_inner][vc_column_inner width=&#8221;1\/2&#8243;][vc_cta h2=&#8221;Corredor Jos\u00e9 Francisco Elizondo Alvarado&#8221;]Tel\u00e9fono: 2445-3207 Direcci\u00f3n: Frente al Edificio del Ins.[\/vc_cta][vc_gmaps link=&#8221;#E-8_JTNDaWZyYW1lJTIwc3JjJTNEJTIyaHR0cHMlM0ElMkYlMkZ3d3cuZ29vZ2xlLmNvbSUyRm1hcHMlMkZlbWJlZCUzRnBiJTNEJTIxMW0xOCUyMTFtMTIlMjExbTMlMjExZDM5MjUuMjI2NDYyOTU0MjI3JTIxMmQtODQuNDMyMTY5NTg1MjU1MDUlMjEzZDEwLjMyMzc1MzA5MjYyOTY0JTIxMm0zJTIxMWYwJTIxMmYwJTIxM2YwJTIxM20yJTIxMWkxMDI0JTIxMmk3NjglMjE0ZjEzLjElMjEzbTMlMjExbTIlMjExczB4OGZhMDY1MWNiYjQ1MGI2NyUyNTNBMHg1OGQ4OTRkMjY4M2I5YTdlJTIxMnNJbm5vdmElMjUyMENvcnJlZG9yYSUyNTIwZGUlMjUyMFNlZ3Vyb3MlMjUyME9maWNpbmElMjUyMEFsZnJlZG8lMjUyME1veWElMjE1ZTAlMjEzbTIlMjExc2VzJTIxMnNjciUyMTR2MTYzMTIxNzg5OTU5NiUyMTVtMiUyMTFzZXMlMjEyc2NyJTIyJTIwd2lkdGglM0QlMjI2MDAlMjIlMjBoZWlnaHQlM0QlMjI0NTAlMjIlMjBzdHlsZSUzRCUyMmJvcmRlciUzQTAlM0IlMjIlMjBhbGxvd2Z1bGxzY3JlZW4lM0QlMjIlMjIlMjBsb2FkaW5nJTNEJTIybGF6eSUyMiUzRSUzQyUyRmlmcmFtZSUzRQ==&#8221;][\/vc_column_inner][\/vc_row_inner][vc_empty_space][\/vc_column][\/vc_row][vc_row][vc_column][vc_single_image image=&#8221;33124&#8243; img_size=&#8221;large&#8221; alignment=&#8221;center&#8221;][\/vc_column][\/vc_row][vc_section][\/vc_section][vc_section][\/vc_section]<\/p>\n","protected":false},"author":1,"featured_media":0,"parent":0,"menu_order":0,"comment_status":"closed","ping_status":"closed","template":"","meta":{"footnotes":""},"class_list":["post-32199","page","type-page","status-publish","hentry"],"featured_image_urls_v2":{"full":"","thumbnail":"","medium":"","medium_large":"","large":"","1536x1536":"","2048x2048":"","the_grid_size1":"","the_grid_size2":"","the_grid_size3":"","the_grid_size4":"","the_grid_size5":"","mf-theme-category-hrz":"","mf-theme-blog-full":"","mf_image_shop_carousel":"","post-thumbnail":"","woocommerce_thumbnail":"","woocommerce_single":"","woocommerce_gallery_thumbnail":""},"post_excerpt_stackable_v2":"<p>[vc_row][vc_column][vc_custom_heading text=&#8221;Sede San Ram\u00f3n&#8221; font_container=&#8221;tag:h1|font_size:36|text_align:center&#8221; google_fonts=&#8221;font_family:Lato%3A100%2C100italic%2C300%2C300italic%2Cregular%2Citalic%2C700%2C700italic%2C900%2C900italic|font_style:700%20bold%20regular%3A700%3Anormal&#8221;][vc_empty_space][vc_column_text] \u00a1Adquiera su seguro ya! [\/vc_column_text]Viajero con AsistenciaSeguro EstudiantilPermiso de ConducirVida Plus ColonesVida Plus D\u00f3lares[vc_empty_space][vc_row_inner][vc_column_inner width=&#8221;1\/2&#8243;][vc_single_image image=&#8221;31885&#8243; img_size=&#8221;large&#8221;][\/vc_column_inner][vc_column_inner width=&#8221;1\/2&#8243;][vc_cta h2=&#8221;Corredor Jos\u00e9 Francisco Elizondo Alvarado&#8221;]Tel\u00e9fono: 2445-3207 Direcci\u00f3n: Frente al Edificio del Ins.[\/vc_cta][vc_gmaps link=&#8221;#E-8_JTNDaWZyYW1lJTIwc3JjJTNEJTIyaHR0cHMlM0ElMkYlMkZ3d3cuZ29vZ2xlLmNvbSUyRm1hcHMlMkZlbWJlZCUzRnBiJTNEJTIxMW0xOCUyMTFtMTIlMjExbTMlMjExZDM5MjUuMjI2NDYyOTU0MjI3JTIxMmQtODQuNDMyMTY5NTg1MjU1MDUlMjEzZDEwLjMyMzc1MzA5MjYyOTY0JTIxMm0zJTIxMWYwJTIxMmYwJTIxM2YwJTIxM20yJTIxMWkxMDI0JTIxMmk3NjglMjE0ZjEzLjElMjEzbTMlMjExbTIlMjExczB4OGZhMDY1MWNiYjQ1MGI2NyUyNTNBMHg1OGQ4OTRkMjY4M2I5YTdlJTIxMnNJbm5vdmElMjUyMENvcnJlZG9yYSUyNTIwZGUlMjUyMFNlZ3Vyb3MlMjUyME9maWNpbmElMjUyMEFsZnJlZG8lMjUyME1veWElMjE1ZTAlMjEzbTIlMjExc2VzJTIxMnNjciUyMTR2MTYzMTIxNzg5OTU5NiUyMTVtMiUyMTFzZXMlMjEyc2NyJTIyJTIwd2lkdGglM0QlMjI2MDAlMjIlMjBoZWlnaHQlM0QlMjI0NTAlMjIlMjBzdHlsZSUzRCUyMmJvcmRlciUzQTAlM0IlMjIlMjBhbGxvd2Z1bGxzY3JlZW4lM0QlMjIlMjIlMjBsb2FkaW5nJTNEJTIybGF6eSUyMiUzRSUzQyUyRmlmcmFtZSUzRQ==&#8221;][\/vc_column_inner][\/vc_row_inner][vc_empty_space][\/vc_column][\/vc_row][vc_row][vc_column][vc_single_image image=&#8221;33124&#8243; img_size=&#8221;large&#8221; alignment=&#8221;center&#8221;][\/vc_column][\/vc_row][vc_section][\/vc_section][vc_section][\/vc_section]<\/p>\n","category_list_v2":"","author_info_v2":{"name":"admin","url":"https:\/\/www.innovaseguros.cr\/?author=1"},"comments_num_v2":"0 comentarios","_links":{"self":[{"href":"https:\/\/www.innovaseguros.cr\/index.php?rest_route=\/wp\/v2\/pages\/32199","targetHints":{"allow":["GET"]}}],"collection":[{"href":"https:\/\/www.innovaseguros.cr\/index.php?rest_route=\/wp\/v2\/pages"}],"about":[{"href":"https:\/\/www.innovaseguros.cr\/index.php?rest_route=\/wp\/v2\/types\/page"}],"author":[{"embeddable":true,"href":"https:\/\/www.innovaseguros.cr\/index.php?rest_route=\/wp\/v2\/users\/1"}],"replies":[{"embeddable":true,"href":"https:\/\/www.innovaseguros.cr\/index.php?rest_route=%2Fwp%2Fv2%2Fcomments&post=32199"}],"version-history":[{"count":10,"href":"https:\/\/www.innovaseguros.cr\/index.php?rest_route=\/wp\/v2\/pages\/32199\/revisions"}],"predecessor-version":[{"id":33165,"href":"https:\/\/www.innovaseguros.cr\/index.php?rest_route=\/wp\/v2\/pages\/32199\/revisions\/33165"}],"wp:attachment":[{"href":"https:\/\/www.innovaseguros.cr\/index.php?rest_route=%2Fwp%2Fv2%2Fmedia&parent=32199"}],"curies":[{"name":"wp","href":"https:\/\/api.w.org\/{rel}","templated":true}]}}