{"id":32185,"date":"2021-09-09T20:09:54","date_gmt":"2021-09-09T20:09:54","guid":{"rendered":"https:\/\/www.innovaseguros.cr\/?page_id=32185"},"modified":"2025-09-02T15:01:25","modified_gmt":"2025-09-02T15:01:25","slug":"oficina-pavas","status":"publish","type":"page","link":"https:\/\/www.innovaseguros.cr\/?page_id=32185","title":{"rendered":"Sede Pavas"},"content":{"rendered":"<p>[vc_row][vc_column][vc_custom_heading text=&#8221;Sede Pavas&#8221; font_container=&#8221;tag:h1|font_size:36|text_align:center&#8221; google_fonts=&#8221;font_family:Lato%3A100%2C100italic%2C300%2C300italic%2Cregular%2Citalic%2C700%2C700italic%2C900%2C900italic|font_style:700%20bold%20regular%3A700%3Anormal&#8221;][vc_empty_space][vc_column_text]<\/p>\n<h1 style=\"text-align: center;\"><strong>\u00a1Adquiera su seguro ya!<\/strong><\/h1>\n<p>[\/vc_column_text]<div id=\"mpc_grid_anything-5569e0668044de0\" class=\"mpc-grid-anything mpc-init \"  data-grid-cols=\"2\"><a href=\"https:\/\/cotiza.ins-cr.com\/frmDatosIncluir.aspx?glck=s70%2bAaLc4rw8ckE4M6akuBO%2b9585fVtw3k5IXRIZkjqnltTCKQSNWzPhNTwrClRF\" target=\"_blank\" title=\"Viajero con Asistencia - Jorge Sol\u00eds\"  data-id=\"mpc_button-9669e0668044ed2\" class=\"mpc-button mpc-init mpc-transition mpc-typography--mpc_preset_62 \" ><div class=\"mpc-button__content mpc-effect-type--stay mpc-effect-side--right\"><span class=\"mpc-button__title mpc-transition\">Viajero con Asistencia<\/span><i class=\"mpc-button__icon mpc-transition  fa fa-angle-right\"><\/i><\/div><div class=\"mpc-button__background mpc-transition mpc-effect-type--fade mpc-effect-side--in\"><\/div><\/a><a href=\"https:\/\/cotiza.ins-cr.com\/frmDatosIncluir.aspx?glck=Hkn0iNd9XmDJ0QXMpBl9x8y062KB66Ch0sGA5n4zMJcqECNxpwViTdNUzS4MHajv\" target=\"_blank\" title=\"Seguro Estudiantil - Jorge Sol\u00eds\"  data-id=\"mpc_button-4969e0668044fc5\" class=\"mpc-button mpc-init mpc-transition mpc-typography--mpc_preset_62 \" ><div class=\"mpc-button__content mpc-effect-type--stay mpc-effect-side--right\"><span class=\"mpc-button__title mpc-transition\">Seguro Estudiantil<\/span><i class=\"mpc-button__icon mpc-transition  fa fa-angle-right\"><\/i><\/div><div class=\"mpc-button__background mpc-transition mpc-effect-type--fade mpc-effect-side--in\"><\/div><\/a><a href=\"https:\/\/cotiza.ins-cr.com\/frmDatosIncluir.aspx?glck=s70%2bAaLc4rw8ckE4M6akuJJDrywzxvWOzuqxtdY3CrCfl2A4OXKGVTbDWV4oTjb8\" target=\"_blank\" title=\"Permiso de Conducir - Jorge Sol\u00eds\"  data-id=\"mpc_button-6769e0668045051\" class=\"mpc-button mpc-init mpc-transition mpc-typography--mpc_preset_62 \" ><div class=\"mpc-button__content mpc-effect-type--stay mpc-effect-side--right\"><span class=\"mpc-button__title mpc-transition\">Permiso de Conducir<\/span><i class=\"mpc-button__icon mpc-transition  fa fa-angle-right\"><\/i><\/div><div class=\"mpc-button__background mpc-transition mpc-effect-type--fade mpc-effect-side--in\"><\/div><\/a><a href=\"https:\/\/cotiza.ins-cr.com\/frmDatosIncluir.aspx?glck=s70%2bAaLc4rw8ckE4M6akuFn3wuT1NzPLjLDeZxS6Nzt6s87wgQ5sA%2fDCDSHt3Wh%2f\" target=\"_blank\" title=\"Vida Plus Colones - Jorge Sol\u00eds\"  data-id=\"mpc_button-6969e06680450bc\" class=\"mpc-button mpc-init mpc-transition mpc-typography--mpc_preset_62 \" ><div class=\"mpc-button__content mpc-effect-type--stay mpc-effect-side--right\"><span class=\"mpc-button__title mpc-transition\">Vida Plus Colones<\/span><i class=\"mpc-button__icon mpc-transition  fa fa-angle-right\"><\/i><\/div><div class=\"mpc-button__background mpc-transition mpc-effect-type--fade mpc-effect-side--in\"><\/div><\/a><a href=\"https:\/\/cotiza.ins-cr.com\/frmDatosIncluir.aspx?glck=s70%2bAaLc4rw8ckE4M6akuGMN4T8AbDxMnk6kNEagLen0mdo8KhxiNoX05gqVTja9\" target=\"_blank\" title=\"Vida Plus D\u00f3lares - Jorge Sol\u00eds\"  data-id=\"mpc_button-3869e0668045120\" class=\"mpc-button mpc-init mpc-transition mpc-typography--mpc_preset_62 \" ><div class=\"mpc-button__content mpc-effect-type--stay mpc-effect-side--right\"><span class=\"mpc-button__title mpc-transition\">Vida Plus D\u00f3lares<\/span><i class=\"mpc-button__icon mpc-transition  fa fa-angle-right\"><\/i><\/div><div class=\"mpc-button__background mpc-transition mpc-effect-type--fade mpc-effect-side--in\"><\/div><\/a><\/div>[vc_empty_space][vc_row_inner][vc_column_inner width=&#8221;1\/2&#8243;][vc_single_image image=&#8221;31874&#8243; img_size=&#8221;large&#8221;][\/vc_column_inner][vc_column_inner width=&#8221;1\/2&#8243;][vc_cta h2=&#8221;Corredor Jorge Sol\u00eds&#8221;]Tel\u00e9fono: 2231-0171<\/p>\n<p>Direcci\u00f3n: Urb Roma, Calle 120 A, del super Roma 400 oeste y 50 norte edificio Betel mano derecha.[\/vc_cta][vc_gmaps link=&#8221;#E-8_JTNDaWZyYW1lJTIwc3JjJTNEJTIyaHR0cHMlM0ElMkYlMkZ3d3cuZ29vZ2xlLmNvbSUyRm1hcHMlMkZlbWJlZCUzRnBiJTNEJTIxMW0xNyUyMTFtMTIlMjExbTMlMjExZDM1NTYuMjM3ODY5MDgzNjE4NSUyMTJkLTg0LjEzNDQyMiUyMTNkOS45NTMwMjElMjEybTMlMjExZjAlMjEyZjAlMjEzZjAlMjEzbTIlMjExaTEwMjQlMjEyaTc2OCUyMTRmMTMuMSUyMTNtMiUyMTFtMSUyMTJ6T2NLd05UY25NVEF1T1NKT0lEZzB3ckF3T0Njd015NDVJbGMlMjE1ZTElMjEzbTIlMjExc2VzLTQxOSUyMTJzY3IlMjE0djE3NTY3NTE0MjAyOTYlMjE1bTIlMjExc2VzLTQxOSUyMTJzY3IlMjIlMjB3aWR0aCUzRCUyMjYwMCUyMiUyMGhlaWdodCUzRCUyMjQ1MCUyMiUyMHN0eWxlJTNEJTIyYm9yZGVyJTNBMCUzQiUyMiUyMGFsbG93ZnVsbHNjcmVlbiUzRCUyMiUyMiUyMGxvYWRpbmclM0QlMjJsYXp5JTIyJTIwcmVmZXJyZXJwb2xpY3klM0QlMjJuby1yZWZlcnJlci13aGVuLWRvd25ncmFkZSUyMiUzRSUzQyUyRmlmcmFtZSUzRQ==&#8221;][\/vc_column_inner][\/vc_row_inner][vc_empty_space][\/vc_column][\/vc_row][vc_row][vc_column][vc_single_image image=&#8221;33136&#8243; img_size=&#8221;large&#8221; alignment=&#8221;center&#8221;][\/vc_column][\/vc_row][vc_section][\/vc_section][vc_section][\/vc_section]<\/p>\n","protected":false},"excerpt":{"rendered":"<p>[vc_row][vc_column][vc_custom_heading text=&#8221;Sede Pavas&#8221; font_container=&#8221;tag:h1|font_size:36|text_align:center&#8221; google_fonts=&#8221;font_family:Lato%3A100%2C100italic%2C300%2C300italic%2Cregular%2Citalic%2C700%2C700italic%2C900%2C900italic|font_style:700%20bold%20regular%3A700%3Anormal&#8221;][vc_empty_space][vc_column_text] \u00a1Adquiera su seguro ya! [\/vc_column_text][vc_empty_space][vc_row_inner][vc_column_inner width=&#8221;1\/2&#8243;][vc_single_image image=&#8221;31874&#8243; img_size=&#8221;large&#8221;][\/vc_column_inner][vc_column_inner width=&#8221;1\/2&#8243;][vc_cta h2=&#8221;Corredor Jorge Sol\u00eds&#8221;]Tel\u00e9fono: 2231-0171 Direcci\u00f3n: Urb Roma, Calle 120 A, del super Roma 400 oeste y 50 norte edificio Betel mano derecha.[\/vc_cta][vc_gmaps link=&#8221;#E-8_JTNDaWZyYW1lJTIwc3JjJTNEJTIyaHR0cHMlM0ElMkYlMkZ3d3cuZ29vZ2xlLmNvbSUyRm1hcHMlMkZlbWJlZCUzRnBiJTNEJTIxMW0xNyUyMTFtMTIlMjExbTMlMjExZDM1NTYuMjM3ODY5MDgzNjE4NSUyMTJkLTg0LjEzNDQyMiUyMTNkOS45NTMwMjElMjEybTMlMjExZjAlMjEyZjAlMjEzZjAlMjEzbTIlMjExaTEwMjQlMjEyaTc2OCUyMTRmMTMuMSUyMTNtMiUyMTFtMSUyMTJ6T2NLd05UY25NVEF1T1NKT0lEZzB3ckF3T0Njd015NDVJbGMlMjE1ZTElMjEzbTIlMjExc2VzLTQxOSUyMTJzY3IlMjE0djE3NTY3NTE0MjAyOTYlMjE1bTIlMjExc2VzLTQxOSUyMTJzY3IlMjIlMjB3aWR0aCUzRCUyMjYwMCUyMiUyMGhlaWdodCUzRCUyMjQ1MCUyMiUyMHN0eWxlJTNEJTIyYm9yZGVyJTNBMCUzQiUyMiUyMGFsbG93ZnVsbHNjcmVlbiUzRCUyMiUyMiUyMGxvYWRpbmclM0QlMjJsYXp5JTIyJTIwcmVmZXJyZXJwb2xpY3klM0QlMjJuby1yZWZlcnJlci13aGVuLWRvd25ncmFkZSUyMiUzRSUzQyUyRmlmcmFtZSUzRQ==&#8221;][\/vc_column_inner][\/vc_row_inner][vc_empty_space][\/vc_column][\/vc_row][vc_row][vc_column][vc_single_image image=&#8221;33136&#8243; img_size=&#8221;large&#8221; alignment=&#8221;center&#8221;][\/vc_column][\/vc_row][vc_section][\/vc_section][vc_section][\/vc_section]<\/p>\n","protected":false},"author":1,"featured_media":0,"parent":0,"menu_order":0,"comment_status":"closed","ping_status":"closed","template":"","meta":{"footnotes":""},"class_list":["post-32185","page","type-page","status-publish","hentry"],"featured_image_urls_v2":{"full":"","thumbnail":"","medium":"","medium_large":"","large":"","1536x1536":"","2048x2048":"","the_grid_size1":"","the_grid_size2":"","the_grid_size3":"","the_grid_size4":"","the_grid_size5":"","mf-theme-category-hrz":"","mf-theme-blog-full":"","mf_image_shop_carousel":"","post-thumbnail":"","woocommerce_thumbnail":"","woocommerce_single":"","woocommerce_gallery_thumbnail":""},"post_excerpt_stackable_v2":"<p>[vc_row][vc_column][vc_custom_heading text=&#8221;Sede Pavas&#8221; font_container=&#8221;tag:h1|font_size:36|text_align:center&#8221; google_fonts=&#8221;font_family:Lato%3A100%2C100italic%2C300%2C300italic%2Cregular%2Citalic%2C700%2C700italic%2C900%2C900italic|font_style:700%20bold%20regular%3A700%3Anormal&#8221;][vc_empty_space][vc_column_text] \u00a1Adquiera su seguro ya! [\/vc_column_text]Viajero con AsistenciaSeguro EstudiantilPermiso de ConducirVida Plus ColonesVida Plus D\u00f3lares[vc_empty_space][vc_row_inner][vc_column_inner width=&#8221;1\/2&#8243;][vc_single_image image=&#8221;31874&#8243; img_size=&#8221;large&#8221;][\/vc_column_inner][vc_column_inner width=&#8221;1\/2&#8243;][vc_cta h2=&#8221;Corredor Jorge Sol\u00eds&#8221;]Tel\u00e9fono: 2231-0171 Direcci\u00f3n: Urb Roma, Calle 120 A, del super Roma 400 oeste y 50 norte edificio Betel mano derecha.[\/vc_cta][vc_gmaps link=&#8221;#E-8_JTNDaWZyYW1lJTIwc3JjJTNEJTIyaHR0cHMlM0ElMkYlMkZ3d3cuZ29vZ2xlLmNvbSUyRm1hcHMlMkZlbWJlZCUzRnBiJTNEJTIxMW0xNyUyMTFtMTIlMjExbTMlMjExZDM1NTYuMjM3ODY5MDgzNjE4NSUyMTJkLTg0LjEzNDQyMiUyMTNkOS45NTMwMjElMjEybTMlMjExZjAlMjEyZjAlMjEzZjAlMjEzbTIlMjExaTEwMjQlMjEyaTc2OCUyMTRmMTMuMSUyMTNtMiUyMTFtMSUyMTJ6T2NLd05UY25NVEF1T1NKT0lEZzB3ckF3T0Njd015NDVJbGMlMjE1ZTElMjEzbTIlMjExc2VzLTQxOSUyMTJzY3IlMjE0djE3NTY3NTE0MjAyOTYlMjE1bTIlMjExc2VzLTQxOSUyMTJzY3IlMjIlMjB3aWR0aCUzRCUyMjYwMCUyMiUyMGhlaWdodCUzRCUyMjQ1MCUyMiUyMHN0eWxlJTNEJTIyYm9yZGVyJTNBMCUzQiUyMiUyMGFsbG93ZnVsbHNjcmVlbiUzRCUyMiUyMiUyMGxvYWRpbmclM0QlMjJsYXp5JTIyJTIwcmVmZXJyZXJwb2xpY3klM0QlMjJuby1yZWZlcnJlci13aGVuLWRvd25ncmFkZSUyMiUzRSUzQyUyRmlmcmFtZSUzRQ==&#8221;][\/vc_column_inner][\/vc_row_inner][vc_empty_space][\/vc_column][\/vc_row][vc_row][vc_column][vc_single_image image=&#8221;33136&#8243; img_size=&#8221;large&#8221; alignment=&#8221;center&#8221;][\/vc_column][\/vc_row][vc_section][\/vc_section][vc_section][\/vc_section]<\/p>\n","category_list_v2":"","author_info_v2":{"name":"admin","url":"https:\/\/www.innovaseguros.cr\/?author=1"},"comments_num_v2":"0 comentarios","_links":{"self":[{"href":"https:\/\/www.innovaseguros.cr\/index.php?rest_route=\/wp\/v2\/pages\/32185","targetHints":{"allow":["GET"]}}],"collection":[{"href":"https:\/\/www.innovaseguros.cr\/index.php?rest_route=\/wp\/v2\/pages"}],"about":[{"href":"https:\/\/www.innovaseguros.cr\/index.php?rest_route=\/wp\/v2\/types\/page"}],"author":[{"embeddable":true,"href":"https:\/\/www.innovaseguros.cr\/index.php?rest_route=\/wp\/v2\/users\/1"}],"replies":[{"embeddable":true,"href":"https:\/\/www.innovaseguros.cr\/index.php?rest_route=%2Fwp%2Fv2%2Fcomments&post=32185"}],"version-history":[{"count":13,"href":"https:\/\/www.innovaseguros.cr\/index.php?rest_route=\/wp\/v2\/pages\/32185\/revisions"}],"predecessor-version":[{"id":33159,"href":"https:\/\/www.innovaseguros.cr\/index.php?rest_route=\/wp\/v2\/pages\/32185\/revisions\/33159"}],"wp:attachment":[{"href":"https:\/\/www.innovaseguros.cr\/index.php?rest_route=%2Fwp%2Fv2%2Fmedia&parent=32185"}],"curies":[{"name":"wp","href":"https:\/\/api.w.org\/{rel}","templated":true}]}}