{"id":32139,"date":"2021-09-02T18:17:18","date_gmt":"2021-09-02T18:17:18","guid":{"rendered":"https:\/\/www.innovaseguros.cr\/?page_id=32139"},"modified":"2026-02-25T20:48:45","modified_gmt":"2026-02-25T20:48:45","slug":"oficina-cartago","status":"publish","type":"page","link":"https:\/\/www.innovaseguros.cr\/?page_id=32139","title":{"rendered":"Sede Cartago"},"content":{"rendered":"<p>[vc_row][vc_column][vc_custom_heading text=&#8221;Sede Cartago&#8221; font_container=&#8221;tag:h1|font_size:36|text_align:center&#8221; google_fonts=&#8221;font_family:Lato%3A100%2C100italic%2C300%2C300italic%2Cregular%2Citalic%2C700%2C700italic%2C900%2C900italic|font_style:700%20bold%20regular%3A700%3Anormal&#8221;][vc_empty_space][vc_column_text]<\/p>\n<h1 style=\"text-align: center;\"><strong>\u00a1Adquiera su seguro ya!<\/strong><\/h1>\n<p>[\/vc_column_text]<div id=\"mpc_grid_anything-7869e079b264d4d\" class=\"mpc-grid-anything mpc-init \"  data-grid-cols=\"2\"><a href=\"https:\/\/cotiza.ins-cr.com\/frmDatosIncluir.aspx?glck=2VM6pmtxP2YRW8lNqAfneVcbKtGNayynNIvEWV4qi5i19eYMs%2bW8FonG2e1%2bW%2bqZ\" target=\"_blank\" title=\"Viajero con Asistencia - Guillermo Mart\u00ednez\"  data-id=\"mpc_button-169e079b264e2e\" class=\"mpc-button mpc-init mpc-transition mpc-typography--mpc_preset_62 \" ><div class=\"mpc-button__content mpc-effect-type--stay mpc-effect-side--right\"><span class=\"mpc-button__title mpc-transition\">Viajero con Asistencia<\/span><i class=\"mpc-button__icon mpc-transition  fa fa-angle-right\"><\/i><\/div><div class=\"mpc-button__background mpc-transition mpc-effect-type--fade mpc-effect-side--in\"><\/div><\/a><a href=\"https:\/\/cotiza.ins-cr.com\/frmDatosIncluir.aspx?glck=Hkn0iNd9XmDJ0QXMpBl9x6OzR9c58QFU0MdiwVhu2Gl8aK%2bKLu9QcqcgXSh9ejkH\" target=\"_blank\" title=\"Seguro Estudiantil - Guillermo Martinez\"  data-id=\"mpc_button-4569e079b264ec9\" class=\"mpc-button mpc-init mpc-transition mpc-typography--mpc_preset_62 \" ><div class=\"mpc-button__content mpc-effect-type--stay mpc-effect-side--right\"><span class=\"mpc-button__title mpc-transition\">Seguro Estudiantil<\/span><i class=\"mpc-button__icon mpc-transition  fa fa-angle-right\"><\/i><\/div><div class=\"mpc-button__background mpc-transition mpc-effect-type--fade mpc-effect-side--in\"><\/div><\/a><a href=\"https:\/\/cotiza.ins-cr.com\/frmDatosIncluir.aspx?glck=rvMsMGTc9Vv9SlzuO39eDxyfHgCsmjbGf3mjMY8FZTcheULLiE6vDlrClqWyDQeF\" target=\"_blank\" title=\"Permiso de Conducir - Guillermo Mart\u00ednez\"  data-id=\"mpc_button-7669e079b264f27\" class=\"mpc-button mpc-init mpc-transition mpc-typography--mpc_preset_62 \" ><div class=\"mpc-button__content mpc-effect-type--stay mpc-effect-side--right\"><span class=\"mpc-button__title mpc-transition\">Permiso de Conducir<\/span><i class=\"mpc-button__icon mpc-transition  fa fa-angle-right\"><\/i><\/div><div class=\"mpc-button__background mpc-transition mpc-effect-type--fade mpc-effect-side--in\"><\/div><\/a><a href=\"https:\/\/cotiza.ins-cr.com\/frmDatosIncluir.aspx?glck=rvMsMGTc9Vv9SlzuO39eD3SNCyMyrCOGpyrDgYBt6XWvgmkOABSj%2b8XBiS8LOkIR\" target=\"_blank\" title=\"Vida Plus Colones - Guillermo Mart\u00ednez\"  data-id=\"mpc_button-5369e079b264fa1\" class=\"mpc-button mpc-init mpc-transition mpc-typography--mpc_preset_62 \" ><div class=\"mpc-button__content mpc-effect-type--stay mpc-effect-side--right\"><span class=\"mpc-button__title mpc-transition\">Vida Plus Colones<\/span><i class=\"mpc-button__icon mpc-transition  fa fa-angle-right\"><\/i><\/div><div class=\"mpc-button__background mpc-transition mpc-effect-type--fade mpc-effect-side--in\"><\/div><\/a><a href=\"https:\/\/cotiza.ins-cr.com\/frmDatosIncluir.aspx?glck=rvMsMGTc9Vv9SlzuO39eDwg4qJU97G2bDA57Syzy%2bM%2fNXntPtzpl%2bdIdb7q4535K\" target=\"_blank\" title=\"Vida Plus D\u00f3lares - Guillermo Mart\u00ednez\"  data-id=\"mpc_button-1369e079b264ffb\" class=\"mpc-button mpc-init mpc-transition mpc-typography--mpc_preset_62 \" ><div class=\"mpc-button__content mpc-effect-type--stay mpc-effect-side--right\"><span class=\"mpc-button__title mpc-transition\">Vida Plus D\u00f3lares<\/span><i class=\"mpc-button__icon mpc-transition  fa fa-angle-right\"><\/i><\/div><div class=\"mpc-button__background mpc-transition mpc-effect-type--fade mpc-effect-side--in\"><\/div><\/a><\/div>[vc_empty_space][vc_row_inner][vc_column_inner width=&#8221;1\/2&#8243;]<div class=\"mpc-carousel__wrapper mpc-waypoint\"><div id=\"mpc_carousel_image-2269e079b26509f\" class=\"mpc-carousel-image mpc-init mpc-layout--classic mpc-effect--none \"  data-mpcslick='{\"infinite\":true,\"autoplay\":true,\"slidesToShow\":2,\"slidesToScroll\":2,\"centerMode\":false,\"initialSlide\":0,\"autoplaySpeed\":1800,\"speed\":900}' data-slick-cols=\"2\"><div target=\"\"class=\"mpc-carousel__item-wrapper\" data-height=\"467\"><div onclick=\"\" class=\"mpc-item mpc-transition\"><div class=\"mpc-border\"><\/div><img loading=\"lazy\" decoding=\"async\" width=\"2560\" height=\"1868\" src=\"https:\/\/www.innovaseguros.cr\/wp-content\/uploads\/2021\/08\/Plantilla-Foto-Corredores-05-1-scaled.jpg\" class=\"mpc-transition attachment-full\" alt=\"\" srcset=\"https:\/\/www.innovaseguros.cr\/wp-content\/uploads\/2021\/08\/Plantilla-Foto-Corredores-05-1-scaled.jpg 2560w, https:\/\/www.innovaseguros.cr\/wp-content\/uploads\/2021\/08\/Plantilla-Foto-Corredores-05-1-300x219.jpg 300w, https:\/\/www.innovaseguros.cr\/wp-content\/uploads\/2021\/08\/Plantilla-Foto-Corredores-05-1-1024x747.jpg 1024w, https:\/\/www.innovaseguros.cr\/wp-content\/uploads\/2021\/08\/Plantilla-Foto-Corredores-05-1-768x560.jpg 768w, https:\/\/www.innovaseguros.cr\/wp-content\/uploads\/2021\/08\/Plantilla-Foto-Corredores-05-1-1536x1121.jpg 1536w, https:\/\/www.innovaseguros.cr\/wp-content\/uploads\/2021\/08\/Plantilla-Foto-Corredores-05-1-2048x1494.jpg 2048w, https:\/\/www.innovaseguros.cr\/wp-content\/uploads\/2021\/08\/Plantilla-Foto-Corredores-05-1-500x365.jpg 500w\" sizes=\"auto, (max-width: 2560px) 100vw, 2560px\" \/><\/div><\/div><div target=\"\"class=\"mpc-carousel__item-wrapper\" data-height=\"467\"><div onclick=\"\" class=\"mpc-item mpc-transition\"><div class=\"mpc-border\"><\/div><img loading=\"lazy\" decoding=\"async\" width=\"2560\" height=\"1867\" src=\"https:\/\/www.innovaseguros.cr\/wp-content\/uploads\/2021\/08\/Plantilla-Foto-Corredores-27-1-scaled.jpg\" class=\"mpc-transition attachment-full\" alt=\"\" srcset=\"https:\/\/www.innovaseguros.cr\/wp-content\/uploads\/2021\/08\/Plantilla-Foto-Corredores-27-1-scaled.jpg 2560w, https:\/\/www.innovaseguros.cr\/wp-content\/uploads\/2021\/08\/Plantilla-Foto-Corredores-27-1-300x219.jpg 300w, https:\/\/www.innovaseguros.cr\/wp-content\/uploads\/2021\/08\/Plantilla-Foto-Corredores-27-1-1024x747.jpg 1024w, https:\/\/www.innovaseguros.cr\/wp-content\/uploads\/2021\/08\/Plantilla-Foto-Corredores-27-1-768x560.jpg 768w, https:\/\/www.innovaseguros.cr\/wp-content\/uploads\/2021\/08\/Plantilla-Foto-Corredores-27-1-1536x1120.jpg 1536w, https:\/\/www.innovaseguros.cr\/wp-content\/uploads\/2021\/08\/Plantilla-Foto-Corredores-27-1-2048x1494.jpg 2048w, https:\/\/www.innovaseguros.cr\/wp-content\/uploads\/2021\/08\/Plantilla-Foto-Corredores-27-1-500x365.jpg 500w\" sizes=\"auto, (max-width: 2560px) 100vw, 2560px\" \/><\/div><\/div><\/div><div class=\"mpc-navigation mpc-init mpc-align--left mpc-navigation--style_1  mpc-nav-preset--\" data-mpcslider=\"mpc_carousel_image-2269e079b26509f\"><div class=\"mpc-nav__arrow mpcslick-prev\"><div class=\"mpc-nav__icon mpc-transition\"><i class=\"\"><div class=\"mpc-nav__background mpc-transition mpc-effect-type--fade mpc-effect-side--in\"><\/div><\/i><\/div><\/div><div class=\"mpc-nav__arrow mpcslick-next\"><div class=\"mpc-nav__icon mpc-transition\"><i class=\"\"><div class=\"mpc-nav__background mpc-transition mpc-effect-type--fade mpc-effect-side--in\"><\/div><\/i><\/div><\/div><\/div><\/div>[\/vc_column_inner][vc_column_inner width=&#8221;1\/2&#8243;][vc_cta h2=&#8221;Corredores Luis Guillermo Mart\u00ednez Guti\u00e9rrez \/ Luis Mart\u00ednez Quir\u00f3s.&#8221;]Tel\u00e9fono: 2551-0350<\/p>\n<p>Direcci\u00f3n: De la esquina sureste de los Tribinales de Justicia, 100mts sur y 175 al oeste. Edificio 2 plantas color gris.[\/vc_cta][vc_gmaps link=&#8221;#E-8_JTNDaWZyYW1lJTIwc3JjJTNEJTIyaHR0cHMlM0ElMkYlMkZ3d3cuZ29vZ2xlLmNvbSUyRm1hcHMlMkZlbWJlZCUzRnBiJTNEJTIxMW0xOCUyMTFtMTIlMjExbTMlMjExZDM5MzAuODY1MDU0MzA4MTM3NiUyMTJkLTgzLjkxOTk3MDA4NTIwNjkzJTIxM2Q5Ljg2MTY4NzA5Mjk0NjA5MiUyMTJtMyUyMTFmMCUyMTJmMCUyMTNmMCUyMTNtMiUyMTFpMTAyNCUyMTJpNzY4JTIxNGYxMy4xJTIxM20zJTIxMW0yJTIxMXMweDAlMjUzQTB4NDc1MDlhMDM2NjMyZGY1JTIxMnNDb3JyZWRvciUyNTIwTHVpcyUyNTIwR3VpbGxlcm1vJTI1MjBNYXJ0JTI1QzMlMjVBRG5leiUyNTIwR3V0aSUyNUMzJTI1QTlycmV6JTIxNWUwJTIxM20yJTIxMXNlcyUyMTJzY3IlMjE0djE2MzA2OTAzODI5MTUlMjE1bTIlMjExc2VzJTIxMnNjciUyMiUyMHdpZHRoJTNEJTIyNjAwJTIyJTIwaGVpZ2h0JTNEJTIyNDUwJTIyJTIwc3R5bGUlM0QlMjJib3JkZXIlM0EwJTNCJTIyJTIwYWxsb3dmdWxsc2NyZWVuJTNEJTIyJTIyJTIwbG9hZGluZyUzRCUyMmxhenklMjIlM0UlM0MlMkZpZnJhbWUlM0U=&#8221;][\/vc_column_inner][\/vc_row_inner][vc_empty_space][\/vc_column][\/vc_row][vc_row][vc_column][vc_single_image image=&#8221;33228&#8243; img_size=&#8221;large&#8221; alignment=&#8221;center&#8221;][\/vc_column][\/vc_row][vc_section][\/vc_section][vc_section][\/vc_section]<\/p>\n","protected":false},"excerpt":{"rendered":"<p>[vc_row][vc_column][vc_custom_heading text=&#8221;Sede Cartago&#8221; font_container=&#8221;tag:h1|font_size:36|text_align:center&#8221; google_fonts=&#8221;font_family:Lato%3A100%2C100italic%2C300%2C300italic%2Cregular%2Citalic%2C700%2C700italic%2C900%2C900italic|font_style:700%20bold%20regular%3A700%3Anormal&#8221;][vc_empty_space][vc_column_text] \u00a1Adquiera su seguro ya! [\/vc_column_text][vc_empty_space][vc_row_inner][vc_column_inner width=&#8221;1\/2&#8243;][\/vc_column_inner][vc_column_inner width=&#8221;1\/2&#8243;][vc_cta h2=&#8221;Corredores Luis Guillermo Mart\u00ednez Guti\u00e9rrez \/ Luis Mart\u00ednez Quir\u00f3s.&#8221;]Tel\u00e9fono: 2551-0350 Direcci\u00f3n: De la esquina sureste de los Tribinales de Justicia, 100mts sur y 175 al oeste. Edificio 2 plantas color gris.[\/vc_cta][vc_gmaps link=&#8221;#E-8_JTNDaWZyYW1lJTIwc3JjJTNEJTIyaHR0cHMlM0ElMkYlMkZ3d3cuZ29vZ2xlLmNvbSUyRm1hcHMlMkZlbWJlZCUzRnBiJTNEJTIxMW0xOCUyMTFtMTIlMjExbTMlMjExZDM5MzAuODY1MDU0MzA4MTM3NiUyMTJkLTgzLjkxOTk3MDA4NTIwNjkzJTIxM2Q5Ljg2MTY4NzA5Mjk0NjA5MiUyMTJtMyUyMTFmMCUyMTJmMCUyMTNmMCUyMTNtMiUyMTFpMTAyNCUyMTJpNzY4JTIxNGYxMy4xJTIxM20zJTIxMW0yJTIxMXMweDAlMjUzQTB4NDc1MDlhMDM2NjMyZGY1JTIxMnNDb3JyZWRvciUyNTIwTHVpcyUyNTIwR3VpbGxlcm1vJTI1MjBNYXJ0JTI1QzMlMjVBRG5leiUyNTIwR3V0aSUyNUMzJTI1QTlycmV6JTIxNWUwJTIxM20yJTIxMXNlcyUyMTJzY3IlMjE0djE2MzA2OTAzODI5MTUlMjE1bTIlMjExc2VzJTIxMnNjciUyMiUyMHdpZHRoJTNEJTIyNjAwJTIyJTIwaGVpZ2h0JTNEJTIyNDUwJTIyJTIwc3R5bGUlM0QlMjJib3JkZXIlM0EwJTNCJTIyJTIwYWxsb3dmdWxsc2NyZWVuJTNEJTIyJTIyJTIwbG9hZGluZyUzRCUyMmxhenklMjIlM0UlM0MlMkZpZnJhbWUlM0U=&#8221;][\/vc_column_inner][\/vc_row_inner][vc_empty_space][\/vc_column][\/vc_row][vc_row][vc_column][vc_single_image image=&#8221;33228&#8243; img_size=&#8221;large&#8221; alignment=&#8221;center&#8221;][\/vc_column][\/vc_row][vc_section][\/vc_section][vc_section][\/vc_section]<\/p>\n","protected":false},"author":1,"featured_media":0,"parent":0,"menu_order":0,"comment_status":"closed","ping_status":"closed","template":"","meta":{"footnotes":""},"class_list":["post-32139","page","type-page","status-publish","hentry"],"featured_image_urls_v2":{"full":"","thumbnail":"","medium":"","medium_large":"","large":"","1536x1536":"","2048x2048":"","the_grid_size1":"","the_grid_size2":"","the_grid_size3":"","the_grid_size4":"","the_grid_size5":"","mf-theme-category-hrz":"","mf-theme-blog-full":"","mf_image_shop_carousel":"","post-thumbnail":"","woocommerce_thumbnail":"","woocommerce_single":"","woocommerce_gallery_thumbnail":""},"post_excerpt_stackable_v2":"<p>[vc_row][vc_column][vc_custom_heading text=&#8221;Sede Cartago&#8221; font_container=&#8221;tag:h1|font_size:36|text_align:center&#8221; google_fonts=&#8221;font_family:Lato%3A100%2C100italic%2C300%2C300italic%2Cregular%2Citalic%2C700%2C700italic%2C900%2C900italic|font_style:700%20bold%20regular%3A700%3Anormal&#8221;][vc_empty_space][vc_column_text] \u00a1Adquiera su seguro ya! [\/vc_column_text]Viajero con AsistenciaSeguro EstudiantilPermiso de ConducirVida Plus ColonesVida Plus D\u00f3lares[vc_empty_space][vc_row_inner][vc_column_inner width=&#8221;1\/2&#8243;][\/vc_column_inner][vc_column_inner width=&#8221;1\/2&#8243;][vc_cta h2=&#8221;Corredores Luis Guillermo Mart\u00ednez Guti\u00e9rrez \/ Luis Mart\u00ednez Quir\u00f3s.&#8221;]Tel\u00e9fono: 2551-0350 Direcci\u00f3n: De la esquina sureste de los Tribinales de Justicia, 100mts sur y 175 al oeste. Edificio 2 plantas color gris.[\/vc_cta][vc_gmaps link=&#8221;#E-8_JTNDaWZyYW1lJTIwc3JjJTNEJTIyaHR0cHMlM0ElMkYlMkZ3d3cuZ29vZ2xlLmNvbSUyRm1hcHMlMkZlbWJlZCUzRnBiJTNEJTIxMW0xOCUyMTFtMTIlMjExbTMlMjExZDM5MzAuODY1MDU0MzA4MTM3NiUyMTJkLTgzLjkxOTk3MDA4NTIwNjkzJTIxM2Q5Ljg2MTY4NzA5Mjk0NjA5MiUyMTJtMyUyMTFmMCUyMTJmMCUyMTNmMCUyMTNtMiUyMTFpMTAyNCUyMTJpNzY4JTIxNGYxMy4xJTIxM20zJTIxMW0yJTIxMXMweDAlMjUzQTB4NDc1MDlhMDM2NjMyZGY1JTIxMnNDb3JyZWRvciUyNTIwTHVpcyUyNTIwR3VpbGxlcm1vJTI1MjBNYXJ0JTI1QzMlMjVBRG5leiUyNTIwR3V0aSUyNUMzJTI1QTlycmV6JTIxNWUwJTIxM20yJTIxMXNlcyUyMTJzY3IlMjE0djE2MzA2OTAzODI5MTUlMjE1bTIlMjExc2VzJTIxMnNjciUyMiUyMHdpZHRoJTNEJTIyNjAwJTIyJTIwaGVpZ2h0JTNEJTIyNDUwJTIyJTIwc3R5bGUlM0QlMjJib3JkZXIlM0EwJTNCJTIyJTIwYWxsb3dmdWxsc2NyZWVuJTNEJTIyJTIyJTIwbG9hZGluZyUzRCUyMmxhenklMjIlM0UlM0MlMkZpZnJhbWUlM0U=&#8221;][\/vc_column_inner][\/vc_row_inner][vc_empty_space][\/vc_column][\/vc_row][vc_row][vc_column][vc_single_image image=&#8221;33228&#8243; img_size=&#8221;large&#8221; alignment=&#8221;center&#8221;][\/vc_column][\/vc_row][vc_section][\/vc_section][vc_section][\/vc_section]<\/p>\n","category_list_v2":"","author_info_v2":{"name":"admin","url":"https:\/\/www.innovaseguros.cr\/?author=1"},"comments_num_v2":"0 comentarios","_links":{"self":[{"href":"https:\/\/www.innovaseguros.cr\/index.php?rest_route=\/wp\/v2\/pages\/32139","targetHints":{"allow":["GET"]}}],"collection":[{"href":"https:\/\/www.innovaseguros.cr\/index.php?rest_route=\/wp\/v2\/pages"}],"about":[{"href":"https:\/\/www.innovaseguros.cr\/index.php?rest_route=\/wp\/v2\/types\/page"}],"author":[{"embeddable":true,"href":"https:\/\/www.innovaseguros.cr\/index.php?rest_route=\/wp\/v2\/users\/1"}],"replies":[{"embeddable":true,"href":"https:\/\/www.innovaseguros.cr\/index.php?rest_route=%2Fwp%2Fv2%2Fcomments&post=32139"}],"version-history":[{"count":21,"href":"https:\/\/www.innovaseguros.cr\/index.php?rest_route=\/wp\/v2\/pages\/32139\/revisions"}],"predecessor-version":[{"id":33229,"href":"https:\/\/www.innovaseguros.cr\/index.php?rest_route=\/wp\/v2\/pages\/32139\/revisions\/33229"}],"wp:attachment":[{"href":"https:\/\/www.innovaseguros.cr\/index.php?rest_route=%2Fwp%2Fv2%2Fmedia&parent=32139"}],"curies":[{"name":"wp","href":"https:\/\/api.w.org\/{rel}","templated":true}]}}