{"id":32132,"date":"2021-09-02T17:30:30","date_gmt":"2021-09-02T17:30:30","guid":{"rendered":"https:\/\/www.innovaseguros.cr\/?page_id=32132"},"modified":"2025-09-02T15:10:38","modified_gmt":"2025-09-02T15:10:38","slug":"oficina-rohrmoser","status":"publish","type":"page","link":"https:\/\/www.innovaseguros.cr\/?page_id=32132","title":{"rendered":"Sede Rohrmoser"},"content":{"rendered":"<p>[vc_row][vc_column][vc_custom_heading text=&#8221;Sede Rohrmoser&#8221; font_container=&#8221;tag:h1|font_size:36|text_align:center&#8221; google_fonts=&#8221;font_family:Lato%3A100%2C100italic%2C300%2C300italic%2Cregular%2Citalic%2C700%2C700italic%2C900%2C900italic|font_style:700%20bold%20regular%3A700%3Anormal&#8221;][vc_empty_space][vc_column_text]<\/p>\n<h1 style=\"text-align: center;\"><strong>\u00a1Adquiera su seguro ya!<\/strong><\/h1>\n<p>[\/vc_column_text]<div id=\"mpc_grid_anything-5369e066d8f0bf0\" class=\"mpc-grid-anything mpc-init \"  data-grid-cols=\"2\"><a href=\"https:\/\/cotiza.ins-cr.com\/frmDatosIncluir.aspx?glck=YB3KPtMqOOvTiWgEQAcEn1UCDFb2wQ1k8466coZv5jMcOLJNeypy85w%2bEZ0bUvcU\" target=\"_blank\" title=\"Viajero con Asistencia - Roxana Ram\u00edrez\"  data-id=\"mpc_button-3769e066d8f0cd5\" class=\"mpc-button mpc-init mpc-transition mpc-typography--mpc_preset_62 \" ><div class=\"mpc-button__content mpc-effect-type--stay mpc-effect-side--right\"><span class=\"mpc-button__title mpc-transition\">Viajero con Asistencia<\/span><i class=\"mpc-button__icon mpc-transition  fa fa-angle-right\"><\/i><\/div><div class=\"mpc-button__background mpc-transition mpc-effect-type--fade mpc-effect-side--in\"><\/div><\/a><a href=\"https:\/\/cotiza.ins-cr.com\/frmDatosIncluir.aspx?glck=GCH1eAqJG0iYiFUNC%2bjT7K162KY5rIGATyw%2fooAL0K7lqbq0%2fLRMmGdNE5Xvs0fe\" target=\"_blank\" title=\"Seguro Estudiantil - Roxana Ram\u00edrez\"  data-id=\"mpc_button-2169e066d8f0d7b\" class=\"mpc-button mpc-init mpc-transition mpc-typography--mpc_preset_62 \" ><div class=\"mpc-button__content mpc-effect-type--stay mpc-effect-side--right\"><span class=\"mpc-button__title mpc-transition\">Seguro Estudiantil<\/span><i class=\"mpc-button__icon mpc-transition  fa fa-angle-right\"><\/i><\/div><div class=\"mpc-button__background mpc-transition mpc-effect-type--fade mpc-effect-side--in\"><\/div><\/a><a href=\"https:\/\/cotiza.ins-cr.com\/frmDatosIncluir.aspx?glck=s70%2bAaLc4rw8ckE4M6akuETBBQus1wsMBN3Aa7ZKCFFqicogPzyBrdOCphExjwuJ\" target=\"_blank\" title=\"Permiso de Conducir - Roxana Ram\u00edrez\"  data-id=\"mpc_button-7169e066d8f0dee\" class=\"mpc-button mpc-init mpc-transition mpc-typography--mpc_preset_62 \" ><div class=\"mpc-button__content mpc-effect-type--stay mpc-effect-side--right\"><span class=\"mpc-button__title mpc-transition\">Permiso de Conducir<\/span><i class=\"mpc-button__icon mpc-transition  fa fa-angle-right\"><\/i><\/div><div class=\"mpc-button__background mpc-transition mpc-effect-type--fade mpc-effect-side--in\"><\/div><\/a><a href=\"https:\/\/cotiza.ins-cr.com\/frmDatosIncluir.aspx?glck=s70%2bAaLc4rw8ckE4M6akuBAGHJxzwzfVi45a9%2fIiSyMiiwkAmXk%2bKvGd%2bjTZnYAo\" target=\"_blank\" title=\"Vida Plus Colones - Roxana Ram\u00edrez\"  data-id=\"mpc_button-8669e066d8f0e52\" class=\"mpc-button mpc-init mpc-transition mpc-typography--mpc_preset_62 \" ><div class=\"mpc-button__content mpc-effect-type--stay mpc-effect-side--right\"><span class=\"mpc-button__title mpc-transition\">Vida Plus Colones<\/span><i class=\"mpc-button__icon mpc-transition  fa fa-angle-right\"><\/i><\/div><div class=\"mpc-button__background mpc-transition mpc-effect-type--fade mpc-effect-side--in\"><\/div><\/a><a href=\"https:\/\/cotiza.ins-cr.com\/frmDatosIncluir.aspx?glck=s70%2bAaLc4rw8ckE4M6akuN004aCP55zMkP3CVKuzePu8NtWXIeysVDA10y4bDHkQ\" target=\"_blank\" title=\"Vida Plus D\u00f3lares - Roxana Ram\u00edrez\"  data-id=\"mpc_button-4269e066d8f0eae\" class=\"mpc-button mpc-init mpc-transition mpc-typography--mpc_preset_62 \" ><div class=\"mpc-button__content mpc-effect-type--stay mpc-effect-side--right\"><span class=\"mpc-button__title mpc-transition\">Vida Plus D\u00f3lares<\/span><i class=\"mpc-button__icon mpc-transition  fa fa-angle-right\"><\/i><\/div><div class=\"mpc-button__background mpc-transition mpc-effect-type--fade mpc-effect-side--in\"><\/div><\/a><\/div>[vc_empty_space][vc_row_inner][vc_column_inner width=&#8221;1\/2&#8243;][vc_single_image image=&#8221;31849&#8243; img_size=&#8221;large&#8221;][\/vc_column_inner][vc_column_inner width=&#8221;1\/2&#8243;][vc_cta h2=&#8221;Corredora Roxana Ram\u00edrez Meneses&#8221;]Tel\u00e9fono: 2290-2075<\/p>\n<p>Direcci\u00f3n: San Jos\u00e9, Rohrmoser[\/vc_cta][\/vc_column_inner][\/vc_row_inner][vc_empty_space][\/vc_column][\/vc_row][vc_row][vc_column][vc_single_image image=&#8221;32755&#8243; img_size=&#8221;large&#8221; alignment=&#8221;center&#8221;][\/vc_column][\/vc_row][vc_section][\/vc_section][vc_section][\/vc_section]<\/p>\n","protected":false},"excerpt":{"rendered":"<p>[vc_row][vc_column][vc_custom_heading text=&#8221;Sede Rohrmoser&#8221; font_container=&#8221;tag:h1|font_size:36|text_align:center&#8221; google_fonts=&#8221;font_family:Lato%3A100%2C100italic%2C300%2C300italic%2Cregular%2Citalic%2C700%2C700italic%2C900%2C900italic|font_style:700%20bold%20regular%3A700%3Anormal&#8221;][vc_empty_space][vc_column_text] \u00a1Adquiera su seguro ya! [\/vc_column_text][vc_empty_space][vc_row_inner][vc_column_inner width=&#8221;1\/2&#8243;][vc_single_image image=&#8221;31849&#8243; img_size=&#8221;large&#8221;][\/vc_column_inner][vc_column_inner width=&#8221;1\/2&#8243;][vc_cta h2=&#8221;Corredora Roxana Ram\u00edrez Meneses&#8221;]Tel\u00e9fono: 2290-2075 Direcci\u00f3n: San Jos\u00e9, Rohrmoser[\/vc_cta][\/vc_column_inner][\/vc_row_inner][vc_empty_space][\/vc_column][\/vc_row][vc_row][vc_column][vc_single_image image=&#8221;32755&#8243; img_size=&#8221;large&#8221; alignment=&#8221;center&#8221;][\/vc_column][\/vc_row][vc_section][\/vc_section][vc_section][\/vc_section]<\/p>\n","protected":false},"author":1,"featured_media":0,"parent":0,"menu_order":0,"comment_status":"closed","ping_status":"closed","template":"","meta":{"footnotes":""},"class_list":["post-32132","page","type-page","status-publish","hentry"],"featured_image_urls_v2":{"full":"","thumbnail":"","medium":"","medium_large":"","large":"","1536x1536":"","2048x2048":"","the_grid_size1":"","the_grid_size2":"","the_grid_size3":"","the_grid_size4":"","the_grid_size5":"","mf-theme-category-hrz":"","mf-theme-blog-full":"","mf_image_shop_carousel":"","post-thumbnail":"","woocommerce_thumbnail":"","woocommerce_single":"","woocommerce_gallery_thumbnail":""},"post_excerpt_stackable_v2":"<p>[vc_row][vc_column][vc_custom_heading text=&#8221;Sede Rohrmoser&#8221; font_container=&#8221;tag:h1|font_size:36|text_align:center&#8221; google_fonts=&#8221;font_family:Lato%3A100%2C100italic%2C300%2C300italic%2Cregular%2Citalic%2C700%2C700italic%2C900%2C900italic|font_style:700%20bold%20regular%3A700%3Anormal&#8221;][vc_empty_space][vc_column_text] \u00a1Adquiera su seguro ya! [\/vc_column_text]Viajero con AsistenciaSeguro EstudiantilPermiso de ConducirVida Plus ColonesVida Plus D\u00f3lares[vc_empty_space][vc_row_inner][vc_column_inner width=&#8221;1\/2&#8243;][vc_single_image image=&#8221;31849&#8243; img_size=&#8221;large&#8221;][\/vc_column_inner][vc_column_inner width=&#8221;1\/2&#8243;][vc_cta h2=&#8221;Corredora Roxana Ram\u00edrez Meneses&#8221;]Tel\u00e9fono: 2290-2075 Direcci\u00f3n: San Jos\u00e9, Rohrmoser[\/vc_cta][\/vc_column_inner][\/vc_row_inner][vc_empty_space][\/vc_column][\/vc_row][vc_row][vc_column][vc_single_image image=&#8221;32755&#8243; img_size=&#8221;large&#8221; alignment=&#8221;center&#8221;][\/vc_column][\/vc_row][vc_section][\/vc_section][vc_section][\/vc_section]<\/p>\n","category_list_v2":"","author_info_v2":{"name":"admin","url":"https:\/\/www.innovaseguros.cr\/?author=1"},"comments_num_v2":"0 comentarios","_links":{"self":[{"href":"https:\/\/www.innovaseguros.cr\/index.php?rest_route=\/wp\/v2\/pages\/32132","targetHints":{"allow":["GET"]}}],"collection":[{"href":"https:\/\/www.innovaseguros.cr\/index.php?rest_route=\/wp\/v2\/pages"}],"about":[{"href":"https:\/\/www.innovaseguros.cr\/index.php?rest_route=\/wp\/v2\/types\/page"}],"author":[{"embeddable":true,"href":"https:\/\/www.innovaseguros.cr\/index.php?rest_route=\/wp\/v2\/users\/1"}],"replies":[{"embeddable":true,"href":"https:\/\/www.innovaseguros.cr\/index.php?rest_route=%2Fwp%2Fv2%2Fcomments&post=32132"}],"version-history":[{"count":13,"href":"https:\/\/www.innovaseguros.cr\/index.php?rest_route=\/wp\/v2\/pages\/32132\/revisions"}],"predecessor-version":[{"id":33162,"href":"https:\/\/www.innovaseguros.cr\/index.php?rest_route=\/wp\/v2\/pages\/32132\/revisions\/33162"}],"wp:attachment":[{"href":"https:\/\/www.innovaseguros.cr\/index.php?rest_route=%2Fwp%2Fv2%2Fmedia&parent=32132"}],"curies":[{"name":"wp","href":"https:\/\/api.w.org\/{rel}","templated":true}]}}