{"id":32120,"date":"2021-09-02T15:46:21","date_gmt":"2021-09-02T15:46:21","guid":{"rendered":"https:\/\/www.innovaseguros.cr\/?page_id=32120"},"modified":"2025-09-02T15:14:44","modified_gmt":"2025-09-02T15:14:44","slug":"oficina-san-jose","status":"publish","type":"page","link":"https:\/\/www.innovaseguros.cr\/?page_id=32120","title":{"rendered":"Sede San Jos\u00e9"},"content":{"rendered":"<p>[vc_row][vc_column][vc_custom_heading text=&#8221;Sede San Jos\u00e9&#8221; font_container=&#8221;tag:h1|font_size:36|text_align:center&#8221; google_fonts=&#8221;font_family:Lato%3A100%2C100italic%2C300%2C300italic%2Cregular%2Citalic%2C700%2C700italic%2C900%2C900italic|font_style:700%20bold%20regular%3A700%3Anormal&#8221;][vc_empty_space][vc_column_text]<\/p>\n<h1 style=\"text-align: center;\"><strong>\u00a1Adquiera su seguro ya!<\/strong><\/h1>\n<p>[\/vc_column_text]<div id=\"mpc_grid_anything-1869e0678bda315\" class=\"mpc-grid-anything mpc-init \"  data-grid-cols=\"2\">[vc_column_text]<\/p>\n<h2><strong>Gilberth S\u00e1nchez Hern\u00e1ndez<\/strong><\/h2>\n<p>[\/vc_column_text][vc_column_text]<\/p>\n<h2><strong>Karol Powan Solano<\/strong><\/h2>\n<p>[\/vc_column_text]<a href=\"https:\/\/cotiza.ins-cr.com\/frmDatosIncluir.aspx?glck=s70%2bAaLc4rw8ckE4M6akuOlPNbc4VAcv1hY9li4OXx%2f7wd1qRT9N6Eq%2fGw90R%2bpY\" target=\"_blank\" title=\"Viajero con Asistencia - Gilberth\"  data-id=\"mpc_button-7069e0678bda425\" class=\"mpc-button mpc-init mpc-transition mpc-typography--mpc_preset_62 \" ><div class=\"mpc-button__content mpc-effect-type--stay mpc-effect-side--right\"><span class=\"mpc-button__title mpc-transition\">Viajero con Asistencia<\/span><i class=\"mpc-button__icon mpc-transition  fa fa-angle-right\"><\/i><\/div><div class=\"mpc-button__background mpc-transition mpc-effect-type--fade mpc-effect-side--in\"><\/div><\/a><a href=\"https:\/\/cotiza.ins-cr.com\/frmDatosIncluir.aspx?glck=s70%2bAaLc4rw8ckE4M6akuGV451ICVVioovkujNTATsp82PnWnL1QkDkor6mDr5Qx\" target=\"_blank\" title=\"Viajero con Asistencia - Karol\"  data-id=\"mpc_button-7669e0678bda4ce\" class=\"mpc-button mpc-init mpc-transition mpc-typography--mpc_preset_62 \" ><div class=\"mpc-button__content mpc-effect-type--stay mpc-effect-side--right\"><span class=\"mpc-button__title mpc-transition\">Viajero con Asistencia<\/span><i class=\"mpc-button__icon mpc-transition  fa fa-angle-right\"><\/i><\/div><div class=\"mpc-button__background mpc-transition mpc-effect-type--fade mpc-effect-side--in\"><\/div><\/a><a href=\"https:\/\/cotiza.ins-cr.com\/frmDatosIncluir.aspx?glck=Hkn0iNd9XmDJ0QXMpBl9xyZ7Zs5rAP7Kr%2b2hG45Y1T8Uv47udkaeGqYwq%2f29afuo\" target=\"_blank\" title=\"Seguro Estudiantil - Gilberth\"  data-id=\"mpc_button-4569e0678bda53a\" class=\"mpc-button mpc-init mpc-transition mpc-typography--mpc_preset_62 \" ><div class=\"mpc-button__content mpc-effect-type--stay mpc-effect-side--right\"><span class=\"mpc-button__title mpc-transition\">Seguro Estudiantil<\/span><i class=\"mpc-button__icon mpc-transition  fa fa-angle-right\"><\/i><\/div><div class=\"mpc-button__background mpc-transition mpc-effect-type--fade mpc-effect-side--in\"><\/div><\/a><a href=\"https:\/\/cotiza.ins-cr.com\/frmDatosIncluir.aspx?glck=Hkn0iNd9XmDJ0QXMpBl9xwmNVpk2bVf7mJdA75lM7rzYH2K1%2f5EehTEcMo2P4Ljc\" target=\"_blank\" title=\"Seguro Estudiantil - Karol\"  data-id=\"mpc_button-1869e0678bda5c5\" class=\"mpc-button mpc-init mpc-transition mpc-typography--mpc_preset_62 \" ><div class=\"mpc-button__content mpc-effect-type--stay mpc-effect-side--right\"><span class=\"mpc-button__title mpc-transition\">Seguro Estudiantil<\/span><i class=\"mpc-button__icon mpc-transition  fa fa-angle-right\"><\/i><\/div><div class=\"mpc-button__background mpc-transition mpc-effect-type--fade mpc-effect-side--in\"><\/div><\/a><a href=\"https:\/\/cotiza.ins-cr.com\/frmDatosIncluir.aspx?glck=s70%2bAaLc4rw8ckE4M6akuJAvbOKyoE5g%2bNU2In2P%2bxZKHtkYPyEiX1h6lN4pjnUe\" target=\"_blank\" title=\"Permiso de Conducir - Gilberth\"  data-id=\"mpc_button-2669e0678bda65a\" class=\"mpc-button mpc-init mpc-transition mpc-typography--mpc_preset_62 \" ><div class=\"mpc-button__content mpc-effect-type--stay mpc-effect-side--right\"><span class=\"mpc-button__title mpc-transition\">Permiso de Conducir<\/span><i class=\"mpc-button__icon mpc-transition  fa fa-angle-right\"><\/i><\/div><div class=\"mpc-button__background mpc-transition mpc-effect-type--fade mpc-effect-side--in\"><\/div><\/a><a href=\"https:\/\/cotiza.ins-cr.com\/frmDatosIncluir.aspx?glck=s70%2bAaLc4rw8ckE4M6akuLRP35EM4EX4KzcH8lYJwQcmxA9HsYjjDLNDFutx83u4\" target=\"_blank\" title=\"Permiso de Conducir - Karol\"  data-id=\"mpc_button-3169e0678bda6cf\" class=\"mpc-button mpc-init mpc-transition \" ><div class=\"mpc-button__content mpc-effect-type--stay mpc-effect-side--right\"><span class=\"mpc-button__title mpc-transition\">Permiso de Conducir<\/span><i class=\"mpc-button__icon mpc-transition  fa fa-angle-right\"><\/i><\/div><div class=\"mpc-button__background mpc-transition mpc-effect-type--fade mpc-effect-side--in\"><\/div><\/a><a href=\"https:\/\/cotiza.ins-cr.com\/frmDatosIncluir.aspx?glck=s70%2bAaLc4rw8ckE4M6akuBe2W6vtL%2bg4JKkEd6XVmi6X6A5xMY07u1cVOABjIVtn\" target=\"_blank\" title=\"Vida Plus Colones - Gilberth\"  data-id=\"mpc_button-9169e0678bda737\" class=\"mpc-button mpc-init mpc-transition mpc-typography--mpc_preset_62 \" ><div class=\"mpc-button__content mpc-effect-type--stay mpc-effect-side--right\"><span class=\"mpc-button__title mpc-transition\">Vida Plus Colones<\/span><i class=\"mpc-button__icon mpc-transition  fa fa-angle-right\"><\/i><\/div><div class=\"mpc-button__background mpc-transition mpc-effect-type--fade mpc-effect-side--in\"><\/div><\/a><a href=\"https:\/\/cotiza.ins-cr.com\/frmDatosIncluir.aspx?glck=s70%2bAaLc4rw8ckE4M6akuL6xailEti6gQ8rwVXDK5kvYrHuWLHOrCwLQevSo3rEG\" target=\"_blank\" title=\"Vida Plus Colones - Karol\"  data-id=\"mpc_button-4369e0678bda791\" class=\"mpc-button mpc-init mpc-transition mpc-typography--mpc_preset_62 \" ><div class=\"mpc-button__content mpc-effect-type--stay mpc-effect-side--right\"><span class=\"mpc-button__title mpc-transition\">Vida Plus Colones<\/span><i class=\"mpc-button__icon mpc-transition  fa fa-angle-right\"><\/i><\/div><div class=\"mpc-button__background mpc-transition mpc-effect-type--fade mpc-effect-side--in\"><\/div><\/a><a href=\"https:\/\/cotiza.ins-cr.com\/frmDatosIncluir.aspx?glck=s70%2bAaLc4rw8ckE4M6akuMd4yWKiXf0mskmBJyeVp7JeJXKXq%2bx7%2fA9fmxMjU1R8\" target=\"_blank\" title=\"Vida Plus D\u00f3lares - Gilberth\"  data-id=\"mpc_button-9769e0678bda80f\" class=\"mpc-button mpc-init mpc-transition mpc-typography--mpc_preset_62 \" ><div class=\"mpc-button__content mpc-effect-type--stay mpc-effect-side--right\"><span class=\"mpc-button__title mpc-transition\">Vida Plus D\u00f3lares<\/span><i class=\"mpc-button__icon mpc-transition  fa fa-angle-right\"><\/i><\/div><div class=\"mpc-button__background mpc-transition mpc-effect-type--fade mpc-effect-side--in\"><\/div><\/a><a href=\"https:\/\/cotiza.ins-cr.com\/frmDatosIncluir.aspx?glck=s70%2bAaLc4rw8ckE4M6akuPvL1J1XHAXvu2vReB8zaWX2jUDDvMUrxNMeAOOVz0SW\" target=\"_blank\" title=\"Vida Plus D\u00f3lares - Karol\"  data-id=\"mpc_button-169e0678bda87e\" class=\"mpc-button mpc-init mpc-transition mpc-typography--mpc_preset_62 \" ><div class=\"mpc-button__content mpc-effect-type--stay mpc-effect-side--right\"><span class=\"mpc-button__title mpc-transition\">Vida Plus D\u00f3lares<\/span><i class=\"mpc-button__icon mpc-transition  fa fa-angle-right\"><\/i><\/div><div class=\"mpc-button__background mpc-transition mpc-effect-type--fade mpc-effect-side--in\"><\/div><\/a><\/div>[vc_empty_space][vc_row_inner][vc_column_inner width=&#8221;1\/2&#8243;]<div class=\"mpc-carousel__wrapper mpc-waypoint\"><div id=\"mpc_carousel_image-8869e0678bda931\" class=\"mpc-carousel-image mpc-init mpc-animation mpc-layout--classic mpc-effect--none \"  data-animation-in=\"transition.fadeIn||400||0||100\" data-mpcslick='{\"infinite\":true,\"autoplay\":true,\"slidesToShow\":1,\"slidesToScroll\":1,\"centerMode\":false,\"initialSlide\":0,\"autoplaySpeed\":1000,\"speed\":900}' data-slick-cols=\"1\"><div target=\"\"class=\"mpc-carousel__item-wrapper\" data-height=\"466\"><div onclick=\"\" class=\"mpc-item mpc-transition\"><div class=\"mpc-border\"><\/div><img loading=\"lazy\" decoding=\"async\" width=\"640\" height=\"466\" src=\"https:\/\/www.innovaseguros.cr\/wp-content\/uploads\/2023\/03\/Plantilla-Foto-Gilberth-Sanchez-Hernandez-01-1024x746.jpg\" class=\"mpc-transition attachment-large\" alt=\"\" srcset=\"https:\/\/www.innovaseguros.cr\/wp-content\/uploads\/2023\/03\/Plantilla-Foto-Gilberth-Sanchez-Hernandez-01-1024x746.jpg 1024w, https:\/\/www.innovaseguros.cr\/wp-content\/uploads\/2023\/03\/Plantilla-Foto-Gilberth-Sanchez-Hernandez-01-300x219.jpg 300w, https:\/\/www.innovaseguros.cr\/wp-content\/uploads\/2023\/03\/Plantilla-Foto-Gilberth-Sanchez-Hernandez-01-768x560.jpg 768w, https:\/\/www.innovaseguros.cr\/wp-content\/uploads\/2023\/03\/Plantilla-Foto-Gilberth-Sanchez-Hernandez-01-1536x1120.jpg 1536w, https:\/\/www.innovaseguros.cr\/wp-content\/uploads\/2023\/03\/Plantilla-Foto-Gilberth-Sanchez-Hernandez-01-2048x1493.jpg 2048w, https:\/\/www.innovaseguros.cr\/wp-content\/uploads\/2023\/03\/Plantilla-Foto-Gilberth-Sanchez-Hernandez-01-500x364.jpg 500w\" sizes=\"auto, (max-width: 640px) 100vw, 640px\" \/><\/div><\/div><div target=\"\"class=\"mpc-carousel__item-wrapper\" data-height=\"466\"><div onclick=\"\" class=\"mpc-item mpc-transition\"><div class=\"mpc-border\"><\/div><img loading=\"lazy\" decoding=\"async\" width=\"640\" height=\"466\" src=\"https:\/\/www.innovaseguros.cr\/wp-content\/uploads\/2023\/03\/Plantilla-Foto-Karol-Powan-Solano-01-1024x746.jpg\" class=\"mpc-transition attachment-large\" alt=\"\" srcset=\"https:\/\/www.innovaseguros.cr\/wp-content\/uploads\/2023\/03\/Plantilla-Foto-Karol-Powan-Solano-01-1024x746.jpg 1024w, https:\/\/www.innovaseguros.cr\/wp-content\/uploads\/2023\/03\/Plantilla-Foto-Karol-Powan-Solano-01-300x219.jpg 300w, https:\/\/www.innovaseguros.cr\/wp-content\/uploads\/2023\/03\/Plantilla-Foto-Karol-Powan-Solano-01-768x560.jpg 768w, https:\/\/www.innovaseguros.cr\/wp-content\/uploads\/2023\/03\/Plantilla-Foto-Karol-Powan-Solano-01-1536x1120.jpg 1536w, https:\/\/www.innovaseguros.cr\/wp-content\/uploads\/2023\/03\/Plantilla-Foto-Karol-Powan-Solano-01-2048x1493.jpg 2048w, https:\/\/www.innovaseguros.cr\/wp-content\/uploads\/2023\/03\/Plantilla-Foto-Karol-Powan-Solano-01-500x364.jpg 500w\" sizes=\"auto, (max-width: 640px) 100vw, 640px\" \/><\/div><\/div><div target=\"\"class=\"mpc-carousel__item-wrapper\" data-height=\"466\"><div onclick=\"\" class=\"mpc-item mpc-transition\"><div class=\"mpc-border\"><\/div><img loading=\"lazy\" decoding=\"async\" width=\"640\" height=\"466\" src=\"https:\/\/www.innovaseguros.cr\/wp-content\/uploads\/2023\/03\/Plantilla-Foto-Alejandro-Sanchez-Calvo-01-1024x746.jpg\" class=\"mpc-transition attachment-large\" alt=\"\" srcset=\"https:\/\/www.innovaseguros.cr\/wp-content\/uploads\/2023\/03\/Plantilla-Foto-Alejandro-Sanchez-Calvo-01-1024x746.jpg 1024w, https:\/\/www.innovaseguros.cr\/wp-content\/uploads\/2023\/03\/Plantilla-Foto-Alejandro-Sanchez-Calvo-01-300x219.jpg 300w, https:\/\/www.innovaseguros.cr\/wp-content\/uploads\/2023\/03\/Plantilla-Foto-Alejandro-Sanchez-Calvo-01-768x560.jpg 768w, https:\/\/www.innovaseguros.cr\/wp-content\/uploads\/2023\/03\/Plantilla-Foto-Alejandro-Sanchez-Calvo-01-1536x1120.jpg 1536w, https:\/\/www.innovaseguros.cr\/wp-content\/uploads\/2023\/03\/Plantilla-Foto-Alejandro-Sanchez-Calvo-01-2048x1493.jpg 2048w, https:\/\/www.innovaseguros.cr\/wp-content\/uploads\/2023\/03\/Plantilla-Foto-Alejandro-Sanchez-Calvo-01-500x364.jpg 500w\" sizes=\"auto, (max-width: 640px) 100vw, 640px\" \/><\/div><\/div><\/div><div class=\"mpc-navigation mpc-init mpc-align--left mpc-navigation--style_1  mpc-nav-preset--\" data-mpcslider=\"mpc_carousel_image-8869e0678bda931\"><div class=\"mpc-nav__arrow mpcslick-prev\"><div class=\"mpc-nav__icon mpc-transition\"><i class=\"\"><div class=\"mpc-nav__background mpc-transition mpc-effect-type--fade mpc-effect-side--in\"><\/div><\/i><\/div><\/div><div class=\"mpc-nav__arrow mpcslick-next\"><div class=\"mpc-nav__icon mpc-transition\"><i class=\"\"><div class=\"mpc-nav__background mpc-transition mpc-effect-type--fade mpc-effect-side--in\"><\/div><\/i><\/div><\/div><\/div><\/div>[\/vc_column_inner][vc_column_inner width=&#8221;1\/2&#8243;][vc_cta h2=&#8221;Corredor Gilberth S\u00e1nchez Hern\u00e1ndez&#8221;]Tel\u00e9fono: 2222-1172<\/p>\n<p>Direcci\u00f3n: Barrio Amon, Av 13, Calle 3, del automercado en San Jose 500 norte,Comercial San Luis.[\/vc_cta][vc_gmaps link=&#8221;#E-8_JTNDaWZyYW1lJTIwc3JjJTNEJTIyaHR0cHMlM0ElMkYlMkZ3d3cuZ29vZ2xlLmNvbSUyRm1hcHMlMkZlbWJlZCUzRnBiJTNEJTIxMW0xNCUyMTFtOCUyMTFtMyUyMTFkMzM3LjQ3MTgzODY5NTgyMjYlMjEyZC04NC4wNzY4MTExODAyNDM2MSUyMTNkOS45MzkyOTQ0NDE2ODU1ODglMjEzbTIlMjExaTEwMjQlMjEyaTc2OCUyMTRmMTMuMSUyMTNtMyUyMTFtMiUyMTFzMHgwJTI1M0EweGExMTUyYTU1YTg4YmZlYzklMjEyc0lubm92YSUyNTIwU2VndXJvcyUyMTVlMCUyMTNtMiUyMTFzZXMtNDE5JTIxMnNjciUyMTR2MTYzMDYwMzU4NjE5OCUyMTVtMiUyMTFzZXMtNDE5JTIxMnNjciUyMiUyMHdpZHRoJTNEJTIyNjAwJTIyJTIwaGVpZ2h0JTNEJTIyNDUwJTIyJTIwc3R5bGUlM0QlMjJib3JkZXIlM0EwJTNCJTIyJTIwYWxsb3dmdWxsc2NyZWVuJTNEJTIyJTIyJTIwbG9hZGluZyUzRCUyMmxhenklMjIlM0UlM0MlMkZpZnJhbWUlM0U=&#8221;][\/vc_column_inner][\/vc_row_inner][vc_empty_space][\/vc_column][\/vc_row][vc_row][vc_column][vc_single_image image=&#8221;32757&#8243; img_size=&#8221;large&#8221; alignment=&#8221;center&#8221;][\/vc_column][\/vc_row][vc_section][\/vc_section][vc_section][\/vc_section]<\/p>\n","protected":false},"excerpt":{"rendered":"<p>[vc_row][vc_column][vc_custom_heading text=&#8221;Sede San Jos\u00e9&#8221; font_container=&#8221;tag:h1|font_size:36|text_align:center&#8221; google_fonts=&#8221;font_family:Lato%3A100%2C100italic%2C300%2C300italic%2Cregular%2Citalic%2C700%2C700italic%2C900%2C900italic|font_style:700%20bold%20regular%3A700%3Anormal&#8221;][vc_empty_space][vc_column_text] \u00a1Adquiera su seguro ya! [\/vc_column_text][vc_empty_space][vc_row_inner][vc_column_inner width=&#8221;1\/2&#8243;][\/vc_column_inner][vc_column_inner width=&#8221;1\/2&#8243;][vc_cta h2=&#8221;Corredor Gilberth S\u00e1nchez Hern\u00e1ndez&#8221;]Tel\u00e9fono: 2222-1172 Direcci\u00f3n: Barrio Amon, Av 13, Calle 3, del automercado en San Jose 500 norte,Comercial San Luis.[\/vc_cta][vc_gmaps link=&#8221;#E-8_JTNDaWZyYW1lJTIwc3JjJTNEJTIyaHR0cHMlM0ElMkYlMkZ3d3cuZ29vZ2xlLmNvbSUyRm1hcHMlMkZlbWJlZCUzRnBiJTNEJTIxMW0xNCUyMTFtOCUyMTFtMyUyMTFkMzM3LjQ3MTgzODY5NTgyMjYlMjEyZC04NC4wNzY4MTExODAyNDM2MSUyMTNkOS45MzkyOTQ0NDE2ODU1ODglMjEzbTIlMjExaTEwMjQlMjEyaTc2OCUyMTRmMTMuMSUyMTNtMyUyMTFtMiUyMTFzMHgwJTI1M0EweGExMTUyYTU1YTg4YmZlYzklMjEyc0lubm92YSUyNTIwU2VndXJvcyUyMTVlMCUyMTNtMiUyMTFzZXMtNDE5JTIxMnNjciUyMTR2MTYzMDYwMzU4NjE5OCUyMTVtMiUyMTFzZXMtNDE5JTIxMnNjciUyMiUyMHdpZHRoJTNEJTIyNjAwJTIyJTIwaGVpZ2h0JTNEJTIyNDUwJTIyJTIwc3R5bGUlM0QlMjJib3JkZXIlM0EwJTNCJTIyJTIwYWxsb3dmdWxsc2NyZWVuJTNEJTIyJTIyJTIwbG9hZGluZyUzRCUyMmxhenklMjIlM0UlM0MlMkZpZnJhbWUlM0U=&#8221;][\/vc_column_inner][\/vc_row_inner][vc_empty_space][\/vc_column][\/vc_row][vc_row][vc_column][vc_single_image image=&#8221;32757&#8243; img_size=&#8221;large&#8221; alignment=&#8221;center&#8221;][\/vc_column][\/vc_row][vc_section][\/vc_section][vc_section][\/vc_section]<\/p>\n","protected":false},"author":1,"featured_media":0,"parent":0,"menu_order":0,"comment_status":"closed","ping_status":"closed","template":"","meta":{"footnotes":""},"class_list":["post-32120","page","type-page","status-publish","hentry"],"featured_image_urls_v2":{"full":"","thumbnail":"","medium":"","medium_large":"","large":"","1536x1536":"","2048x2048":"","the_grid_size1":"","the_grid_size2":"","the_grid_size3":"","the_grid_size4":"","the_grid_size5":"","mf-theme-category-hrz":"","mf-theme-blog-full":"","mf_image_shop_carousel":"","post-thumbnail":"","woocommerce_thumbnail":"","woocommerce_single":"","woocommerce_gallery_thumbnail":""},"post_excerpt_stackable_v2":"<p>[vc_row][vc_column][vc_custom_heading text=&#8221;Sede San Jos\u00e9&#8221; font_container=&#8221;tag:h1|font_size:36|text_align:center&#8221; google_fonts=&#8221;font_family:Lato%3A100%2C100italic%2C300%2C300italic%2Cregular%2Citalic%2C700%2C700italic%2C900%2C900italic|font_style:700%20bold%20regular%3A700%3Anormal&#8221;][vc_empty_space][vc_column_text] \u00a1Adquiera su seguro ya! [\/vc_column_text][vc_column_text] Gilberth S\u00e1nchez Hern\u00e1ndez [\/vc_column_text][vc_column_text] Karol Powan Solano [\/vc_column_text]Viajero con AsistenciaViajero con AsistenciaSeguro EstudiantilSeguro EstudiantilPermiso de ConducirPermiso de ConducirVida Plus ColonesVida Plus ColonesVida Plus D\u00f3laresVida Plus D\u00f3lares[vc_empty_space][vc_row_inner][vc_column_inner width=&#8221;1\/2&#8243;][\/vc_column_inner][vc_column_inner width=&#8221;1\/2&#8243;][vc_cta h2=&#8221;Corredor Gilberth S\u00e1nchez Hern\u00e1ndez&#8221;]Tel\u00e9fono: 2222-1172 Direcci\u00f3n: Barrio Amon, Av 13, Calle 3, del automercado en San Jose 500 norte,Comercial San Luis.[\/vc_cta][vc_gmaps link=&#8221;#E-8_JTNDaWZyYW1lJTIwc3JjJTNEJTIyaHR0cHMlM0ElMkYlMkZ3d3cuZ29vZ2xlLmNvbSUyRm1hcHMlMkZlbWJlZCUzRnBiJTNEJTIxMW0xNCUyMTFtOCUyMTFtMyUyMTFkMzM3LjQ3MTgzODY5NTgyMjYlMjEyZC04NC4wNzY4MTExODAyNDM2MSUyMTNkOS45MzkyOTQ0NDE2ODU1ODglMjEzbTIlMjExaTEwMjQlMjEyaTc2OCUyMTRmMTMuMSUyMTNtMyUyMTFtMiUyMTFzMHgwJTI1M0EweGExMTUyYTU1YTg4YmZlYzklMjEyc0lubm92YSUyNTIwU2VndXJvcyUyMTVlMCUyMTNtMiUyMTFzZXMtNDE5JTIxMnNjciUyMTR2MTYzMDYwMzU4NjE5OCUyMTVtMiUyMTFzZXMtNDE5JTIxMnNjciUyMiUyMHdpZHRoJTNEJTIyNjAwJTIyJTIwaGVpZ2h0JTNEJTIyNDUwJTIyJTIwc3R5bGUlM0QlMjJib3JkZXIlM0EwJTNCJTIyJTIwYWxsb3dmdWxsc2NyZWVuJTNEJTIyJTIyJTIwbG9hZGluZyUzRCUyMmxhenklMjIlM0UlM0MlMkZpZnJhbWUlM0U=&#8221;][\/vc_column_inner][\/vc_row_inner][vc_empty_space][\/vc_column][\/vc_row][vc_row][vc_column][vc_single_image image=&#8221;32757&#8243; img_size=&#8221;large&#8221; alignment=&#8221;center&#8221;][\/vc_column][\/vc_row][vc_section][\/vc_section][vc_section][\/vc_section]<\/p>\n","category_list_v2":"","author_info_v2":{"name":"admin","url":"https:\/\/www.innovaseguros.cr\/?author=1"},"comments_num_v2":"0 comentarios","_links":{"self":[{"href":"https:\/\/www.innovaseguros.cr\/index.php?rest_route=\/wp\/v2\/pages\/32120","targetHints":{"allow":["GET"]}}],"collection":[{"href":"https:\/\/www.innovaseguros.cr\/index.php?rest_route=\/wp\/v2\/pages"}],"about":[{"href":"https:\/\/www.innovaseguros.cr\/index.php?rest_route=\/wp\/v2\/types\/page"}],"author":[{"embeddable":true,"href":"https:\/\/www.innovaseguros.cr\/index.php?rest_route=\/wp\/v2\/users\/1"}],"replies":[{"embeddable":true,"href":"https:\/\/www.innovaseguros.cr\/index.php?rest_route=%2Fwp%2Fv2%2Fcomments&post=32120"}],"version-history":[{"count":16,"href":"https:\/\/www.innovaseguros.cr\/index.php?rest_route=\/wp\/v2\/pages\/32120\/revisions"}],"predecessor-version":[{"id":33164,"href":"https:\/\/www.innovaseguros.cr\/index.php?rest_route=\/wp\/v2\/pages\/32120\/revisions\/33164"}],"wp:attachment":[{"href":"https:\/\/www.innovaseguros.cr\/index.php?rest_route=%2Fwp%2Fv2%2Fmedia&parent=32120"}],"curies":[{"name":"wp","href":"https:\/\/api.w.org\/{rel}","templated":true}]}}