{"id":32108,"date":"2021-09-02T05:54:48","date_gmt":"2021-09-02T05:54:48","guid":{"rendered":"https:\/\/www.innovaseguros.cr\/?page_id=32108"},"modified":"2025-09-02T14:33:45","modified_gmt":"2025-09-02T14:33:45","slug":"oficina-atenas","status":"publish","type":"page","link":"https:\/\/www.innovaseguros.cr\/?page_id=32108","title":{"rendered":"Sede Atenas"},"content":{"rendered":"<p>[vc_row][vc_column][vc_custom_heading text=&#8221;Sede Atenas&#8221; font_container=&#8221;tag:h1|font_size:36|text_align:center&#8221; google_fonts=&#8221;font_family:Lato%3A100%2C100italic%2C300%2C300italic%2Cregular%2Citalic%2C700%2C700italic%2C900%2C900italic|font_style:700%20bold%20regular%3A700%3Anormal&#8221;][vc_empty_space][vc_column_text]<\/p>\n<h1 style=\"text-align: center;\"><strong>\u00a1Adquiera su seguro ya!<\/strong><\/h1>\n<p>[\/vc_column_text]<div id=\"mpc_grid_anything-5469e067b2dae01\" class=\"mpc-grid-anything mpc-init \"  data-grid-cols=\"2\">[vc_column_text]<\/p>\n<h2><strong>Juan Ram\u00f3n Delgado Rodr\u00edguez<\/strong><\/h2>\n<p>[\/vc_column_text][vc_column_text]<\/p>\n<h2><strong>Mar\u00eda Alejandra Espinoza Rodr\u00edguez<\/strong><\/h2>\n<p>[\/vc_column_text]<a href=\"https:\/\/cotiza.ins-cr.com\/frmDatosIncluir.aspx?glck=8sT6G%2b20D1bnEdK6SysLMSqSgh9d%2bR%2bQ4gtFg0LtWO9GvaEn6s1lf9CEEse9z4ZF\" target=\"_blank\" title=\"Viajero con Asistencia - Juan Ram\u00f3n\"  data-id=\"mpc_button-169e067b2daf32\" class=\"mpc-button mpc-init mpc-transition mpc-typography--mpc_preset_62 \" ><div class=\"mpc-button__content mpc-effect-type--stay mpc-effect-side--right\"><span class=\"mpc-button__title mpc-transition\">Viajero con Asistencia<\/span><i class=\"mpc-button__icon mpc-transition  fa fa-angle-right\"><\/i><\/div><div class=\"mpc-button__background mpc-transition mpc-effect-type--fade mpc-effect-side--in\"><\/div><\/a><a href=\"https:\/\/cotiza.ins-cr.com\/frmDatosIncluir.aspx?glck=8sT6G%2b20D1bnEdK6SysLMVQJc47ckRoF30zVOGsvFzjrRjLOVaLskCNCY18aAH7S\" target=\"_blank\" title=\"Viajero con Asistencia -Alejandra\"  data-id=\"mpc_button-2669e067b2dafe6\" class=\"mpc-button mpc-init mpc-transition mpc-typography--mpc_preset_62 \" ><div class=\"mpc-button__content mpc-effect-type--stay mpc-effect-side--right\"><span class=\"mpc-button__title mpc-transition\">Viajero con Asistencia<\/span><i class=\"mpc-button__icon mpc-transition  fa fa-angle-right\"><\/i><\/div><div class=\"mpc-button__background mpc-transition mpc-effect-type--fade mpc-effect-side--in\"><\/div><\/a><a href=\"https:\/\/cotiza.ins-cr.com\/frmDatosIncluir.aspx?glck=Hkn0iNd9XmDJ0QXMpBl9x2rb0aNKas6Ov74rCQ7iYfAllWgS9m1Rl09tWd%2fRbLH6\" target=\"_blank\" title=\"Seguro Estudiantil - Juan Ramon\"  data-id=\"mpc_button-8769e067b2db04e\" class=\"mpc-button mpc-init mpc-transition mpc-typography--mpc_preset_62 \" ><div class=\"mpc-button__content mpc-effect-type--stay mpc-effect-side--right\"><span class=\"mpc-button__title mpc-transition\">Seguro Estudiantil<\/span><i class=\"mpc-button__icon mpc-transition  fa fa-angle-right\"><\/i><\/div><div class=\"mpc-button__background mpc-transition mpc-effect-type--fade mpc-effect-side--in\"><\/div><\/a><a href=\"https:\/\/cotiza.ins-cr.com\/frmDatosIncluir.aspx?glck=Hkn0iNd9XmDJ0QXMpBl9x%2bvq7fjRZmTlTC3nZyYg6vaFQXeCRFsJfAz4zpPJaTEZ\" target=\"_blank\" title=\"Seguro Estudiantil - Alejandra\"  data-id=\"mpc_button-4369e067b2db0b3\" class=\"mpc-button mpc-init mpc-transition mpc-typography--mpc_preset_62 \" ><div class=\"mpc-button__content mpc-effect-type--stay mpc-effect-side--right\"><span class=\"mpc-button__title mpc-transition\">Seguro Estudiantil<\/span><i class=\"mpc-button__icon mpc-transition  fa fa-angle-right\"><\/i><\/div><div class=\"mpc-button__background mpc-transition mpc-effect-type--fade mpc-effect-side--in\"><\/div><\/a><a href=\"https:\/\/cotiza.ins-cr.com\/frmDatosIncluir.aspx?glck=rvMsMGTc9Vv9SlzuO39eD9CN0BJrlLWGeoLabShor75jUvbuQUO6WoiR1TMHri6T\" target=\"_blank\" title=\"Permiso de Conducir - Juan Ramon\"  data-id=\"mpc_button-6669e067b2db116\" class=\"mpc-button mpc-init mpc-transition mpc-typography--mpc_preset_62 \" ><div class=\"mpc-button__content mpc-effect-type--stay mpc-effect-side--right\"><span class=\"mpc-button__title mpc-transition\">Permiso de Conducir<\/span><i class=\"mpc-button__icon mpc-transition  fa fa-angle-right\"><\/i><\/div><div class=\"mpc-button__background mpc-transition mpc-effect-type--fade mpc-effect-side--in\"><\/div><\/a><a href=\"https:\/\/cotiza.ins-cr.com\/frmDatosIncluir.aspx?glck=rvMsMGTc9Vv9SlzuO39eD799IIxb0roJPZNn%2bx8tZ1D%2bcORahGRzBTjRMQrNtX3E\" target=\"_blank\" title=\"Permiso de Conducir - Alejandra\"  data-id=\"mpc_button-6069e067b2db171\" class=\"mpc-button mpc-init mpc-transition mpc-typography--mpc_preset_62 \" ><div class=\"mpc-button__content mpc-effect-type--stay mpc-effect-side--right\"><span class=\"mpc-button__title mpc-transition\">Permiso de Conducir<\/span><i class=\"mpc-button__icon mpc-transition  fa fa-angle-right\"><\/i><\/div><div class=\"mpc-button__background mpc-transition mpc-effect-type--fade mpc-effect-side--in\"><\/div><\/a><a href=\"https:\/\/cotiza.ins-cr.com\/frmDatosIncluir.aspx?glck=rvMsMGTc9Vv9SlzuO39eD%2fSMbsKwDraa8MBO6L5HKaYASTCdT%2bZQzDtJpIF%2fYWnB\" target=\"_blank\" title=\"Vida Plus Colones - Juan Ramon\"  data-id=\"mpc_button-7869e067b2db1d4\" class=\"mpc-button mpc-init mpc-transition mpc-typography--mpc_preset_62 \" ><div class=\"mpc-button__content mpc-effect-type--stay mpc-effect-side--right\"><span class=\"mpc-button__title mpc-transition\">Vida Plus Colones<\/span><i class=\"mpc-button__icon mpc-transition  fa fa-angle-right\"><\/i><\/div><div class=\"mpc-button__background mpc-transition mpc-effect-type--fade mpc-effect-side--in\"><\/div><\/a><a href=\"https:\/\/cotiza.ins-cr.com\/frmDatosIncluir.aspx?glck=rvMsMGTc9Vv9SlzuO39eD5MHeMmSxgcV4XF%2bUIWxPaV4fq3IzBznKNvcr5xZZ9qC\" target=\"_blank\" title=\"Vida Plus Colones - Alejandra\"  data-id=\"mpc_button-7769e067b2db249\" class=\"mpc-button mpc-init mpc-transition mpc-typography--mpc_preset_62 \" ><div class=\"mpc-button__content mpc-effect-type--stay mpc-effect-side--right\"><span class=\"mpc-button__title mpc-transition\">Vida Plus Colones<\/span><i class=\"mpc-button__icon mpc-transition  fa fa-angle-right\"><\/i><\/div><div class=\"mpc-button__background mpc-transition mpc-effect-type--fade mpc-effect-side--in\"><\/div><\/a><a href=\"https:\/\/cotiza.ins-cr.com\/frmDatosIncluir.aspx?glck=rvMsMGTc9Vv9SlzuO39eDwNHX01YLgYATnNG0wBwI1fHTBS4kxf6ETQqVuQx4SvD\" target=\"_blank\" title=\"Vida Plus Dolares - Juan Ramon\"  data-id=\"mpc_button-3969e067b2db2a5\" class=\"mpc-button mpc-init mpc-transition mpc-typography--mpc_preset_62 \" ><div class=\"mpc-button__content mpc-effect-type--stay mpc-effect-side--right\"><span class=\"mpc-button__title mpc-transition\">Vida Plus D\u00f3lares<\/span><i class=\"mpc-button__icon mpc-transition  fa fa-angle-right\"><\/i><\/div><div class=\"mpc-button__background mpc-transition mpc-effect-type--fade mpc-effect-side--in\"><\/div><\/a><a href=\"https:\/\/cotiza.ins-cr.com\/frmDatosIncluir.aspx?glck=rvMsMGTc9Vv9SlzuO39eD07ghGThFm7ida5f6O8tZi2wfISmpcDR9gSRsQGmFVHu\" target=\"_blank\" title=\"Vida Plus Dolares - Alejandra\"  data-id=\"mpc_button-169e067b2db308\" class=\"mpc-button mpc-init mpc-transition mpc-typography--mpc_preset_62 \" ><div class=\"mpc-button__content mpc-effect-type--stay mpc-effect-side--right\"><span class=\"mpc-button__title mpc-transition\">Vida Plus D\u00f3lares<\/span><i class=\"mpc-button__icon mpc-transition  fa fa-angle-right\"><\/i><\/div><div class=\"mpc-button__background mpc-transition mpc-effect-type--fade mpc-effect-side--in\"><\/div><\/a><\/div>[vc_empty_space][vc_row_inner][vc_column_inner width=&#8221;1\/2&#8243;]<div class=\"mpc-carousel__wrapper mpc-waypoint\"><div id=\"mpc_carousel_image-3069e067b2db3bc\" class=\"mpc-carousel-image mpc-init mpc-animation mpc-layout--classic mpc-effect--none \"  data-animation-in=\"transition.fadeIn||300||0||100\" data-mpcslick='{\"infinite\":true,\"autoplay\":true,\"slidesToShow\":1,\"slidesToScroll\":1,\"centerMode\":false,\"initialSlide\":0,\"autoplaySpeed\":3000,\"speed\":500}' data-slick-cols=\"1\"><div target=\"\"class=\"mpc-carousel__item-wrapper\" data-height=\"467\"><div onclick=\"\" class=\"mpc-item mpc-transition\"><div class=\"mpc-border\"><\/div><img loading=\"lazy\" decoding=\"async\" width=\"640\" height=\"467\" src=\"https:\/\/www.innovaseguros.cr\/wp-content\/uploads\/2021\/08\/Plantilla-Foto-Corredores-03-1-1024x747.jpg\" class=\"mpc-transition attachment-large\" alt=\"\" srcset=\"https:\/\/www.innovaseguros.cr\/wp-content\/uploads\/2021\/08\/Plantilla-Foto-Corredores-03-1-1024x747.jpg 1024w, https:\/\/www.innovaseguros.cr\/wp-content\/uploads\/2021\/08\/Plantilla-Foto-Corredores-03-1-300x219.jpg 300w, https:\/\/www.innovaseguros.cr\/wp-content\/uploads\/2021\/08\/Plantilla-Foto-Corredores-03-1-768x560.jpg 768w, https:\/\/www.innovaseguros.cr\/wp-content\/uploads\/2021\/08\/Plantilla-Foto-Corredores-03-1-1536x1120.jpg 1536w, https:\/\/www.innovaseguros.cr\/wp-content\/uploads\/2021\/08\/Plantilla-Foto-Corredores-03-1-2048x1494.jpg 2048w, https:\/\/www.innovaseguros.cr\/wp-content\/uploads\/2021\/08\/Plantilla-Foto-Corredores-03-1-500x365.jpg 500w\" sizes=\"auto, (max-width: 640px) 100vw, 640px\" \/><\/div><\/div><div target=\"\"class=\"mpc-carousel__item-wrapper\" data-height=\"467\"><div onclick=\"\" class=\"mpc-item mpc-transition\"><div class=\"mpc-border\"><\/div><img loading=\"lazy\" decoding=\"async\" width=\"640\" height=\"467\" src=\"https:\/\/www.innovaseguros.cr\/wp-content\/uploads\/2021\/08\/Plantilla-Foto-Corredores-04-1-1024x747.jpg\" class=\"mpc-transition attachment-large\" alt=\"\" srcset=\"https:\/\/www.innovaseguros.cr\/wp-content\/uploads\/2021\/08\/Plantilla-Foto-Corredores-04-1-1024x747.jpg 1024w, https:\/\/www.innovaseguros.cr\/wp-content\/uploads\/2021\/08\/Plantilla-Foto-Corredores-04-1-300x219.jpg 300w, https:\/\/www.innovaseguros.cr\/wp-content\/uploads\/2021\/08\/Plantilla-Foto-Corredores-04-1-768x560.jpg 768w, https:\/\/www.innovaseguros.cr\/wp-content\/uploads\/2021\/08\/Plantilla-Foto-Corredores-04-1-1536x1121.jpg 1536w, https:\/\/www.innovaseguros.cr\/wp-content\/uploads\/2021\/08\/Plantilla-Foto-Corredores-04-1-2048x1494.jpg 2048w, https:\/\/www.innovaseguros.cr\/wp-content\/uploads\/2021\/08\/Plantilla-Foto-Corredores-04-1-500x365.jpg 500w\" sizes=\"auto, (max-width: 640px) 100vw, 640px\" \/><\/div><\/div><\/div><div class=\"mpc-navigation mpc-init mpc-align--left mpc-navigation--style_1  mpc-nav-preset--\" data-mpcslider=\"mpc_carousel_image-3069e067b2db3bc\"><div class=\"mpc-nav__arrow mpcslick-prev\"><div class=\"mpc-nav__icon mpc-transition\"><i class=\"\"><div class=\"mpc-nav__background mpc-transition mpc-effect-type--fade mpc-effect-side--in\"><\/div><\/i><\/div><\/div><div class=\"mpc-nav__arrow mpcslick-next\"><div class=\"mpc-nav__icon mpc-transition\"><i class=\"\"><div class=\"mpc-nav__background mpc-transition mpc-effect-type--fade mpc-effect-side--in\"><\/div><\/i><\/div><\/div><\/div><\/div>[\/vc_column_inner][vc_column_inner width=&#8221;1\/2&#8243;][vc_cta h2=&#8221;Corredores Alejandra Espinoza \/ Juan Ram\u00f3n Delgado&#8221;]Tel\u00e9fono: 2446-6671<\/p>\n<p>Direcci\u00f3n: Diagonal al BCR de Atenas, a la par de pinturas el pueblo.[\/vc_cta][vc_gmaps link=&#8221;#E-8_JTNDaWZyYW1lJTIwc3JjJTNEJTIyaHR0cHMlM0ElMkYlMkZ3d3cuZ29vZ2xlLmNvbSUyRm1hcHMlMkZlbWJlZCUzRnBiJTNEJTIxMW0xOCUyMTFtMTIlMjExbTMlMjExZDEyNTc2NS40MjI5Nzg5ODU1MiUyMTJkLTg0LjI5NjU1Njk3NDUyNjcxJTIxM2Q5LjkxOTg0MDEzNTMyODMyNSUyMTJtMyUyMTFmMCUyMTJmMCUyMTNmMCUyMTNtMiUyMTFpMTAyNCUyMTJpNzY4JTIxNGYxMy4xJTIxM20zJTIxMW0yJTIxMXMweDAlMjUzQTB4MzkzMWRjZDBiZjU5OTJiJTIxMnNJbm5vdmElMjUyMENvcnJlZG9yYSUyNTIwZGUlMjUyMFNlZ3Vyb3MlMjUyMEF0ZW5hcyUyMTVlMCUyMTNtMiUyMTFzZXMlMjEyc2NyJTIxNHYxNjMxMjQwMDQ1NDY1JTIxNW0yJTIxMXNlcyUyMTJzY3IlMjIlMjB3aWR0aCUzRCUyMjYwMCUyMiUyMGhlaWdodCUzRCUyMjQ1MCUyMiUyMHN0eWxlJTNEJTIyYm9yZGVyJTNBMCUzQiUyMiUyMGFsbG93ZnVsbHNjcmVlbiUzRCUyMiUyMiUyMGxvYWRpbmclM0QlMjJsYXp5JTIyJTNFJTNDJTJGaWZyYW1lJTNF&#8221; css_animation=&#8221;none&#8221;][\/vc_column_inner][\/vc_row_inner][vc_empty_space][\/vc_column][\/vc_row][vc_section][vc_row][vc_column][vc_single_image image=&#8221;32857&#8243; img_size=&#8221;large&#8221; alignment=&#8221;center&#8221;][\/vc_column][\/vc_row][\/vc_section][vc_section][\/vc_section]<\/p>\n","protected":false},"excerpt":{"rendered":"<p>[vc_row][vc_column][vc_custom_heading text=&#8221;Sede Atenas&#8221; font_container=&#8221;tag:h1|font_size:36|text_align:center&#8221; google_fonts=&#8221;font_family:Lato%3A100%2C100italic%2C300%2C300italic%2Cregular%2Citalic%2C700%2C700italic%2C900%2C900italic|font_style:700%20bold%20regular%3A700%3Anormal&#8221;][vc_empty_space][vc_column_text] \u00a1Adquiera su seguro ya! [\/vc_column_text][vc_empty_space][vc_row_inner][vc_column_inner width=&#8221;1\/2&#8243;][\/vc_column_inner][vc_column_inner width=&#8221;1\/2&#8243;][vc_cta h2=&#8221;Corredores Alejandra Espinoza \/ Juan Ram\u00f3n Delgado&#8221;]Tel\u00e9fono: 2446-6671 Direcci\u00f3n: Diagonal al BCR de Atenas, a la par de pinturas el pueblo.[\/vc_cta][vc_gmaps link=&#8221;#E-8_JTNDaWZyYW1lJTIwc3JjJTNEJTIyaHR0cHMlM0ElMkYlMkZ3d3cuZ29vZ2xlLmNvbSUyRm1hcHMlMkZlbWJlZCUzRnBiJTNEJTIxMW0xOCUyMTFtMTIlMjExbTMlMjExZDEyNTc2NS40MjI5Nzg5ODU1MiUyMTJkLTg0LjI5NjU1Njk3NDUyNjcxJTIxM2Q5LjkxOTg0MDEzNTMyODMyNSUyMTJtMyUyMTFmMCUyMTJmMCUyMTNmMCUyMTNtMiUyMTFpMTAyNCUyMTJpNzY4JTIxNGYxMy4xJTIxM20zJTIxMW0yJTIxMXMweDAlMjUzQTB4MzkzMWRjZDBiZjU5OTJiJTIxMnNJbm5vdmElMjUyMENvcnJlZG9yYSUyNTIwZGUlMjUyMFNlZ3Vyb3MlMjUyMEF0ZW5hcyUyMTVlMCUyMTNtMiUyMTFzZXMlMjEyc2NyJTIxNHYxNjMxMjQwMDQ1NDY1JTIxNW0yJTIxMXNlcyUyMTJzY3IlMjIlMjB3aWR0aCUzRCUyMjYwMCUyMiUyMGhlaWdodCUzRCUyMjQ1MCUyMiUyMHN0eWxlJTNEJTIyYm9yZGVyJTNBMCUzQiUyMiUyMGFsbG93ZnVsbHNjcmVlbiUzRCUyMiUyMiUyMGxvYWRpbmclM0QlMjJsYXp5JTIyJTNFJTNDJTJGaWZyYW1lJTNF&#8221; css_animation=&#8221;none&#8221;][\/vc_column_inner][\/vc_row_inner][vc_empty_space][\/vc_column][\/vc_row][vc_section][vc_row][vc_column][vc_single_image image=&#8221;32857&#8243; img_size=&#8221;large&#8221; alignment=&#8221;center&#8221;][\/vc_column][\/vc_row][\/vc_section][vc_section][\/vc_section]<\/p>\n","protected":false},"author":1,"featured_media":0,"parent":0,"menu_order":0,"comment_status":"closed","ping_status":"closed","template":"","meta":{"footnotes":""},"class_list":["post-32108","page","type-page","status-publish","hentry"],"featured_image_urls_v2":{"full":"","thumbnail":"","medium":"","medium_large":"","large":"","1536x1536":"","2048x2048":"","the_grid_size1":"","the_grid_size2":"","the_grid_size3":"","the_grid_size4":"","the_grid_size5":"","mf-theme-category-hrz":"","mf-theme-blog-full":"","mf_image_shop_carousel":"","post-thumbnail":"","woocommerce_thumbnail":"","woocommerce_single":"","woocommerce_gallery_thumbnail":""},"post_excerpt_stackable_v2":"<p>[vc_row][vc_column][vc_custom_heading text=&#8221;Sede Atenas&#8221; font_container=&#8221;tag:h1|font_size:36|text_align:center&#8221; google_fonts=&#8221;font_family:Lato%3A100%2C100italic%2C300%2C300italic%2Cregular%2Citalic%2C700%2C700italic%2C900%2C900italic|font_style:700%20bold%20regular%3A700%3Anormal&#8221;][vc_empty_space][vc_column_text] \u00a1Adquiera su seguro ya! [\/vc_column_text][vc_column_text] Juan Ram\u00f3n Delgado Rodr\u00edguez [\/vc_column_text][vc_column_text] Mar\u00eda Alejandra Espinoza Rodr\u00edguez [\/vc_column_text]Viajero con AsistenciaViajero con AsistenciaSeguro EstudiantilSeguro EstudiantilPermiso de ConducirPermiso de ConducirVida Plus ColonesVida Plus ColonesVida Plus D\u00f3laresVida Plus D\u00f3lares[vc_empty_space][vc_row_inner][vc_column_inner width=&#8221;1\/2&#8243;][\/vc_column_inner][vc_column_inner width=&#8221;1\/2&#8243;][vc_cta h2=&#8221;Corredores Alejandra Espinoza \/ Juan Ram\u00f3n Delgado&#8221;]Tel\u00e9fono: 2446-6671 Direcci\u00f3n: Diagonal al BCR de Atenas, a la par de pinturas el pueblo.[\/vc_cta][vc_gmaps link=&#8221;#E-8_JTNDaWZyYW1lJTIwc3JjJTNEJTIyaHR0cHMlM0ElMkYlMkZ3d3cuZ29vZ2xlLmNvbSUyRm1hcHMlMkZlbWJlZCUzRnBiJTNEJTIxMW0xOCUyMTFtMTIlMjExbTMlMjExZDEyNTc2NS40MjI5Nzg5ODU1MiUyMTJkLTg0LjI5NjU1Njk3NDUyNjcxJTIxM2Q5LjkxOTg0MDEzNTMyODMyNSUyMTJtMyUyMTFmMCUyMTJmMCUyMTNmMCUyMTNtMiUyMTFpMTAyNCUyMTJpNzY4JTIxNGYxMy4xJTIxM20zJTIxMW0yJTIxMXMweDAlMjUzQTB4MzkzMWRjZDBiZjU5OTJiJTIxMnNJbm5vdmElMjUyMENvcnJlZG9yYSUyNTIwZGUlMjUyMFNlZ3Vyb3MlMjUyMEF0ZW5hcyUyMTVlMCUyMTNtMiUyMTFzZXMlMjEyc2NyJTIxNHYxNjMxMjQwMDQ1NDY1JTIxNW0yJTIxMXNlcyUyMTJzY3IlMjIlMjB3aWR0aCUzRCUyMjYwMCUyMiUyMGhlaWdodCUzRCUyMjQ1MCUyMiUyMHN0eWxlJTNEJTIyYm9yZGVyJTNBMCUzQiUyMiUyMGFsbG93ZnVsbHNjcmVlbiUzRCUyMiUyMiUyMGxvYWRpbmclM0QlMjJsYXp5JTIyJTNFJTNDJTJGaWZyYW1lJTNF&#8221; css_animation=&#8221;none&#8221;][\/vc_column_inner][\/vc_row_inner][vc_empty_space][\/vc_column][\/vc_row][vc_section][vc_row][vc_column][vc_single_image image=&#8221;32857&#8243; img_size=&#8221;large&#8221; alignment=&#8221;center&#8221;][\/vc_column][\/vc_row][\/vc_section][vc_section][\/vc_section]<\/p>\n","category_list_v2":"","author_info_v2":{"name":"admin","url":"https:\/\/www.innovaseguros.cr\/?author=1"},"comments_num_v2":"0 comentarios","_links":{"self":[{"href":"https:\/\/www.innovaseguros.cr\/index.php?rest_route=\/wp\/v2\/pages\/32108","targetHints":{"allow":["GET"]}}],"collection":[{"href":"https:\/\/www.innovaseguros.cr\/index.php?rest_route=\/wp\/v2\/pages"}],"about":[{"href":"https:\/\/www.innovaseguros.cr\/index.php?rest_route=\/wp\/v2\/types\/page"}],"author":[{"embeddable":true,"href":"https:\/\/www.innovaseguros.cr\/index.php?rest_route=\/wp\/v2\/users\/1"}],"replies":[{"embeddable":true,"href":"https:\/\/www.innovaseguros.cr\/index.php?rest_route=%2Fwp%2Fv2%2Fcomments&post=32108"}],"version-history":[{"count":30,"href":"https:\/\/www.innovaseguros.cr\/index.php?rest_route=\/wp\/v2\/pages\/32108\/revisions"}],"predecessor-version":[{"id":33149,"href":"https:\/\/www.innovaseguros.cr\/index.php?rest_route=\/wp\/v2\/pages\/32108\/revisions\/33149"}],"wp:attachment":[{"href":"https:\/\/www.innovaseguros.cr\/index.php?rest_route=%2Fwp%2Fv2%2Fmedia&parent=32108"}],"curies":[{"name":"wp","href":"https:\/\/api.w.org\/{rel}","templated":true}]}}