{"id":31946,"date":"2021-08-19T21:48:35","date_gmt":"2021-08-19T21:48:35","guid":{"rendered":"https:\/\/www.innovaseguros.cr\/?page_id=31946"},"modified":"2026-02-25T20:44:29","modified_gmt":"2026-02-25T20:44:29","slug":"oficina-escazu","status":"publish","type":"page","link":"https:\/\/www.innovaseguros.cr\/?page_id=31946","title":{"rendered":"Sede Escaz\u00fa"},"content":{"rendered":"<p>[vc_row][vc_column][vc_custom_heading text=&#8221;Sede Escaz\u00fa&#8221; font_container=&#8221;tag:h1|font_size:36|text_align:center&#8221; google_fonts=&#8221;font_family:Lato%3A100%2C100italic%2C300%2C300italic%2Cregular%2Citalic%2C700%2C700italic%2C900%2C900italic|font_style:700%20bold%20regular%3A700%3Anormal&#8221;][vc_empty_space][vc_column_text]<\/p>\n<h1 style=\"text-align: center;\"><strong>\u00a1Adquiera su seguro ya!<\/strong><\/h1>\n<p>[\/vc_column_text]<div id=\"mpc_grid_anything-669e066aac3fc2\" class=\"mpc-grid-anything mpc-init \"  data-grid-cols=\"2\"><a href=\"https:\/\/cotiza.ins-cr.com\/frmDatosIncluir.aspx?glck=s70%2bAaLc4rw8ckE4M6akuH49omxQvcq0Nka43OVUsi7zWsiuprgK%2fnTYl118RXGk\" target=\"_blank\" title=\"Viajero con Asistencia - Eugenio Vega\"  data-id=\"mpc_button-1669e066aac40db\" class=\"mpc-button mpc-init mpc-transition mpc-typography--mpc_preset_62 \" ><div class=\"mpc-button__content mpc-effect-type--stay mpc-effect-side--right\"><span class=\"mpc-button__title mpc-transition\">Viajero con Asistencia<\/span><i class=\"mpc-button__icon mpc-transition  fa fa-angle-right\"><\/i><\/div><div class=\"mpc-button__background mpc-transition mpc-effect-type--fade mpc-effect-side--in\"><\/div><\/a><a href=\"https:\/\/cotiza.ins-cr.com\/frmDatosIncluir.aspx?glck=Hkn0iNd9XmDJ0QXMpBl9x8UJGkT5bQettxpu6eUFTnqx1F%2bGwZ3K3wPNI2j%2bK49T\" target=\"_blank\" title=\"Seguro Estudiantil - Eugenio Vega\"  data-id=\"mpc_button-269e066aac4185\" class=\"mpc-button mpc-init mpc-transition mpc-typography--mpc_preset_62 \" ><div class=\"mpc-button__content mpc-effect-type--stay mpc-effect-side--right\"><span class=\"mpc-button__title mpc-transition\">Seguro Estudiantil<\/span><i class=\"mpc-button__icon mpc-transition  fa fa-angle-right\"><\/i><\/div><div class=\"mpc-button__background mpc-transition mpc-effect-type--fade mpc-effect-side--in\"><\/div><\/a><a href=\"https:\/\/cotiza.ins-cr.com\/frmDatosIncluir.aspx?glck=s70%2bAaLc4rw8ckE4M6akuISPi63oxbpqUv3599h8AetBABJwLpSp%2fi3uafm68XG9\" target=\"_blank\" title=\"Permiso de Conducir - Eugenio Vega\"  data-id=\"mpc_button-8569e066aac4202\" class=\"mpc-button mpc-init mpc-transition mpc-typography--mpc_preset_62 \" ><div class=\"mpc-button__content mpc-effect-type--stay mpc-effect-side--right\"><span class=\"mpc-button__title mpc-transition\">Permiso de Conducir<\/span><i class=\"mpc-button__icon mpc-transition  fa fa-angle-right\"><\/i><\/div><div class=\"mpc-button__background mpc-transition mpc-effect-type--fade mpc-effect-side--in\"><\/div><\/a><a href=\"https:\/\/cotiza.ins-cr.com\/frmDatosIncluir.aspx?glck=s70%2bAaLc4rw8ckE4M6akuIaI2lgwybXtdGD8whf%2b4hVL%2bWw5%2bNwiCp6mjS1jtUMr\" target=\"_blank\" title=\"Vida Plus Colones - Eugenio Vega\"  data-id=\"mpc_button-1169e066aac4271\" class=\"mpc-button mpc-init mpc-transition mpc-typography--mpc_preset_62 \" ><div class=\"mpc-button__content mpc-effect-type--stay mpc-effect-side--right\"><span class=\"mpc-button__title mpc-transition\">Vida Plus Colones<\/span><i class=\"mpc-button__icon mpc-transition  fa fa-angle-right\"><\/i><\/div><div class=\"mpc-button__background mpc-transition mpc-effect-type--fade mpc-effect-side--in\"><\/div><\/a><a href=\"https:\/\/cotiza.ins-cr.com\/frmDatosIncluir.aspx?glck=s70%2bAaLc4rw8ckE4M6akuDxeT3tqvhWpQGfo0bMZcV%2bbwNncZT8SxeyUOzxfOpIY\" target=\"_blank\" title=\"Vida Plus D\u00f3lares - Eugenio Vega\"  data-id=\"mpc_button-9769e066aac42ff\" class=\"mpc-button mpc-init mpc-transition \" ><div class=\"mpc-button__content mpc-effect-type--stay mpc-effect-side--right\"><span class=\"mpc-button__title mpc-transition\">Vida Plus D\u00f3lares<\/span><i class=\"mpc-button__icon mpc-transition  fa fa-angle-right\"><\/i><\/div><div class=\"mpc-button__background mpc-transition mpc-effect-type--fade mpc-effect-side--in\"><\/div><\/a><\/div>[vc_empty_space][vc_row_inner][vc_column_inner width=&#8221;1\/2&#8243;][vc_single_image image=&#8221;31902&#8243; img_size=&#8221;large&#8221;][\/vc_column_inner][vc_column_inner width=&#8221;1\/2&#8243;][vc_cta h2=&#8221;Corredor Eugenio Vega Acosta&#8221;]Tel\u00e9fono: 4030-0752<\/p>\n<p>Direcci\u00f3n: Escaz\u00fa Centro, Del BNCR 100 ESTE Y 25 SUR, edificio esquinero amarillo con azul, frente a casa pastoral.[\/vc_cta][vc_gmaps link=&#8221;#E-8_JTNDaWZyYW1lJTIwc3JjJTNEJTIyaHR0cHMlM0ElMkYlMkZ3d3cuZ29vZ2xlLmNvbSUyRm1hcHMlMkZlbWJlZCUzRnBiJTNEJTIxMW0xOCUyMTFtMTIlMjExbTMlMjExZDM5MzAuMTc2NjkzNjQ1ODgwNyUyMTJkLTg0LjE0MjMzOTI4NTIwNjQ2JTIxM2Q5LjkxOTIzNzc5MjkwNjU1MiUyMTJtMyUyMTFmMCUyMTJmMCUyMTNmMCUyMTNtMiUyMTFpMTAyNCUyMTJpNzY4JTIxNGYxMy4xJTIxM20zJTIxMW0yJTIxMXMweDAlMjUzQTB4NzBmYWQ4NThjZjM0N2VlZCUyMTJzRXVnZW5pbyUyNTIwVmVnYSUyNTIwQWNvc3RhJTIxNWUwJTIxM20yJTIxMXNlcy00MTklMjEyc2NyJTIxNHYxNjMwNjAxMjQ1ODE5JTIxNW0yJTIxMXNlcy00MTklMjEyc2NyJTIyJTIwd2lkdGglM0QlMjI2MDAlMjIlMjBoZWlnaHQlM0QlMjI0NTAlMjIlMjBzdHlsZSUzRCUyMmJvcmRlciUzQTAlM0IlMjIlMjBhbGxvd2Z1bGxzY3JlZW4lM0QlMjIlMjIlMjBsb2FkaW5nJTNEJTIybGF6eSUyMiUzRSUzQyUyRmlmcmFtZSUzRQ==&#8221;][\/vc_column_inner][\/vc_row_inner][vc_empty_space][\/vc_column][\/vc_row][vc_section][vc_row][vc_column][vc_single_image image=&#8221;33226&#8243; img_size=&#8221;large&#8221; alignment=&#8221;center&#8221;][\/vc_column][vc_column][\/vc_column][\/vc_row][\/vc_section][vc_section][\/vc_section]<\/p>\n","protected":false},"excerpt":{"rendered":"<p>[vc_row][vc_column][vc_custom_heading text=&#8221;Sede Escaz\u00fa&#8221; font_container=&#8221;tag:h1|font_size:36|text_align:center&#8221; google_fonts=&#8221;font_family:Lato%3A100%2C100italic%2C300%2C300italic%2Cregular%2Citalic%2C700%2C700italic%2C900%2C900italic|font_style:700%20bold%20regular%3A700%3Anormal&#8221;][vc_empty_space][vc_column_text] \u00a1Adquiera su seguro ya! [\/vc_column_text][vc_empty_space][vc_row_inner][vc_column_inner width=&#8221;1\/2&#8243;][vc_single_image image=&#8221;31902&#8243; img_size=&#8221;large&#8221;][\/vc_column_inner][vc_column_inner width=&#8221;1\/2&#8243;][vc_cta h2=&#8221;Corredor Eugenio Vega Acosta&#8221;]Tel\u00e9fono: 4030-0752 Direcci\u00f3n: Escaz\u00fa Centro, Del BNCR 100 ESTE Y 25 SUR, edificio esquinero amarillo con azul, frente a casa pastoral.[\/vc_cta][vc_gmaps link=&#8221;#E-8_JTNDaWZyYW1lJTIwc3JjJTNEJTIyaHR0cHMlM0ElMkYlMkZ3d3cuZ29vZ2xlLmNvbSUyRm1hcHMlMkZlbWJlZCUzRnBiJTNEJTIxMW0xOCUyMTFtMTIlMjExbTMlMjExZDM5MzAuMTc2NjkzNjQ1ODgwNyUyMTJkLTg0LjE0MjMzOTI4NTIwNjQ2JTIxM2Q5LjkxOTIzNzc5MjkwNjU1MiUyMTJtMyUyMTFmMCUyMTJmMCUyMTNmMCUyMTNtMiUyMTFpMTAyNCUyMTJpNzY4JTIxNGYxMy4xJTIxM20zJTIxMW0yJTIxMXMweDAlMjUzQTB4NzBmYWQ4NThjZjM0N2VlZCUyMTJzRXVnZW5pbyUyNTIwVmVnYSUyNTIwQWNvc3RhJTIxNWUwJTIxM20yJTIxMXNlcy00MTklMjEyc2NyJTIxNHYxNjMwNjAxMjQ1ODE5JTIxNW0yJTIxMXNlcy00MTklMjEyc2NyJTIyJTIwd2lkdGglM0QlMjI2MDAlMjIlMjBoZWlnaHQlM0QlMjI0NTAlMjIlMjBzdHlsZSUzRCUyMmJvcmRlciUzQTAlM0IlMjIlMjBhbGxvd2Z1bGxzY3JlZW4lM0QlMjIlMjIlMjBsb2FkaW5nJTNEJTIybGF6eSUyMiUzRSUzQyUyRmlmcmFtZSUzRQ==&#8221;][\/vc_column_inner][\/vc_row_inner][vc_empty_space][\/vc_column][\/vc_row][vc_section][vc_row][vc_column][vc_single_image image=&#8221;33226&#8243; img_size=&#8221;large&#8221; alignment=&#8221;center&#8221;][\/vc_column][vc_column][\/vc_column][\/vc_row][\/vc_section][vc_section][\/vc_section]<\/p>\n","protected":false},"author":1,"featured_media":0,"parent":0,"menu_order":0,"comment_status":"closed","ping_status":"closed","template":"","meta":{"footnotes":""},"class_list":["post-31946","page","type-page","status-publish","hentry"],"featured_image_urls_v2":{"full":"","thumbnail":"","medium":"","medium_large":"","large":"","1536x1536":"","2048x2048":"","the_grid_size1":"","the_grid_size2":"","the_grid_size3":"","the_grid_size4":"","the_grid_size5":"","mf-theme-category-hrz":"","mf-theme-blog-full":"","mf_image_shop_carousel":"","post-thumbnail":"","woocommerce_thumbnail":"","woocommerce_single":"","woocommerce_gallery_thumbnail":""},"post_excerpt_stackable_v2":"<p>[vc_row][vc_column][vc_custom_heading text=&#8221;Sede Escaz\u00fa&#8221; font_container=&#8221;tag:h1|font_size:36|text_align:center&#8221; google_fonts=&#8221;font_family:Lato%3A100%2C100italic%2C300%2C300italic%2Cregular%2Citalic%2C700%2C700italic%2C900%2C900italic|font_style:700%20bold%20regular%3A700%3Anormal&#8221;][vc_empty_space][vc_column_text] \u00a1Adquiera su seguro ya! [\/vc_column_text]Viajero con AsistenciaSeguro EstudiantilPermiso de ConducirVida Plus ColonesVida Plus D\u00f3lares[vc_empty_space][vc_row_inner][vc_column_inner width=&#8221;1\/2&#8243;][vc_single_image image=&#8221;31902&#8243; img_size=&#8221;large&#8221;][\/vc_column_inner][vc_column_inner width=&#8221;1\/2&#8243;][vc_cta h2=&#8221;Corredor Eugenio Vega Acosta&#8221;]Tel\u00e9fono: 4030-0752 Direcci\u00f3n: Escaz\u00fa Centro, Del BNCR 100 ESTE Y 25 SUR, edificio esquinero amarillo con azul, frente a casa pastoral.[\/vc_cta][vc_gmaps link=&#8221;#E-8_JTNDaWZyYW1lJTIwc3JjJTNEJTIyaHR0cHMlM0ElMkYlMkZ3d3cuZ29vZ2xlLmNvbSUyRm1hcHMlMkZlbWJlZCUzRnBiJTNEJTIxMW0xOCUyMTFtMTIlMjExbTMlMjExZDM5MzAuMTc2NjkzNjQ1ODgwNyUyMTJkLTg0LjE0MjMzOTI4NTIwNjQ2JTIxM2Q5LjkxOTIzNzc5MjkwNjU1MiUyMTJtMyUyMTFmMCUyMTJmMCUyMTNmMCUyMTNtMiUyMTFpMTAyNCUyMTJpNzY4JTIxNGYxMy4xJTIxM20zJTIxMW0yJTIxMXMweDAlMjUzQTB4NzBmYWQ4NThjZjM0N2VlZCUyMTJzRXVnZW5pbyUyNTIwVmVnYSUyNTIwQWNvc3RhJTIxNWUwJTIxM20yJTIxMXNlcy00MTklMjEyc2NyJTIxNHYxNjMwNjAxMjQ1ODE5JTIxNW0yJTIxMXNlcy00MTklMjEyc2NyJTIyJTIwd2lkdGglM0QlMjI2MDAlMjIlMjBoZWlnaHQlM0QlMjI0NTAlMjIlMjBzdHlsZSUzRCUyMmJvcmRlciUzQTAlM0IlMjIlMjBhbGxvd2Z1bGxzY3JlZW4lM0QlMjIlMjIlMjBsb2FkaW5nJTNEJTIybGF6eSUyMiUzRSUzQyUyRmlmcmFtZSUzRQ==&#8221;][\/vc_column_inner][\/vc_row_inner][vc_empty_space][\/vc_column][\/vc_row][vc_section][vc_row][vc_column][vc_single_image image=&#8221;33226&#8243; img_size=&#8221;large&#8221; alignment=&#8221;center&#8221;][\/vc_column][vc_column][\/vc_column][\/vc_row][\/vc_section][vc_section][\/vc_section]<\/p>\n","category_list_v2":"","author_info_v2":{"name":"admin","url":"https:\/\/www.innovaseguros.cr\/?author=1"},"comments_num_v2":"0 comentarios","_links":{"self":[{"href":"https:\/\/www.innovaseguros.cr\/index.php?rest_route=\/wp\/v2\/pages\/31946","targetHints":{"allow":["GET"]}}],"collection":[{"href":"https:\/\/www.innovaseguros.cr\/index.php?rest_route=\/wp\/v2\/pages"}],"about":[{"href":"https:\/\/www.innovaseguros.cr\/index.php?rest_route=\/wp\/v2\/types\/page"}],"author":[{"embeddable":true,"href":"https:\/\/www.innovaseguros.cr\/index.php?rest_route=\/wp\/v2\/users\/1"}],"replies":[{"embeddable":true,"href":"https:\/\/www.innovaseguros.cr\/index.php?rest_route=%2Fwp%2Fv2%2Fcomments&post=31946"}],"version-history":[{"count":22,"href":"https:\/\/www.innovaseguros.cr\/index.php?rest_route=\/wp\/v2\/pages\/31946\/revisions"}],"predecessor-version":[{"id":33227,"href":"https:\/\/www.innovaseguros.cr\/index.php?rest_route=\/wp\/v2\/pages\/31946\/revisions\/33227"}],"wp:attachment":[{"href":"https:\/\/www.innovaseguros.cr\/index.php?rest_route=%2Fwp%2Fv2%2Fmedia&parent=31946"}],"curies":[{"name":"wp","href":"https:\/\/api.w.org\/{rel}","templated":true}]}}